{"id":993,"date":"2023-02-09T11:12:10","date_gmt":"2023-02-09T10:12:10","guid":{"rendered":"http:\/\/lademeuredothe.family\/?page_id=993"},"modified":"2026-03-25T16:27:19","modified_gmt":"2026-03-25T15:27:19","slug":"la-privatisation","status":"publish","type":"page","link":"https:\/\/lademeuredothe.family\/index.php\/laccueil-de-groupe\/la-privatisation\/","title":{"rendered":"La privatisation"},"content":{"rendered":"\n<p>Vous souhaitez organiser un \u00e9v\u00e8nement et utiliser pleinement les am\u00e9nagements et les \u00e9quipements de La Demeure d&rsquo;Othe, nous vous proposons de privatiser La Demeure d&rsquo;Othe ! <\/p>\n\n\n\n<p>C&rsquo;est l&rsquo;assurance que les chambres, la salle de r\u00e9ception ind\u00e9pendante, la piscine, les terrassses, l&rsquo;aire de jeux, le jardin (plus de 3000 m<sup>2<\/sup>) &#8230; tout vous sera alors r\u00e9serv\u00e9 pour la dur\u00e9e de votre s\u00e9jour.<\/p>\n\n\n\n<div class=\"wp-block-columns is-layout-flex wp-container-core-columns-is-layout-9d6595d7 wp-block-columns-is-layout-flex\">\n<div class=\"wp-block-column is-layout-flow wp-block-column-is-layout-flow\">\n<figure class=\"wp-block-image size-large\"><img loading=\"lazy\" decoding=\"async\" width=\"1024\" height=\"658\" src=\"https:\/\/lademeuredothe.family\/wp-content\/uploads\/2023\/10\/IMG_2326_1-1024x658.jpg\" alt=\"\" class=\"wp-image-1928\" srcset=\"https:\/\/lademeuredothe.family\/wp-content\/uploads\/2023\/10\/IMG_2326_1-1024x658.jpg 1024w, https:\/\/lademeuredothe.family\/wp-content\/uploads\/2023\/10\/IMG_2326_1-300x193.jpg 300w, https:\/\/lademeuredothe.family\/wp-content\/uploads\/2023\/10\/IMG_2326_1-768x494.jpg 768w, https:\/\/lademeuredothe.family\/wp-content\/uploads\/2023\/10\/IMG_2326_1-1536x987.jpg 1536w, https:\/\/lademeuredothe.family\/wp-content\/uploads\/2023\/10\/IMG_2326_1-2048x1316.jpg 2048w, https:\/\/lademeuredothe.family\/wp-content\/uploads\/2023\/10\/IMG_2326_1-892x573.jpg 892w\" sizes=\"auto, (max-width: 1024px) 100vw, 1024px\" \/><figcaption class=\"wp-element-caption\">Vue depuis la cour int\u00e9rieure sur la fa\u00e7ade, la terrasse ext\u00e9rieure et notre noisetier<\/figcaption><\/figure>\n<\/div>\n\n\n\n<div class=\"wp-block-column is-layout-flow wp-block-column-is-layout-flow\">\n<figure class=\"wp-block-image size-large\"><img loading=\"lazy\" decoding=\"async\" width=\"1024\" height=\"768\" src=\"https:\/\/lademeuredothe.family\/wp-content\/uploads\/2023\/01\/P1010157-1024x768.jpg\" alt=\"\" class=\"wp-image-915\" srcset=\"https:\/\/lademeuredothe.family\/wp-content\/uploads\/2023\/01\/P1010157-1024x768.jpg 1024w, https:\/\/lademeuredothe.family\/wp-content\/uploads\/2023\/01\/P1010157-300x225.jpg 300w, https:\/\/lademeuredothe.family\/wp-content\/uploads\/2023\/01\/P1010157-768x576.jpg 768w, https:\/\/lademeuredothe.family\/wp-content\/uploads\/2023\/01\/P1010157-1536x1152.jpg 1536w, https:\/\/lademeuredothe.family\/wp-content\/uploads\/2023\/01\/P1010157-2048x1536.jpg 2048w, https:\/\/lademeuredothe.family\/wp-content\/uploads\/2023\/01\/P1010157-892x669.jpg 892w\" sizes=\"auto, (max-width: 1024px) 100vw, 1024px\" \/><figcaption class=\"wp-element-caption\">La salle de r\u00e9sception ind\u00e9pendante<\/figcaption><\/figure>\n<\/div>\n<\/div>\n\n\n\n<div class=\"wp-block-columns is-layout-flex wp-container-core-columns-is-layout-9d6595d7 wp-block-columns-is-layout-flex\">\n<div class=\"wp-block-column is-layout-flow wp-block-column-is-layout-flow\">\n<figure class=\"wp-block-image size-large\"><img loading=\"lazy\" decoding=\"async\" width=\"1024\" height=\"661\" src=\"https:\/\/lademeuredothe.family\/wp-content\/uploads\/2023\/01\/220912-Vue-du-jardin-Portail-forets-et-maison-des-enfants-20220817_204338-1024x661.jpg\" alt=\"\" class=\"wp-image-881\" srcset=\"https:\/\/lademeuredothe.family\/wp-content\/uploads\/2023\/01\/220912-Vue-du-jardin-Portail-forets-et-maison-des-enfants-20220817_204338-1024x661.jpg 1024w, https:\/\/lademeuredothe.family\/wp-content\/uploads\/2023\/01\/220912-Vue-du-jardin-Portail-forets-et-maison-des-enfants-20220817_204338-300x194.jpg 300w, https:\/\/lademeuredothe.family\/wp-content\/uploads\/2023\/01\/220912-Vue-du-jardin-Portail-forets-et-maison-des-enfants-20220817_204338-768x496.jpg 768w, https:\/\/lademeuredothe.family\/wp-content\/uploads\/2023\/01\/220912-Vue-du-jardin-Portail-forets-et-maison-des-enfants-20220817_204338-1536x992.jpg 1536w, https:\/\/lademeuredothe.family\/wp-content\/uploads\/2023\/01\/220912-Vue-du-jardin-Portail-forets-et-maison-des-enfants-20220817_204338-2048x1323.jpg 2048w, https:\/\/lademeuredothe.family\/wp-content\/uploads\/2023\/01\/220912-Vue-du-jardin-Portail-forets-et-maison-des-enfants-20220817_204338-892x576.jpg 892w\" sizes=\"auto, (max-width: 1024px) 100vw, 1024px\" \/><figcaption class=\"wp-element-caption\">Une vue sur le parc et l&rsquo;horizon depuis les chambres<\/figcaption><\/figure>\n<\/div>\n\n\n\n<div class=\"wp-block-column is-layout-flow wp-block-column-is-layout-flow\">\n<figure class=\"wp-block-image size-large\"><img loading=\"lazy\" decoding=\"async\" width=\"1024\" height=\"768\" src=\"https:\/\/lademeuredothe.family\/wp-content\/uploads\/2024\/05\/240502-1er-mai-Baignade-Ginette-et-Eva-1-1-1024x768.jpg\" alt=\"\" class=\"wp-image-2475\" srcset=\"https:\/\/lademeuredothe.family\/wp-content\/uploads\/2024\/05\/240502-1er-mai-Baignade-Ginette-et-Eva-1-1-1024x768.jpg 1024w, https:\/\/lademeuredothe.family\/wp-content\/uploads\/2024\/05\/240502-1er-mai-Baignade-Ginette-et-Eva-1-1-300x225.jpg 300w, https:\/\/lademeuredothe.family\/wp-content\/uploads\/2024\/05\/240502-1er-mai-Baignade-Ginette-et-Eva-1-1-768x576.jpg 768w, https:\/\/lademeuredothe.family\/wp-content\/uploads\/2024\/05\/240502-1er-mai-Baignade-Ginette-et-Eva-1-1-1536x1152.jpg 1536w, https:\/\/lademeuredothe.family\/wp-content\/uploads\/2024\/05\/240502-1er-mai-Baignade-Ginette-et-Eva-1-1-892x669.jpg 892w, https:\/\/lademeuredothe.family\/wp-content\/uploads\/2024\/05\/240502-1er-mai-Baignade-Ginette-et-Eva-1-1.jpg 1600w\" sizes=\"auto, (max-width: 1024px) 100vw, 1024px\" \/><figcaption class=\"wp-element-caption\">La piscine (ouverture de fin avril \u00e0 fin septembre)<\/figcaption><\/figure>\n<\/div>\n<\/div>\n\n\n\n<p><\/p>\n\n\n\n<p>Pour en savoir plus d\u00e9couvrez notre <a href=\"https:\/\/lademeuredothe.family\/index.php\/pour-vos-evenements\/la-salle-de-reception\/\">salle de r\u00e9ception<\/a> et nos <a href=\"https:\/\/lademeuredothe.family\/index.php\/pour-vos-evenements\/pourquoi-louer-notre-salle-de-reception\/\" data-type=\"page\" data-id=\"938\" target=\"_blank\" rel=\"noreferrer noopener\">offres<\/a>.<\/p>\n\n\n\n<p>De plus, avec nos partenaires nous pourrons vous proposer de d\u00e9corer la salle, d&rsquo;organiser votre, vos repas pour votre \u00e9v\u00e8nement ou par exemple mettre \u00e0 disposition une tireuse \u00e0 bi\u00e8re avec des bi\u00e8res locales.<\/p>\n\n\n\n<p>N&rsquo;h\u00e9sitez pas, prenez <a href=\"https:\/\/lademeuredothe.family\/index.php\/contact\/nous-contacter\/\" data-type=\"URL\" data-id=\"https:\/\/lademeuredothe.family\/index.php\/contact\/nous-contacter\/\">contact <\/a>pour affiner notre r\u00e9ponse \u00e0 vos attentes<\/p>\n","protected":false},"excerpt":{"rendered":"<p>Vous souhaitez organiser un \u00e9v\u00e8nement et utiliser pleinement les am\u00e9nagements et les \u00e9quipements de La Demeure d&rsquo;Othe, nous vous proposons de privatiser La Demeure d&rsquo;Othe ! C&rsquo;est l&rsquo;assurance que les chambres, la salle de r\u00e9ception ind\u00e9pendante, la piscine, les terrassses, l&rsquo;aire de jeux, le jardin (plus de 3000 m2) &#8230; tout vous sera alors r\u00e9serv\u00e9 [&hellip;]<\/p>\n","protected":false},"author":1,"featured_media":2305,"parent":903,"menu_order":4,"comment_status":"closed","ping_status":"closed","template":"","meta":{"footnotes":""},"class_list":["post-993","page","type-page","status-publish","has-post-thumbnail","hentry"],"_links":{"self":[{"href":"https:\/\/lademeuredothe.family\/index.php\/wp-json\/wp\/v2\/pages\/993","targetHints":{"allow":["GET"]}}],"collection":[{"href":"https:\/\/lademeuredothe.family\/index.php\/wp-json\/wp\/v2\/pages"}],"about":[{"href":"https:\/\/lademeuredothe.family\/index.php\/wp-json\/wp\/v2\/types\/page"}],"author":[{"embeddable":true,"href":"https:\/\/lademeuredothe.family\/index.php\/wp-json\/wp\/v2\/users\/1"}],"replies":[{"embeddable":true,"href":"https:\/\/lademeuredothe.family\/index.php\/wp-json\/wp\/v2\/comments?post=993"}],"version-history":[{"count":15,"href":"https:\/\/lademeuredothe.family\/index.php\/wp-json\/wp\/v2\/pages\/993\/revisions"}],"predecessor-version":[{"id":3003,"href":"https:\/\/lademeuredothe.family\/index.php\/wp-json\/wp\/v2\/pages\/993\/revisions\/3003"}],"up":[{"embeddable":true,"href":"https:\/\/lademeuredothe.family\/index.php\/wp-json\/wp\/v2\/pages\/903"}],"wp:featuredmedia":[{"embeddable":true,"href":"https:\/\/lademeuredothe.family\/index.php\/wp-json\/wp\/v2\/media\/2305"}],"wp:attachment":[{"href":"https:\/\/lademeuredothe.family\/index.php\/wp-json\/wp\/v2\/media?parent=993"}],"curies":[{"name":"wp","href":"https:\/\/api.w.org\/{rel}","templated":true}]}}