{"id":938,"date":"2023-01-27T16:21:41","date_gmt":"2023-01-27T15:21:41","guid":{"rendered":"http:\/\/lademeuredothe.family\/?page_id=938"},"modified":"2026-03-25T12:12:21","modified_gmt":"2026-03-25T11:12:21","slug":"pourquoi-louer-notre-salle-de-reception","status":"publish","type":"page","link":"https:\/\/lademeuredothe.family\/index.php\/pour-vos-evenements\/pourquoi-louer-notre-salle-de-reception\/","title":{"rendered":"R\u00e9server notre salle pour votre \u00e9v\u00e8nement familial"},"content":{"rendered":"\n<p>Pour r\u00e9server votre \u00e9v\u00e8nement \u00e0 La Demeure d&rsquo;Othe n&rsquo;h\u00e9sitez pas \u00e0 <a href=\"https:\/\/lademeuredothe.family\/index.php\/contact\/nous-contacter\/\">nous contacter<\/a>. Nous d\u00e9finirons ensemble vos objectifs et vos besoins et \u00e9tabliront alors un devis.<\/p>\n\n\n\n<p>Comme nous l\u2019avons nous-m\u00eames r\u00e9nov\u00e9e, <a href=\"https:\/\/lademeuredothe.family\/index.php\/pour-vos-evenements\/la-salle-de-reception\/\">la salle de r\u00e9ception<\/a> de La Demeure d\u2019Othe vous permet\u00a0 d\u2019organiser des \u00e9v\u00e8nements festifs pour jusqu\u2019\u00e0 40 personnes \u00e0 diff\u00e9rentes occasions :<\/p>\n\n\n\n<ul class=\"wp-block-list\">\n<li>Pour la F\u00eate des m\u00e8res, la F\u00eate des p\u00e8res, un anniversaire, un bapt\u00eame, un EVJF, se retrouver quelques ann\u00e9es apr\u00e8s\u2026<\/li>\n\n\n\n<li>autour d\u2019Halloween, de P\u00e2ques (chasse aux \u0153ufs),<\/li>\n\n\n\n<li>autour d\u2019\u00e9v\u00e8nements locaux \u00e0 Auxerre, Ch\u00e2blis, Tonnerre, Troyes, Sens\u2026<\/li>\n<\/ul>\n\n\n\n<p>Vous y trouverez :<\/p>\n\n\n\n<ul class=\"wp-block-list\">\n<li>Un espace au vert, \u00e0 la campagne,<\/li>\n\n\n\n<li>Une demeure faite pour les familles (piscine, aire de jeux, grand jardin \u2026),<\/li>\n\n\n\n<li>Un lieu de f\u00eates dans une ambiance familiale, chaleureuse,<\/li>\n\n\n\n<li>Une capacit\u00e9 de couchage sur place (14 couchages en 5 chambres) et la mise en relation avec d\u2019autres chambres d\u2019h\u00f4tes \u00e0 proximit\u00e9 au besoin<\/li>\n\n\n\n<li>L\u2019assurance de profiter de La Demeure d\u2019Othe pour vous seuls.<\/li>\n<\/ul>\n\n\n\n<p>De plus vous b\u00e9n\u00e9ficierez de l\u2019ensemble des am\u00e9nagements ext\u00e9rieurs de La Demeure d\u2019Othe (piscine, jeux pour enfants, \u2026).<\/p>\n\n\n\n<p>Vous pouvez r\u00e9server <strong><a href=\"https:\/\/lademeuredothe.family\/index.php\/pour-vos-evenements\/la-salle-de-reception\/\" data-type=\"page\" data-id=\"1273\" target=\"_blank\" rel=\"noreferrer noopener\">la salle <\/a>et <a href=\"https:\/\/lademeuredothe.family\/index.php\/les-chambres-dhotes-2\/les-chambres-dhotes\/\" data-type=\"page\" data-id=\"838\" target=\"_blank\" rel=\"noreferrer noopener\">les chambres<\/a><\/strong> (au nombre de 5) en semaine (du lundi soir au jeudi soir) ou pour le week end (vendredi soir \u2013 samedi soir) et les jours f\u00e9ri\u00e9s.<\/p>\n\n\n\n<p>Est compris dans cette r\u00e9servation :<\/p>\n\n\n\n<ul class=\"wp-block-list\">\n<li>La salle elle-m\u00eame <\/li>\n\n\n\n<li><a href=\"https:\/\/lademeuredothe.family\/index.php\/le-petit-dejeuner\/\" data-type=\"page\" data-id=\"1792\" target=\"_blank\" rel=\"noreferrer noopener\">Le petit d\u00e9jeuner<\/a> et les services compris dans les <a href=\"https:\/\/lademeuredothe.family\/index.php\/les-chambres-dhotes-2\/les-chambres-dhotes\/\" data-type=\"page\" data-id=\"838\" target=\"_blank\" rel=\"noreferrer noopener\">chambres<\/a><\/li>\n\n\n\n<li>La pr\u00e9paration et la mise en place des tables, des chaises en fonction de vos besoins.<\/li>\n\n\n\n<li><a href=\"https:\/\/lademeuredothe.family\/index.php\/les-amenagements-exterieurs\/\" data-type=\"page\" data-id=\"789\" target=\"_blank\" rel=\"noreferrer noopener\">Un acc\u00e8s aux am\u00e9nagements ext\u00e9rieurs<\/a> : piscine (en p\u00e9riode d\u2019ouverture piscine) de la Demeure d\u2019Othe, terrasses ext\u00e9rieures, jardin, &#8230;<\/li>\n\n\n\n<li>Un acc\u00e8s gratuit au Wi-fi 6 de La Demeure d&rsquo;Othe<\/li>\n\n\n\n<li>La possibilit\u00e9 de vous mettre en relation avec d\u2019autres chambres d\u2019h\u00f4tes dans le cas o\u00f9 la capacit\u00e9 de couchage de La Demeure d\u2019Othe ne soit pas suffisante.<\/li>\n\n\n\n<li>La possibilit\u00e9 de vous mettre en relation avec des traiteurs et ou restaurateurs locaux.<\/li>\n<\/ul>\n\n\n\n<p>Nous vous proposons en option&nbsp;(<a href=\"https:\/\/lademeuredothe.family\/index.php\/contact\/nous-contacter\/\" data-type=\"page\" data-id=\"1176\" target=\"_blank\" rel=\"noreferrer noopener\">merci de nous contacter si besoin<\/a>) : <\/p>\n\n\n\n<ul class=\"wp-block-list\">\n<li>La mise \u00e0 disposition d\u2019un R\u00e9tro-projecteur,<\/li>\n\n\n\n<li>La mise \u00e0 disposition d\u2019une barre son,<\/li>\n\n\n\n<li>Un accueil de d\u00e9but de matin\u00e9e (caf\u00e9, th\u00e9, jus de fruits, viennoiserie, g\u00e2teaux),<\/li>\n\n\n\n<li>Une pause-caf\u00e9 (caf\u00e9, th\u00e9, jus de fruit, petits g\u00e2teaux),<\/li>\n\n\n\n<li>La vaisselle (assiettes, assiettes dessert, couverts, verres),<\/li>\n\n\n\n<li>Barbecue (avec charbon de bois).<\/li>\n<\/ul>\n","protected":false},"excerpt":{"rendered":"<p>Pour r\u00e9server votre \u00e9v\u00e8nement \u00e0 La Demeure d&rsquo;Othe n&rsquo;h\u00e9sitez pas \u00e0 nous contacter. Nous d\u00e9finirons ensemble vos objectifs et vos besoins et \u00e9tabliront alors un devis. Comme nous l\u2019avons nous-m\u00eames r\u00e9nov\u00e9e, la salle de r\u00e9ception de La Demeure d\u2019Othe vous permet\u00a0 d\u2019organiser des \u00e9v\u00e8nements festifs pour jusqu\u2019\u00e0 40 personnes \u00e0 diff\u00e9rentes occasions : Vous y [&hellip;]<\/p>\n","protected":false},"author":1,"featured_media":0,"parent":905,"menu_order":3,"comment_status":"closed","ping_status":"closed","template":"","meta":{"footnotes":""},"class_list":["post-938","page","type-page","status-publish","hentry"],"_links":{"self":[{"href":"https:\/\/lademeuredothe.family\/index.php\/wp-json\/wp\/v2\/pages\/938","targetHints":{"allow":["GET"]}}],"collection":[{"href":"https:\/\/lademeuredothe.family\/index.php\/wp-json\/wp\/v2\/pages"}],"about":[{"href":"https:\/\/lademeuredothe.family\/index.php\/wp-json\/wp\/v2\/types\/page"}],"author":[{"embeddable":true,"href":"https:\/\/lademeuredothe.family\/index.php\/wp-json\/wp\/v2\/users\/1"}],"replies":[{"embeddable":true,"href":"https:\/\/lademeuredothe.family\/index.php\/wp-json\/wp\/v2\/comments?post=938"}],"version-history":[{"count":33,"href":"https:\/\/lademeuredothe.family\/index.php\/wp-json\/wp\/v2\/pages\/938\/revisions"}],"predecessor-version":[{"id":2998,"href":"https:\/\/lademeuredothe.family\/index.php\/wp-json\/wp\/v2\/pages\/938\/revisions\/2998"}],"up":[{"embeddable":true,"href":"https:\/\/lademeuredothe.family\/index.php\/wp-json\/wp\/v2\/pages\/905"}],"wp:attachment":[{"href":"https:\/\/lademeuredothe.family\/index.php\/wp-json\/wp\/v2\/media?parent=938"}],"curies":[{"name":"wp","href":"https:\/\/api.w.org\/{rel}","templated":true}]}}