{"id":934,"date":"2023-01-27T16:20:05","date_gmt":"2023-01-27T15:20:05","guid":{"rendered":"http:\/\/lademeuredothe.family\/?page_id=934"},"modified":"2025-03-12T18:26:16","modified_gmt":"2025-03-12T17:26:16","slug":"lhistoire-recente-de-la-salle-de-reception","status":"publish","type":"page","link":"https:\/\/lademeuredothe.family\/index.php\/pour-vos-evenements\/lhistoire-recente-de-la-salle-de-reception\/","title":{"rendered":"L&rsquo;histoire r\u00e9cente de la salle de r\u00e9ception"},"content":{"rendered":"\n<p>Christine &amp; Patrick ont acquis La Demeure d\u2019Othe en 2018. <\/p>\n\n\n\n<p>De 2018 \u00e0 2023 nous y avons organis\u00e9 de nombreuses f\u00eates de famille : les 85 ans de Mamitou, le bapt\u00eame de nos petits enfants, le d\u00e9part en retraite de Pascal, les 35 ans de mariage de Catherine et Georges, les anniversaires de nombreuses personnes, &#8230;<\/p>\n\n\n\n<p>Mais nous avons aussi organis\u00e9 quelques \u00e9v\u00e8nements d&rsquo;entreprise : Team Building pour les 10 salari\u00e9s d&rsquo;une pharmacie, une r\u00e9union commerciale avec barbecue et s\u00e9jour d&rsquo;une nuit &#8230;<\/p>\n\n\n\n<p>En fait cette salle de 70 m\u00e8tres carr\u00e9s ind\u00e9pendante de la maison elle-m\u00eame permet aujourd&rsquo;hui d&rsquo;organiser un d\u00eener pour jusqu&rsquo;\u00e0 30 personnes sur de grandes tables (en \u00e9pi, en carr\u00e9, en U), de dresser un buffet, de danser une grande partie de la nuit.<\/p>\n\n\n\n<p>Ci-dessous quelques photos de mises en place de tables r\u00e9alis\u00e9es entre 2018 et 2024 avant r\u00e9novation.<\/p>\n\n\n\n<div class=\"wp-block-columns is-layout-flex wp-container-core-columns-is-layout-9d6595d7 wp-block-columns-is-layout-flex\">\n<div class=\"wp-block-column is-layout-flow wp-block-column-is-layout-flow\">\n<figure class=\"wp-block-image size-large\"><img loading=\"lazy\" decoding=\"async\" width=\"1024\" height=\"768\" src=\"https:\/\/lademeuredothe.family\/wp-content\/uploads\/2025\/01\/IMG_2885-1024x768.jpg\" alt=\"\" class=\"wp-image-2597\" srcset=\"https:\/\/lademeuredothe.family\/wp-content\/uploads\/2025\/01\/IMG_2885-1024x768.jpg 1024w, https:\/\/lademeuredothe.family\/wp-content\/uploads\/2025\/01\/IMG_2885-300x225.jpg 300w, https:\/\/lademeuredothe.family\/wp-content\/uploads\/2025\/01\/IMG_2885-768x576.jpg 768w, https:\/\/lademeuredothe.family\/wp-content\/uploads\/2025\/01\/IMG_2885-1536x1152.jpg 1536w, https:\/\/lademeuredothe.family\/wp-content\/uploads\/2025\/01\/IMG_2885-2048x1536.jpg 2048w, https:\/\/lademeuredothe.family\/wp-content\/uploads\/2025\/01\/IMG_2885-892x669.jpg 892w\" sizes=\"auto, (max-width: 1024px) 100vw, 1024px\" \/><figcaption class=\"wp-element-caption\">5 tables en U pour 28 convives<\/figcaption><\/figure>\n<\/div>\n\n\n\n<div class=\"wp-block-column is-layout-flow wp-block-column-is-layout-flow\">\n<figure class=\"wp-block-image size-large\"><img loading=\"lazy\" decoding=\"async\" width=\"1024\" height=\"768\" src=\"https:\/\/lademeuredothe.family\/wp-content\/uploads\/2025\/01\/250128-PS-Deco-Georges-Catherine-1024x768.png\" alt=\"\" class=\"wp-image-2596\" srcset=\"https:\/\/lademeuredothe.family\/wp-content\/uploads\/2025\/01\/250128-PS-Deco-Georges-Catherine-1024x768.png 1024w, https:\/\/lademeuredothe.family\/wp-content\/uploads\/2025\/01\/250128-PS-Deco-Georges-Catherine-300x225.png 300w, https:\/\/lademeuredothe.family\/wp-content\/uploads\/2025\/01\/250128-PS-Deco-Georges-Catherine-768x576.png 768w, https:\/\/lademeuredothe.family\/wp-content\/uploads\/2025\/01\/250128-PS-Deco-Georges-Catherine-1536x1152.png 1536w, https:\/\/lademeuredothe.family\/wp-content\/uploads\/2025\/01\/250128-PS-Deco-Georges-Catherine-2048x1536.png 2048w, https:\/\/lademeuredothe.family\/wp-content\/uploads\/2025\/01\/250128-PS-Deco-Georges-Catherine-892x669.png 892w\" sizes=\"auto, (max-width: 1024px) 100vw, 1024px\" \/><figcaption class=\"wp-element-caption\">5 tables en U pour 25 convives<\/figcaption><\/figure>\n<\/div>\n<\/div>\n\n\n\n<div class=\"wp-block-columns is-layout-flex wp-container-core-columns-is-layout-9d6595d7 wp-block-columns-is-layout-flex\">\n<div class=\"wp-block-column is-layout-flow wp-block-column-is-layout-flow\">\n<figure class=\"wp-block-image size-large\"><img loading=\"lazy\" decoding=\"async\" width=\"821\" height=\"1024\" src=\"https:\/\/lademeuredothe.family\/wp-content\/uploads\/2025\/01\/220912-Interieur-Grande-Salle-Tables-adultes-enfants-et-volume-libre-MG_20190614_152849-scaled-e1738079895223-821x1024.jpg\" alt=\"\" class=\"wp-image-2600\" srcset=\"https:\/\/lademeuredothe.family\/wp-content\/uploads\/2025\/01\/220912-Interieur-Grande-Salle-Tables-adultes-enfants-et-volume-libre-MG_20190614_152849-scaled-e1738079895223-821x1024.jpg 821w, https:\/\/lademeuredothe.family\/wp-content\/uploads\/2025\/01\/220912-Interieur-Grande-Salle-Tables-adultes-enfants-et-volume-libre-MG_20190614_152849-scaled-e1738079895223-241x300.jpg 241w, https:\/\/lademeuredothe.family\/wp-content\/uploads\/2025\/01\/220912-Interieur-Grande-Salle-Tables-adultes-enfants-et-volume-libre-MG_20190614_152849-scaled-e1738079895223-768x958.jpg 768w, https:\/\/lademeuredothe.family\/wp-content\/uploads\/2025\/01\/220912-Interieur-Grande-Salle-Tables-adultes-enfants-et-volume-libre-MG_20190614_152849-scaled-e1738079895223-1232x1536.jpg 1232w, https:\/\/lademeuredothe.family\/wp-content\/uploads\/2025\/01\/220912-Interieur-Grande-Salle-Tables-adultes-enfants-et-volume-libre-MG_20190614_152849-scaled-e1738079895223-1642x2048.jpg 1642w, https:\/\/lademeuredothe.family\/wp-content\/uploads\/2025\/01\/220912-Interieur-Grande-Salle-Tables-adultes-enfants-et-volume-libre-MG_20190614_152849-scaled-e1738079895223-892x1113.jpg 892w, https:\/\/lademeuredothe.family\/wp-content\/uploads\/2025\/01\/220912-Interieur-Grande-Salle-Tables-adultes-enfants-et-volume-libre-MG_20190614_152849-scaled-e1738079895223.jpg 1796w\" sizes=\"auto, (max-width: 821px) 100vw, 821px\" \/><figcaption class=\"wp-element-caption\">Table en carr\u00e9 avec 17 adultes et table pour 5 enfants<\/figcaption><\/figure>\n<\/div>\n\n\n\n<div class=\"wp-block-column is-layout-flow wp-block-column-is-layout-flow\">\n<figure class=\"wp-block-image size-large\"><img loading=\"lazy\" decoding=\"async\" width=\"1024\" height=\"768\" src=\"https:\/\/lademeuredothe.family\/wp-content\/uploads\/2025\/01\/220912-Interier-grande-salle-avec-tables-16-places-IMG20210918113747-1024x768.jpg\" alt=\"\" class=\"wp-image-2598\" srcset=\"https:\/\/lademeuredothe.family\/wp-content\/uploads\/2025\/01\/220912-Interier-grande-salle-avec-tables-16-places-IMG20210918113747-1024x768.jpg 1024w, https:\/\/lademeuredothe.family\/wp-content\/uploads\/2025\/01\/220912-Interier-grande-salle-avec-tables-16-places-IMG20210918113747-300x225.jpg 300w, https:\/\/lademeuredothe.family\/wp-content\/uploads\/2025\/01\/220912-Interier-grande-salle-avec-tables-16-places-IMG20210918113747-768x576.jpg 768w, https:\/\/lademeuredothe.family\/wp-content\/uploads\/2025\/01\/220912-Interier-grande-salle-avec-tables-16-places-IMG20210918113747-1536x1152.jpg 1536w, https:\/\/lademeuredothe.family\/wp-content\/uploads\/2025\/01\/220912-Interier-grande-salle-avec-tables-16-places-IMG20210918113747-2048x1536.jpg 2048w, https:\/\/lademeuredothe.family\/wp-content\/uploads\/2025\/01\/220912-Interier-grande-salle-avec-tables-16-places-IMG20210918113747-892x669.jpg 892w\" sizes=\"auto, (max-width: 1024px) 100vw, 1024px\" \/><figcaption class=\"wp-element-caption\">Tables carr\u00e9  pour 16 convives<\/figcaption><\/figure>\n<\/div>\n<\/div>\n\n\n\n<p><\/p>\n\n\n\n<p>Nous avons d\u00e9cid\u00e9 \u00e9t\u00e9 2024 de vous proposer en 2025 cette salle pour vos \u00e9v\u00e8nements. Aussi avons-nous d\u00e9cid\u00e9 de r\u00e9nover la salle pour\u00a0:<\/p>\n\n\n\n<ul class=\"wp-block-list\">\n<li>Mettre en valeur ses grandes poutres, son parquet en bois,<\/li>\n\n\n\n<li>Avoir une homog\u00e9n\u00e9it\u00e9 du mobilier (tables, chaises),<\/li>\n\n\n\n<li>Lui redonner des couleurs,<\/li>\n\n\n\n<li>Donner plus de lumi\u00e8re et permettre la cr\u00e9ation de diff\u00e9rentes ambiances,<\/li>\n\n\n\n<li>Permettre une utilisation sous diff\u00e9rentes formes.<\/li>\n<\/ul>\n\n\n\n<div class=\"wp-block-columns is-layout-flex wp-container-core-columns-is-layout-9d6595d7 wp-block-columns-is-layout-flex\">\n<div class=\"wp-block-column is-layout-flow wp-block-column-is-layout-flow\"><div class=\"wp-block-image\">\n<figure class=\"aligncenter size-medium\"><img loading=\"lazy\" decoding=\"async\" width=\"225\" height=\"300\" src=\"https:\/\/lademeuredothe.family\/wp-content\/uploads\/2025\/03\/250127-PS-Refection-poutre-225x300.jpg\" alt=\"\" class=\"wp-image-2872\" srcset=\"https:\/\/lademeuredothe.family\/wp-content\/uploads\/2025\/03\/250127-PS-Refection-poutre-225x300.jpg 225w, https:\/\/lademeuredothe.family\/wp-content\/uploads\/2025\/03\/250127-PS-Refection-poutre-768x1024.jpg 768w, https:\/\/lademeuredothe.family\/wp-content\/uploads\/2025\/03\/250127-PS-Refection-poutre-1152x1536.jpg 1152w, https:\/\/lademeuredothe.family\/wp-content\/uploads\/2025\/03\/250127-PS-Refection-poutre-1536x2048.jpg 1536w, https:\/\/lademeuredothe.family\/wp-content\/uploads\/2025\/03\/250127-PS-Refection-poutre-892x1189.jpg 892w, https:\/\/lademeuredothe.family\/wp-content\/uploads\/2025\/03\/250127-PS-Refection-poutre-scaled.jpg 1920w\" sizes=\"auto, (max-width: 225px) 100vw, 225px\" \/><\/figure>\n<\/div><\/div>\n\n\n\n<div class=\"wp-block-column is-layout-flow wp-block-column-is-layout-flow\"><div class=\"wp-block-image\">\n<figure class=\"aligncenter size-medium\"><img loading=\"lazy\" decoding=\"async\" width=\"300\" height=\"225\" src=\"https:\/\/lademeuredothe.family\/wp-content\/uploads\/2025\/03\/250303-2-tables-carres-26-pers-de-3-quart-300x225.jpg\" alt=\"\" class=\"wp-image-2849\" srcset=\"https:\/\/lademeuredothe.family\/wp-content\/uploads\/2025\/03\/250303-2-tables-carres-26-pers-de-3-quart-300x225.jpg 300w, https:\/\/lademeuredothe.family\/wp-content\/uploads\/2025\/03\/250303-2-tables-carres-26-pers-de-3-quart-1024x768.jpg 1024w, https:\/\/lademeuredothe.family\/wp-content\/uploads\/2025\/03\/250303-2-tables-carres-26-pers-de-3-quart-768x576.jpg 768w, https:\/\/lademeuredothe.family\/wp-content\/uploads\/2025\/03\/250303-2-tables-carres-26-pers-de-3-quart-1536x1152.jpg 1536w, https:\/\/lademeuredothe.family\/wp-content\/uploads\/2025\/03\/250303-2-tables-carres-26-pers-de-3-quart-892x669.jpg 892w, https:\/\/lademeuredothe.family\/wp-content\/uploads\/2025\/03\/250303-2-tables-carres-26-pers-de-3-quart.jpg 2000w\" sizes=\"auto, (max-width: 300px) 100vw, 300px\" \/><\/figure>\n<\/div><\/div>\n\n\n\n<div class=\"wp-block-column is-layout-flow wp-block-column-is-layout-flow\"><div class=\"wp-block-image\">\n<figure class=\"aligncenter size-medium\"><img loading=\"lazy\" decoding=\"async\" width=\"225\" height=\"300\" src=\"https:\/\/lademeuredothe.family\/wp-content\/uploads\/2025\/03\/250127-PS-Choix-tapisserie-225x300.jpg\" alt=\"\" class=\"wp-image-2882\" srcset=\"https:\/\/lademeuredothe.family\/wp-content\/uploads\/2025\/03\/250127-PS-Choix-tapisserie-225x300.jpg 225w, https:\/\/lademeuredothe.family\/wp-content\/uploads\/2025\/03\/250127-PS-Choix-tapisserie-768x1024.jpg 768w, https:\/\/lademeuredothe.family\/wp-content\/uploads\/2025\/03\/250127-PS-Choix-tapisserie-1152x1536.jpg 1152w, https:\/\/lademeuredothe.family\/wp-content\/uploads\/2025\/03\/250127-PS-Choix-tapisserie-1536x2048.jpg 1536w, https:\/\/lademeuredothe.family\/wp-content\/uploads\/2025\/03\/250127-PS-Choix-tapisserie-892x1189.jpg 892w, https:\/\/lademeuredothe.family\/wp-content\/uploads\/2025\/03\/250127-PS-Choix-tapisserie-scaled.jpg 1920w\" sizes=\"auto, (max-width: 225px) 100vw, 225px\" \/><\/figure>\n<\/div><\/div>\n<\/div>\n\n\n\n<p>,<\/p>\n\n\n\n<div class=\"wp-block-columns is-layout-flex wp-container-core-columns-is-layout-9d6595d7 wp-block-columns-is-layout-flex\">\n<div class=\"wp-block-column is-layout-flow wp-block-column-is-layout-flow\"><div class=\"wp-block-image\">\n<figure class=\"aligncenter size-medium\"><img loading=\"lazy\" decoding=\"async\" width=\"225\" height=\"300\" src=\"https:\/\/lademeuredothe.family\/wp-content\/uploads\/2025\/03\/250127-PS-Creation-point-lumineux-a-lentree-225x300.jpg\" alt=\"\" class=\"wp-image-2873\" srcset=\"https:\/\/lademeuredothe.family\/wp-content\/uploads\/2025\/03\/250127-PS-Creation-point-lumineux-a-lentree-225x300.jpg 225w, https:\/\/lademeuredothe.family\/wp-content\/uploads\/2025\/03\/250127-PS-Creation-point-lumineux-a-lentree-768x1024.jpg 768w, https:\/\/lademeuredothe.family\/wp-content\/uploads\/2025\/03\/250127-PS-Creation-point-lumineux-a-lentree-1152x1536.jpg 1152w, https:\/\/lademeuredothe.family\/wp-content\/uploads\/2025\/03\/250127-PS-Creation-point-lumineux-a-lentree-1536x2048.jpg 1536w, https:\/\/lademeuredothe.family\/wp-content\/uploads\/2025\/03\/250127-PS-Creation-point-lumineux-a-lentree-892x1189.jpg 892w, https:\/\/lademeuredothe.family\/wp-content\/uploads\/2025\/03\/250127-PS-Creation-point-lumineux-a-lentree-scaled.jpg 1920w\" sizes=\"auto, (max-width: 225px) 100vw, 225px\" \/><\/figure>\n<\/div><\/div>\n\n\n\n<div class=\"wp-block-column is-layout-flow wp-block-column-is-layout-flow\"><div class=\"wp-block-image\">\n<figure class=\"aligncenter size-medium\"><img loading=\"lazy\" decoding=\"async\" width=\"300\" height=\"139\" src=\"https:\/\/lademeuredothe.family\/wp-content\/uploads\/2025\/03\/250127-PS-Peinture-pignon-rue-et-ecran-300x139.jpg\" alt=\"\" class=\"wp-image-2870\" srcset=\"https:\/\/lademeuredothe.family\/wp-content\/uploads\/2025\/03\/250127-PS-Peinture-pignon-rue-et-ecran-300x139.jpg 300w, https:\/\/lademeuredothe.family\/wp-content\/uploads\/2025\/03\/250127-PS-Peinture-pignon-rue-et-ecran-1024x473.jpg 1024w, https:\/\/lademeuredothe.family\/wp-content\/uploads\/2025\/03\/250127-PS-Peinture-pignon-rue-et-ecran-768x355.jpg 768w, https:\/\/lademeuredothe.family\/wp-content\/uploads\/2025\/03\/250127-PS-Peinture-pignon-rue-et-ecran-1536x710.jpg 1536w, https:\/\/lademeuredothe.family\/wp-content\/uploads\/2025\/03\/250127-PS-Peinture-pignon-rue-et-ecran-892x412.jpg 892w, https:\/\/lademeuredothe.family\/wp-content\/uploads\/2025\/03\/250127-PS-Peinture-pignon-rue-et-ecran.jpg 2000w\" sizes=\"auto, (max-width: 300px) 100vw, 300px\" \/><\/figure>\n<\/div><\/div>\n\n\n\n<div class=\"wp-block-column is-layout-flow wp-block-column-is-layout-flow\"><div class=\"wp-block-image\">\n<figure class=\"aligncenter size-medium\"><img loading=\"lazy\" decoding=\"async\" width=\"300\" height=\"225\" src=\"https:\/\/lademeuredothe.family\/wp-content\/uploads\/2025\/03\/250127-PS-PReparation-zone-a-tapisser-1-300x225.jpg\" alt=\"\" class=\"wp-image-2893\" srcset=\"https:\/\/lademeuredothe.family\/wp-content\/uploads\/2025\/03\/250127-PS-PReparation-zone-a-tapisser-1-300x225.jpg 300w, https:\/\/lademeuredothe.family\/wp-content\/uploads\/2025\/03\/250127-PS-PReparation-zone-a-tapisser-1-1024x768.jpg 1024w, https:\/\/lademeuredothe.family\/wp-content\/uploads\/2025\/03\/250127-PS-PReparation-zone-a-tapisser-1-768x576.jpg 768w, https:\/\/lademeuredothe.family\/wp-content\/uploads\/2025\/03\/250127-PS-PReparation-zone-a-tapisser-1-1536x1152.jpg 1536w, https:\/\/lademeuredothe.family\/wp-content\/uploads\/2025\/03\/250127-PS-PReparation-zone-a-tapisser-1-2048x1536.jpg 2048w, https:\/\/lademeuredothe.family\/wp-content\/uploads\/2025\/03\/250127-PS-PReparation-zone-a-tapisser-1-892x669.jpg 892w\" sizes=\"auto, (max-width: 300px) 100vw, 300px\" \/><\/figure>\n<\/div><\/div>\n<\/div>\n\n\n\n<p>.<\/p>\n\n\n\n<div class=\"wp-block-columns is-layout-flex wp-container-core-columns-is-layout-9d6595d7 wp-block-columns-is-layout-flex\">\n<div class=\"wp-block-column is-layout-flow wp-block-column-is-layout-flow\"><\/div>\n\n\n\n<div class=\"wp-block-column is-layout-flow wp-block-column-is-layout-flow\"><\/div>\n<\/div>\n","protected":false},"excerpt":{"rendered":"<p>Christine &amp; Patrick ont acquis La Demeure d\u2019Othe en 2018. De 2018 \u00e0 2023 nous y avons organis\u00e9 de nombreuses f\u00eates de famille : les 85 ans de Mamitou, le bapt\u00eame de nos petits enfants, le d\u00e9part en retraite de Pascal, les 35 ans de mariage de Catherine et Georges, les anniversaires de nombreuses personnes, [&hellip;]<\/p>\n","protected":false},"author":1,"featured_media":0,"parent":905,"menu_order":2,"comment_status":"closed","ping_status":"closed","template":"","meta":{"footnotes":""},"class_list":["post-934","page","type-page","status-publish","hentry"],"_links":{"self":[{"href":"https:\/\/lademeuredothe.family\/index.php\/wp-json\/wp\/v2\/pages\/934","targetHints":{"allow":["GET"]}}],"collection":[{"href":"https:\/\/lademeuredothe.family\/index.php\/wp-json\/wp\/v2\/pages"}],"about":[{"href":"https:\/\/lademeuredothe.family\/index.php\/wp-json\/wp\/v2\/types\/page"}],"author":[{"embeddable":true,"href":"https:\/\/lademeuredothe.family\/index.php\/wp-json\/wp\/v2\/users\/1"}],"replies":[{"embeddable":true,"href":"https:\/\/lademeuredothe.family\/index.php\/wp-json\/wp\/v2\/comments?post=934"}],"version-history":[{"count":23,"href":"https:\/\/lademeuredothe.family\/index.php\/wp-json\/wp\/v2\/pages\/934\/revisions"}],"predecessor-version":[{"id":2895,"href":"https:\/\/lademeuredothe.family\/index.php\/wp-json\/wp\/v2\/pages\/934\/revisions\/2895"}],"up":[{"embeddable":true,"href":"https:\/\/lademeuredothe.family\/index.php\/wp-json\/wp\/v2\/pages\/905"}],"wp:attachment":[{"href":"https:\/\/lademeuredothe.family\/index.php\/wp-json\/wp\/v2\/media?parent=934"}],"curies":[{"name":"wp","href":"https:\/\/api.w.org\/{rel}","templated":true}]}}