{"id":841,"date":"2023-01-14T14:42:04","date_gmt":"2023-01-14T13:42:04","guid":{"rendered":"http:\/\/lademeuredothe.family\/?page_id=841"},"modified":"2026-03-25T16:25:16","modified_gmt":"2026-03-25T15:25:16","slug":"les-services-proposes","status":"publish","type":"page","link":"https:\/\/lademeuredothe.family\/index.php\/les-chambres-dhotes-2\/les-services-proposes\/","title":{"rendered":"Les services propos\u00e9s"},"content":{"rendered":"\n<p>L&rsquo;accueil en chambre d&rsquo;h\u00f4tes c&rsquo;est bien sur la <a href=\"https:\/\/lademeuredothe.family\/index.php\/les-chambres-dhotes-2\/les-chambres-dhotes\/\" data-type=\"URL\" data-id=\"https:\/\/lademeuredothe.family\/index.php\/les-chambres-dhotes-2\/les-chambres-dhotes\/\">chambre <\/a>et le <a href=\"https:\/\/lademeuredothe.family\/index.php\/le-petit-dejeuner\/\" data-type=\"URL\" data-id=\"https:\/\/lademeuredothe.family\/index.php\/le-petit-dejeuner\/\">petit-d\u00e9jeuner<\/a>. Dans les chambres vous trouverez un Wifi gratuit et les classiques boissons chaudes (th\u00e8, infusion, caf\u00e9). <\/p>\n\n\n\n<p>Mais \u00e0 La Demeure d&rsquo;Othe c&rsquo;est aussi profiter pleinement des ext\u00e9rieurs : piscine, jardin, aire de jeux &#8230;<\/p>\n\n\n\n<p>En effet, du 15 avril \u00e0 Septembre, vous pourrez plonger une t\u00eate dans la piscine au sel, couverte et chauff\u00e9e. Et pour plus de libert\u00e9s pour vous, nous vous pr\u00eaterons des serviettes de piscine.<br>Que ce soit pour quelques longueurs ou pour un simple moment de plaisir vous pourrez vous d\u00e9lasser, passer un agr\u00e9able apr\u00e9s-midi au soleil (les parois lat\u00e9rales ouvrent sur la surface en herbe) ou finir la journ\u00e9e en profitant du soleil couchant entre les tilleuls. <br>Si vous avez des enfants, ceux-ci devront rester sous votre surveillance et responsabilit\u00e9.<\/p>\n\n\n\n<div class=\"wp-block-columns is-layout-flex wp-container-core-columns-is-layout-9d6595d7 wp-block-columns-is-layout-flex\">\n<div class=\"wp-block-column is-layout-flow wp-block-column-is-layout-flow\">\n<figure class=\"wp-block-image size-large\"><img loading=\"lazy\" decoding=\"async\" width=\"1024\" height=\"473\" src=\"https:\/\/lademeuredothe.family\/wp-content\/uploads\/2023\/04\/230427-Piscine-de-face-avec-chaise-longue--1024x473.jpg\" alt=\"\" class=\"wp-image-1768\" srcset=\"https:\/\/lademeuredothe.family\/wp-content\/uploads\/2023\/04\/230427-Piscine-de-face-avec-chaise-longue--1024x473.jpg 1024w, https:\/\/lademeuredothe.family\/wp-content\/uploads\/2023\/04\/230427-Piscine-de-face-avec-chaise-longue--300x139.jpg 300w, https:\/\/lademeuredothe.family\/wp-content\/uploads\/2023\/04\/230427-Piscine-de-face-avec-chaise-longue--768x355.jpg 768w, https:\/\/lademeuredothe.family\/wp-content\/uploads\/2023\/04\/230427-Piscine-de-face-avec-chaise-longue--1536x710.jpg 1536w, https:\/\/lademeuredothe.family\/wp-content\/uploads\/2023\/04\/230427-Piscine-de-face-avec-chaise-longue--892x412.jpg 892w, https:\/\/lademeuredothe.family\/wp-content\/uploads\/2023\/04\/230427-Piscine-de-face-avec-chaise-longue-.jpg 2000w\" sizes=\"auto, (max-width: 1024px) 100vw, 1024px\" \/><figcaption class=\"wp-element-caption\">Prendre un bain de soleil face \u00e0 la piscine ou sur les plages int\u00e9rieures<\/figcaption><\/figure>\n<\/div>\n\n\n\n<div class=\"wp-block-column is-layout-flow wp-block-column-is-layout-flow\">\n<figure class=\"wp-block-image size-large\"><img loading=\"lazy\" decoding=\"async\" width=\"1024\" height=\"1013\" src=\"https:\/\/lademeuredothe.family\/wp-content\/uploads\/2023\/01\/PHOTO-2023-01-20-17-11-31-1024x1013.jpg\" alt=\"\" class=\"wp-image-847\" srcset=\"https:\/\/lademeuredothe.family\/wp-content\/uploads\/2023\/01\/PHOTO-2023-01-20-17-11-31-1024x1013.jpg 1024w, https:\/\/lademeuredothe.family\/wp-content\/uploads\/2023\/01\/PHOTO-2023-01-20-17-11-31-300x297.jpg 300w, https:\/\/lademeuredothe.family\/wp-content\/uploads\/2023\/01\/PHOTO-2023-01-20-17-11-31-768x760.jpg 768w, https:\/\/lademeuredothe.family\/wp-content\/uploads\/2023\/01\/PHOTO-2023-01-20-17-11-31-892x883.jpg 892w, https:\/\/lademeuredothe.family\/wp-content\/uploads\/2023\/01\/PHOTO-2023-01-20-17-11-31.jpg 1512w\" sizes=\"auto, (max-width: 1024px) 100vw, 1024px\" \/><figcaption class=\"wp-element-caption\">La piscine avec son d\u00f4me et son eau chauff\u00e9e (d\u00e9but mai &#8211; fin septembre)<\/figcaption><\/figure>\n<\/div>\n<\/div>\n\n\n\n<p>Par contre, tout au long de l&rsquo;ann\u00e9e, La Demeure d&rsquo;Othe vous permet de vous promener dans son grand jardin, de profiter des fleurs (au printemps), de la vue sur les champs, sur la for\u00eat. <\/p>\n\n\n<div class=\"wp-block-image\">\n<figure class=\"aligncenter size-medium\"><img loading=\"lazy\" decoding=\"async\" width=\"300\" height=\"194\" src=\"https:\/\/lademeuredothe.family\/wp-content\/uploads\/2023\/01\/220912-Vue-du-jardin-Portail-forets-et-maison-des-enfants-20220817_204338-300x194.jpg\" alt=\"\" class=\"wp-image-881\" srcset=\"https:\/\/lademeuredothe.family\/wp-content\/uploads\/2023\/01\/220912-Vue-du-jardin-Portail-forets-et-maison-des-enfants-20220817_204338-300x194.jpg 300w, https:\/\/lademeuredothe.family\/wp-content\/uploads\/2023\/01\/220912-Vue-du-jardin-Portail-forets-et-maison-des-enfants-20220817_204338-1024x661.jpg 1024w, https:\/\/lademeuredothe.family\/wp-content\/uploads\/2023\/01\/220912-Vue-du-jardin-Portail-forets-et-maison-des-enfants-20220817_204338-768x496.jpg 768w, https:\/\/lademeuredothe.family\/wp-content\/uploads\/2023\/01\/220912-Vue-du-jardin-Portail-forets-et-maison-des-enfants-20220817_204338-1536x992.jpg 1536w, https:\/\/lademeuredothe.family\/wp-content\/uploads\/2023\/01\/220912-Vue-du-jardin-Portail-forets-et-maison-des-enfants-20220817_204338-2048x1323.jpg 2048w, https:\/\/lademeuredothe.family\/wp-content\/uploads\/2023\/01\/220912-Vue-du-jardin-Portail-forets-et-maison-des-enfants-20220817_204338-892x576.jpg 892w\" sizes=\"auto, (max-width: 300px) 100vw, 300px\" \/><figcaption class=\"wp-element-caption\">Une vue sur le parc et l&rsquo;horizon depuis les chambres<\/figcaption><\/figure>\n<\/div>\n\n\n<p>Vous y serez libre de poser votre chaise de jardin, votre chaise longue l\u00e0 o\u00f9 vous vous sentez le plus \u00e0 l&rsquo;aise.<\/p>\n\n\n\n<p>Apr\u00e8s cette promenade, cette baignade, vous aurez la possibilit\u00e9 de vivre un moment convivial sur le petit salon sur le palier du premier \u00e9tage, ou si le coeur vous en dit, de de profiter du salon au rez de chauss\u00e9e ainsi que de sa chemin\u00e9e.<\/p>\n\n\n\n<div class=\"wp-block-columns is-layout-flex wp-container-core-columns-is-layout-9d6595d7 wp-block-columns-is-layout-flex\">\n<div class=\"wp-block-column is-layout-flow wp-block-column-is-layout-flow\">\n<figure class=\"wp-block-image size-large\"><img loading=\"lazy\" decoding=\"async\" width=\"1024\" height=\"768\" src=\"https:\/\/lademeuredothe.family\/wp-content\/uploads\/2025\/03\/Salon-sous-le-soleil-1024x768.jpg\" alt=\"Le salon avec ses fauteuils (deux autres font face \u00e0 la table basse) et ses banquettes (la photo est prise depuis la seconde banquette) pour adultes et pour enfants\" class=\"wp-image-2833\" srcset=\"https:\/\/lademeuredothe.family\/wp-content\/uploads\/2025\/03\/Salon-sous-le-soleil-1024x768.jpg 1024w, https:\/\/lademeuredothe.family\/wp-content\/uploads\/2025\/03\/Salon-sous-le-soleil-300x225.jpg 300w, https:\/\/lademeuredothe.family\/wp-content\/uploads\/2025\/03\/Salon-sous-le-soleil-768x576.jpg 768w, https:\/\/lademeuredothe.family\/wp-content\/uploads\/2025\/03\/Salon-sous-le-soleil-1536x1152.jpg 1536w, https:\/\/lademeuredothe.family\/wp-content\/uploads\/2025\/03\/Salon-sous-le-soleil-892x669.jpg 892w, https:\/\/lademeuredothe.family\/wp-content\/uploads\/2025\/03\/Salon-sous-le-soleil.jpg 2000w\" sizes=\"auto, (max-width: 1024px) 100vw, 1024px\" \/><\/figure>\n<\/div>\n\n\n\n<div class=\"wp-block-column is-layout-flow wp-block-column-is-layout-flow\">\n<figure class=\"wp-block-image size-large\"><img loading=\"lazy\" decoding=\"async\" width=\"1024\" height=\"837\" src=\"https:\/\/lademeuredothe.family\/wp-content\/uploads\/2023\/01\/PHOTO-2023-01-20-16-07-57-bis-1024x837.jpg\" alt=\"\" class=\"wp-image-851\" srcset=\"https:\/\/lademeuredothe.family\/wp-content\/uploads\/2023\/01\/PHOTO-2023-01-20-16-07-57-bis-1024x837.jpg 1024w, https:\/\/lademeuredothe.family\/wp-content\/uploads\/2023\/01\/PHOTO-2023-01-20-16-07-57-bis-300x245.jpg 300w, https:\/\/lademeuredothe.family\/wp-content\/uploads\/2023\/01\/PHOTO-2023-01-20-16-07-57-bis-768x628.jpg 768w, https:\/\/lademeuredothe.family\/wp-content\/uploads\/2023\/01\/PHOTO-2023-01-20-16-07-57-bis-1536x1256.jpg 1536w, https:\/\/lademeuredothe.family\/wp-content\/uploads\/2023\/01\/PHOTO-2023-01-20-16-07-57-bis-892x729.jpg 892w, https:\/\/lademeuredothe.family\/wp-content\/uploads\/2023\/01\/PHOTO-2023-01-20-16-07-57-bis.jpg 1552w\" sizes=\"auto, (max-width: 1024px) 100vw, 1024px\" \/><figcaption class=\"wp-element-caption\">La chemin\u00e9e du salon<\/figcaption><\/figure>\n<\/div>\n<\/div>\n\n\n\n<p><\/p>\n\n\n\n<p><\/p>\n\n\n<div class=\"wp-block-image is-style-rounded\">\n<figure class=\"alignright size-large is-resized\"><img loading=\"lazy\" decoding=\"async\" width=\"1024\" height=\"768\" src=\"https:\/\/lademeuredothe.family\/wp-content\/uploads\/2023\/01\/Jardin-aire-de-jeux-pour-enfants-1024x768.jpg\" alt=\"\" class=\"wp-image-879\" style=\"width:512px;height:384px\" srcset=\"https:\/\/lademeuredothe.family\/wp-content\/uploads\/2023\/01\/Jardin-aire-de-jeux-pour-enfants-1024x768.jpg 1024w, https:\/\/lademeuredothe.family\/wp-content\/uploads\/2023\/01\/Jardin-aire-de-jeux-pour-enfants-300x225.jpg 300w, https:\/\/lademeuredothe.family\/wp-content\/uploads\/2023\/01\/Jardin-aire-de-jeux-pour-enfants-768x576.jpg 768w, https:\/\/lademeuredothe.family\/wp-content\/uploads\/2023\/01\/Jardin-aire-de-jeux-pour-enfants-1536x1152.jpg 1536w, https:\/\/lademeuredothe.family\/wp-content\/uploads\/2023\/01\/Jardin-aire-de-jeux-pour-enfants-2048x1536.jpg 2048w, https:\/\/lademeuredothe.family\/wp-content\/uploads\/2023\/01\/Jardin-aire-de-jeux-pour-enfants-892x669.jpg 892w\" sizes=\"auto, (max-width: 1024px) 100vw, 1024px\" \/><figcaption class=\"wp-element-caption\">Aire de jeux pour les enfants (+ 3 ans)<\/figcaption><\/figure>\n<\/div>\n\n\n<p>Pendant ce temps les enfants de plus de 3 ans pourront profiter d&rsquo;une aire de jeux avec toboggan, pont de singes, poutres &#8230;. , d&rsquo;un trampoline, d&rsquo;un mur d&rsquo;escalade, et laisser ainsi un peu de temps \u00e0 leurs parents, grands parents, &#8230;<\/p>\n\n\n\n<p><\/p>\n\n\n\n<p><\/p>\n\n\n\n<p><\/p>\n\n\n\n<p><\/p>\n\n\n\n<p><\/p>\n\n\n\n<p><\/p>\n\n\n\n<p>Pour les plus petits, ou ceux qui ne sont pas trop physiques, une petite maison leur permettra de s&rsquo;inventer un monde <\/p>\n\n\n\n<figure class=\"wp-block-image size-large is-resized is-style-rounded\"><img loading=\"lazy\" decoding=\"async\" width=\"1024\" height=\"768\" src=\"https:\/\/lademeuredothe.family\/wp-content\/uploads\/2023\/01\/220912-Maison-enfants-de-face-20220817_144351-1024x768.jpg\" alt=\"\" class=\"wp-image-882\" style=\"width:512px;height:384px\" srcset=\"https:\/\/lademeuredothe.family\/wp-content\/uploads\/2023\/01\/220912-Maison-enfants-de-face-20220817_144351-1024x768.jpg 1024w, https:\/\/lademeuredothe.family\/wp-content\/uploads\/2023\/01\/220912-Maison-enfants-de-face-20220817_144351-300x225.jpg 300w, https:\/\/lademeuredothe.family\/wp-content\/uploads\/2023\/01\/220912-Maison-enfants-de-face-20220817_144351-768x576.jpg 768w, https:\/\/lademeuredothe.family\/wp-content\/uploads\/2023\/01\/220912-Maison-enfants-de-face-20220817_144351-1536x1152.jpg 1536w, https:\/\/lademeuredothe.family\/wp-content\/uploads\/2023\/01\/220912-Maison-enfants-de-face-20220817_144351-2048x1536.jpg 2048w, https:\/\/lademeuredothe.family\/wp-content\/uploads\/2023\/01\/220912-Maison-enfants-de-face-20220817_144351-892x669.jpg 892w\" sizes=\"auto, (max-width: 1024px) 100vw, 1024px\" \/><\/figure>\n\n\n\n<p><\/p>\n\n\n\n<p>Mais La Demeure d&rsquo;Othe vit aussi au rythme des calendriers r\u00e9gionaux et de coutumes. Aussi vous pourrez retrouver des ambiances, des d\u00e9cors (No\u00ebl, Le printemps, Halloween), des offres sp\u00e9cifiques \u00e0 un moment.<\/p>\n\n\n\n<p>Suivez-nous ! Vous trouverez alors sans doute l&rsquo;occasion de vivre un moment plus intense encore.<\/p>\n\n\n\n<p>Enfin, si vous avez un besoin particulier, vous souhaitez en savoir plus, <a href=\"https:\/\/lademeuredothe.family\/index.php\/contact\/nous-contacter\/\" data-type=\"URL\" data-id=\"https:\/\/lademeuredothe.family\/index.php\/contact\/nous-contacter\/\">contacter <\/a>Christine &amp; Patrick. Nous vous proposerons la solution \u00e0 vos besoins.<\/p>\n","protected":false},"excerpt":{"rendered":"<p>L&rsquo;accueil en chambre d&rsquo;h\u00f4tes c&rsquo;est bien sur la chambre et le petit-d\u00e9jeuner. Dans les chambres vous trouverez un Wifi gratuit et les classiques boissons chaudes (th\u00e8, infusion, caf\u00e9). Mais \u00e0 La Demeure d&rsquo;Othe c&rsquo;est aussi profiter pleinement des ext\u00e9rieurs : piscine, jardin, aire de jeux &#8230; En effet, du 15 avril \u00e0 Septembre, vous pourrez [&hellip;]<\/p>\n","protected":false},"author":1,"featured_media":0,"parent":837,"menu_order":3,"comment_status":"closed","ping_status":"closed","template":"","meta":{"footnotes":""},"class_list":["post-841","page","type-page","status-publish","hentry"],"_links":{"self":[{"href":"https:\/\/lademeuredothe.family\/index.php\/wp-json\/wp\/v2\/pages\/841","targetHints":{"allow":["GET"]}}],"collection":[{"href":"https:\/\/lademeuredothe.family\/index.php\/wp-json\/wp\/v2\/pages"}],"about":[{"href":"https:\/\/lademeuredothe.family\/index.php\/wp-json\/wp\/v2\/types\/page"}],"author":[{"embeddable":true,"href":"https:\/\/lademeuredothe.family\/index.php\/wp-json\/wp\/v2\/users\/1"}],"replies":[{"embeddable":true,"href":"https:\/\/lademeuredothe.family\/index.php\/wp-json\/wp\/v2\/comments?post=841"}],"version-history":[{"count":33,"href":"https:\/\/lademeuredothe.family\/index.php\/wp-json\/wp\/v2\/pages\/841\/revisions"}],"predecessor-version":[{"id":3002,"href":"https:\/\/lademeuredothe.family\/index.php\/wp-json\/wp\/v2\/pages\/841\/revisions\/3002"}],"up":[{"embeddable":true,"href":"https:\/\/lademeuredothe.family\/index.php\/wp-json\/wp\/v2\/pages\/837"}],"wp:attachment":[{"href":"https:\/\/lademeuredothe.family\/index.php\/wp-json\/wp\/v2\/media?parent=841"}],"curies":[{"name":"wp","href":"https:\/\/api.w.org\/{rel}","templated":true}]}}