{"id":838,"date":"2023-01-14T14:42:04","date_gmt":"2023-01-14T13:42:04","guid":{"rendered":"http:\/\/lademeuredothe.family\/?page_id=838"},"modified":"2025-03-17T12:10:52","modified_gmt":"2025-03-17T11:10:52","slug":"les-chambres-dhotes","status":"publish","type":"page","link":"https:\/\/lademeuredothe.family\/index.php\/les-chambres-dhotes-2\/les-chambres-dhotes\/","title":{"rendered":"Les chambres"},"content":{"rendered":"\n<p>La Demeure d&rsquo;Othe poss\u00e8de 5 chambres spacieuses (4 au premier \u00e9tage, une au rez-de-chauss\u00e9e) dont :<\/p>\n\n\n\n<ul class=\"wp-block-list\">\n<li>3 chambres pour 2 personnes  (2 lits doubles, ou deux lits simples mis c\u00f4te \u00e0 c\u00f4te). Un troisi\u00e8me lit, ou un lit parapluie pour enfant peut \u00eatre ajout\u00e9e sur demande.<\/li>\n\n\n\n<li>2 chambres pour 4 personnes avec deux lits simples mis c\u00f4te \u00e0 c\u00f4te et 2 couchages en lits superpos\u00e9s<\/li>\n<\/ul>\n\n\n\n<p>Chacune de ces chambres poss\u00e8de sa propre salle de douches et ses toilettes. <\/p>\n\n\n\n<p>Pour vous donner une id\u00e9e de l&#8217;emplacement des chambres, voici un plan du 1er \u00e9tage. La chambre Romantique est quant \u00e0 elle situ\u00e9e au rez de chauss\u00e9e (id\u00e9ale pour ceux qui sont g\u00e9n\u00e9s par les escaliers, pour les parents avec un b\u00e9b\u00e9, &#8230;) :<\/p>\n\n\n\n<figure class=\"wp-block-image size-full\"><img loading=\"lazy\" decoding=\"async\" width=\"947\" height=\"466\" src=\"https:\/\/lademeuredothe.family\/wp-content\/uploads\/2024\/01\/240117-PS-Plan-des-chambres-2eme-etage-Fr-rogne.png\" alt=\"Plan des chambres du 1er \u00e9tage\" class=\"wp-image-1974\" srcset=\"https:\/\/lademeuredothe.family\/wp-content\/uploads\/2024\/01\/240117-PS-Plan-des-chambres-2eme-etage-Fr-rogne.png 947w, https:\/\/lademeuredothe.family\/wp-content\/uploads\/2024\/01\/240117-PS-Plan-des-chambres-2eme-etage-Fr-rogne-300x148.png 300w, https:\/\/lademeuredothe.family\/wp-content\/uploads\/2024\/01\/240117-PS-Plan-des-chambres-2eme-etage-Fr-rogne-768x378.png 768w, https:\/\/lademeuredothe.family\/wp-content\/uploads\/2024\/01\/240117-PS-Plan-des-chambres-2eme-etage-Fr-rogne-892x439.png 892w\" sizes=\"auto, (max-width: 947px) 100vw, 947px\" \/><figcaption class=\"wp-element-caption\">Plan des chambres du 1er \u00e9tage<\/figcaption><\/figure>\n\n\n\n<p>Toutes les chambres  vous offriront un confort de qualit\u00e9 (toutes ont \u00e9t\u00e9 r\u00e9nov\u00e9es) dans une ambiance sp\u00e9cifique \u00e0 chacune avec une vue sur la cour int\u00e9rieure et les noisetiers ou sur le jardin et la for\u00eat. Visiter les :<\/p>\n\n\n\n<ul class=\"wp-block-list\">\n<li><a href=\"https:\/\/lademeuredothe.family\/index.php\/la-chambre-romantique\/\" data-type=\"URL\" data-id=\"https:\/\/lademeuredothe.family\/index.php\/la-chambre-romantique\/\">La chambre La Romantique,<\/a> (1 lit pour 2 et sur demande nous pouvons ajouter un lit suppl\u00e9mentaire pour enfant)<\/li>\n\n\n\n<li><a href=\"https:\/\/lademeuredothe.family\/index.php\/la-chambre-aux-miroirs\/\" data-type=\"URL\" data-id=\"https:\/\/lademeuredothe.family\/index.php\/la-chambre-aux-miroirs\/\">La chambre Les Miroirs<\/a>, (1 lit king-size et 2 lits superpos\u00e9s)<\/li>\n\n\n\n<li><a href=\"https:\/\/lademeuredothe.family\/index.php\/la-chambre-a-la-princesse\/\" data-type=\"URL\" data-id=\"https:\/\/lademeuredothe.family\/index.php\/la-chambre-a-la-princesse\/\">La chambre La Princesse<\/a>, (1 lit queen-size)<\/li>\n\n\n\n<li><a href=\"https:\/\/lademeuredothe.family\/index.php\/la-chambre-le-masque\/\" data-type=\"URL\" data-id=\"https:\/\/lademeuredothe.family\/index.php\/la-chambre-le-masque\/\">La chambre Le Masque<\/a>, (2 lits jumeaux de 2 m\u00e8tres)<\/li>\n\n\n\n<li><a href=\"https:\/\/lademeuredothe.family\/index.php\/la-chambre-la-printaniere\/\" data-type=\"URL\" data-id=\"https:\/\/lademeuredothe.family\/index.php\/la-chambre-la-printaniere\/\">La chambre La Printani\u00e8re<\/a> (1 lit king-size et 2 lits superpos\u00e9s)<\/li>\n<\/ul>\n\n\n\n<p>Pour acc\u00e9der \u00e0 4 de ces chambres, situ\u00e9es au 1er \u00e9tage et accessibles par un grand couloir, vous monterez depuis le hall d&rsquo;entr\u00e9e un large escalier qui vous permettra d&rsquo;atteindre le palier du 1er \u00e9tage. Vous y trouverez un espace de convivialit\u00e9 pour profiter de la vue sur les noisetiers et avoir un \u00e9change entre vous ou avec d&rsquo;autres personnes.<\/p>\n\n\n<div class=\"wp-block-image\">\n<figure class=\"aligncenter size-medium\"><img loading=\"lazy\" decoding=\"async\" width=\"225\" height=\"300\" src=\"https:\/\/lademeuredothe.family\/wp-content\/uploads\/2025\/03\/Palier-depuis-couloir-225x300.jpg\" alt=\"\" class=\"wp-image-2834\" srcset=\"https:\/\/lademeuredothe.family\/wp-content\/uploads\/2025\/03\/Palier-depuis-couloir-225x300.jpg 225w, https:\/\/lademeuredothe.family\/wp-content\/uploads\/2025\/03\/Palier-depuis-couloir-768x1024.jpg 768w, https:\/\/lademeuredothe.family\/wp-content\/uploads\/2025\/03\/Palier-depuis-couloir-1152x1536.jpg 1152w, https:\/\/lademeuredothe.family\/wp-content\/uploads\/2025\/03\/Palier-depuis-couloir-892x1189.jpg 892w, https:\/\/lademeuredothe.family\/wp-content\/uploads\/2025\/03\/Palier-depuis-couloir.jpg 1500w\" sizes=\"auto, (max-width: 225px) 100vw, 225px\" \/><figcaption class=\"wp-element-caption\">Le palier<\/figcaption><\/figure>\n<\/div>\n\n\n<p>Pour situer les chambres dans la maison n&rsquo;h\u00e9sitez pas \u00e0 cliquer sur <a href=\"https:\/\/lademeuredothe.family\/wp-content\/uploads\/2024\/01\/240117-PS-Plan-des-chambres-2eme-etage-Fr-rogne.png\" target=\"_blank\" rel=\"noreferrer noopener\">le plan ci-joint<\/a>.<\/p>\n\n\n<div class=\"wp-block-image\">\n<figure class=\"aligncenter size-large is-resized\"><img loading=\"lazy\" decoding=\"async\" width=\"1024\" height=\"768\" src=\"https:\/\/lademeuredothe.family\/wp-content\/uploads\/2024\/03\/240313-PS-Chambre-printaniere-lit-et-tete-de-lit-IMG_2692-2-1024x768.jpg\" alt=\"\" class=\"wp-image-2338\" style=\"width:636px;height:auto\" srcset=\"https:\/\/lademeuredothe.family\/wp-content\/uploads\/2024\/03\/240313-PS-Chambre-printaniere-lit-et-tete-de-lit-IMG_2692-2-1024x768.jpg 1024w, https:\/\/lademeuredothe.family\/wp-content\/uploads\/2024\/03\/240313-PS-Chambre-printaniere-lit-et-tete-de-lit-IMG_2692-2-300x225.jpg 300w, https:\/\/lademeuredothe.family\/wp-content\/uploads\/2024\/03\/240313-PS-Chambre-printaniere-lit-et-tete-de-lit-IMG_2692-2-768x576.jpg 768w, https:\/\/lademeuredothe.family\/wp-content\/uploads\/2024\/03\/240313-PS-Chambre-printaniere-lit-et-tete-de-lit-IMG_2692-2-1536x1152.jpg 1536w, https:\/\/lademeuredothe.family\/wp-content\/uploads\/2024\/03\/240313-PS-Chambre-printaniere-lit-et-tete-de-lit-IMG_2692-2-2048x1536.jpg 2048w, https:\/\/lademeuredothe.family\/wp-content\/uploads\/2024\/03\/240313-PS-Chambre-printaniere-lit-et-tete-de-lit-IMG_2692-2-892x669.jpg 892w\" sizes=\"auto, (max-width: 1024px) 100vw, 1024px\" \/><figcaption class=\"wp-element-caption\">Vue sur le grand lit de la chambre Printani\u00e8re <\/figcaption><\/figure>\n<\/div>\n\n<div class=\"wp-block-image\">\n<figure class=\"aligncenter size-large is-resized\"><img loading=\"lazy\" decoding=\"async\" width=\"1024\" height=\"1024\" src=\"https:\/\/lademeuredothe.family\/wp-content\/uploads\/2023\/04\/PHOTO-2023-04-04-18-13-49-1024x1024.jpg\" alt=\"\" class=\"wp-image-1642\" style=\"width:636px\" srcset=\"https:\/\/lademeuredothe.family\/wp-content\/uploads\/2023\/04\/PHOTO-2023-04-04-18-13-49-1024x1024.jpg 1024w, https:\/\/lademeuredothe.family\/wp-content\/uploads\/2023\/04\/PHOTO-2023-04-04-18-13-49-300x300.jpg 300w, https:\/\/lademeuredothe.family\/wp-content\/uploads\/2023\/04\/PHOTO-2023-04-04-18-13-49-150x150.jpg 150w, https:\/\/lademeuredothe.family\/wp-content\/uploads\/2023\/04\/PHOTO-2023-04-04-18-13-49-768x768.jpg 768w, https:\/\/lademeuredothe.family\/wp-content\/uploads\/2023\/04\/PHOTO-2023-04-04-18-13-49-1536x1536.jpg 1536w, https:\/\/lademeuredothe.family\/wp-content\/uploads\/2023\/04\/PHOTO-2023-04-04-18-13-49-892x892.jpg 892w, https:\/\/lademeuredothe.family\/wp-content\/uploads\/2023\/04\/PHOTO-2023-04-04-18-13-49.jpg 2048w\" sizes=\"auto, (max-width: 1024px) 100vw, 1024px\" \/><figcaption class=\"wp-element-caption\">La chambre Les Miroirs<\/figcaption><\/figure>\n<\/div>\n\n<div class=\"wp-block-image\">\n<figure class=\"aligncenter size-large is-resized\"><img loading=\"lazy\" decoding=\"async\" width=\"1024\" height=\"1024\" src=\"https:\/\/lademeuredothe.family\/wp-content\/uploads\/2023\/04\/PHOTO-2023-04-04-18-10-37-1-1024x1024.jpg\" alt=\"\" class=\"wp-image-1660\" style=\"width:636px\" srcset=\"https:\/\/lademeuredothe.family\/wp-content\/uploads\/2023\/04\/PHOTO-2023-04-04-18-10-37-1-1024x1024.jpg 1024w, https:\/\/lademeuredothe.family\/wp-content\/uploads\/2023\/04\/PHOTO-2023-04-04-18-10-37-1-300x300.jpg 300w, https:\/\/lademeuredothe.family\/wp-content\/uploads\/2023\/04\/PHOTO-2023-04-04-18-10-37-1-150x150.jpg 150w, https:\/\/lademeuredothe.family\/wp-content\/uploads\/2023\/04\/PHOTO-2023-04-04-18-10-37-1-768x768.jpg 768w, https:\/\/lademeuredothe.family\/wp-content\/uploads\/2023\/04\/PHOTO-2023-04-04-18-10-37-1-1536x1536.jpg 1536w, https:\/\/lademeuredothe.family\/wp-content\/uploads\/2023\/04\/PHOTO-2023-04-04-18-10-37-1-892x892.jpg 892w, https:\/\/lademeuredothe.family\/wp-content\/uploads\/2023\/04\/PHOTO-2023-04-04-18-10-37-1.jpg 2048w\" sizes=\"auto, (max-width: 1024px) 100vw, 1024px\" \/><figcaption class=\"wp-element-caption\">La chambre La Princesse<\/figcaption><\/figure>\n<\/div>\n\n<div class=\"wp-block-image\">\n<figure class=\"aligncenter size-large is-resized\"><img loading=\"lazy\" decoding=\"async\" width=\"1024\" height=\"768\" src=\"https:\/\/lademeuredothe.family\/wp-content\/uploads\/2025\/03\/Masque-lit-depuis-mur-face-1024x768.jpg\" alt=\"La chambre Masque\" class=\"wp-image-2808\" style=\"width:636px\" srcset=\"https:\/\/lademeuredothe.family\/wp-content\/uploads\/2025\/03\/Masque-lit-depuis-mur-face-1024x768.jpg 1024w, https:\/\/lademeuredothe.family\/wp-content\/uploads\/2025\/03\/Masque-lit-depuis-mur-face-300x225.jpg 300w, https:\/\/lademeuredothe.family\/wp-content\/uploads\/2025\/03\/Masque-lit-depuis-mur-face-768x576.jpg 768w, https:\/\/lademeuredothe.family\/wp-content\/uploads\/2025\/03\/Masque-lit-depuis-mur-face-1536x1152.jpg 1536w, https:\/\/lademeuredothe.family\/wp-content\/uploads\/2025\/03\/Masque-lit-depuis-mur-face-892x669.jpg 892w, https:\/\/lademeuredothe.family\/wp-content\/uploads\/2025\/03\/Masque-lit-depuis-mur-face.jpg 2000w\" sizes=\"auto, (max-width: 1024px) 100vw, 1024px\" \/><figcaption class=\"wp-element-caption\">La chambre Masque<\/figcaption><\/figure>\n<\/div>\n\n<div class=\"wp-block-image\">\n<figure class=\"aligncenter size-large is-resized\"><img loading=\"lazy\" decoding=\"async\" width=\"768\" height=\"1024\" src=\"https:\/\/lademeuredothe.family\/wp-content\/uploads\/2024\/03\/240314-Vue-principale-couloir-IMG_2694-1-768x1024.jpg\" alt=\"\" class=\"wp-image-2346\" style=\"width:636px\" srcset=\"https:\/\/lademeuredothe.family\/wp-content\/uploads\/2024\/03\/240314-Vue-principale-couloir-IMG_2694-1-768x1024.jpg 768w, https:\/\/lademeuredothe.family\/wp-content\/uploads\/2024\/03\/240314-Vue-principale-couloir-IMG_2694-1-225x300.jpg 225w, https:\/\/lademeuredothe.family\/wp-content\/uploads\/2024\/03\/240314-Vue-principale-couloir-IMG_2694-1-1152x1536.jpg 1152w, https:\/\/lademeuredothe.family\/wp-content\/uploads\/2024\/03\/240314-Vue-principale-couloir-IMG_2694-1-1536x2048.jpg 1536w, https:\/\/lademeuredothe.family\/wp-content\/uploads\/2024\/03\/240314-Vue-principale-couloir-IMG_2694-1-892x1189.jpg 892w, https:\/\/lademeuredothe.family\/wp-content\/uploads\/2024\/03\/240314-Vue-principale-couloir-IMG_2694-1-scaled.jpg 1920w\" sizes=\"auto, (max-width: 768px) 100vw, 768px\" \/><figcaption class=\"wp-element-caption\">Le couloir desservant les chambres du 1er \u00e9tage <\/figcaption><\/figure>\n<\/div>\n\n<div class=\"wp-block-image\">\n<figure class=\"aligncenter size-large is-resized\"><img loading=\"lazy\" decoding=\"async\" width=\"1024\" height=\"768\" src=\"https:\/\/lademeuredothe.family\/wp-content\/uploads\/2025\/03\/Chambre-avec-banc-et-table-1024x768.jpg\" alt=\"Vue d'ensemble de la chambre depuis la porte d'entr\u00e9e\" class=\"wp-image-2896\" style=\"width:636px\" srcset=\"https:\/\/lademeuredothe.family\/wp-content\/uploads\/2025\/03\/Chambre-avec-banc-et-table-1024x768.jpg 1024w, https:\/\/lademeuredothe.family\/wp-content\/uploads\/2025\/03\/Chambre-avec-banc-et-table-300x225.jpg 300w, https:\/\/lademeuredothe.family\/wp-content\/uploads\/2025\/03\/Chambre-avec-banc-et-table-768x576.jpg 768w, https:\/\/lademeuredothe.family\/wp-content\/uploads\/2025\/03\/Chambre-avec-banc-et-table-1536x1152.jpg 1536w, https:\/\/lademeuredothe.family\/wp-content\/uploads\/2025\/03\/Chambre-avec-banc-et-table-2048x1536.jpg 2048w, https:\/\/lademeuredothe.family\/wp-content\/uploads\/2025\/03\/Chambre-avec-banc-et-table-892x669.jpg 892w\" sizes=\"auto, (max-width: 1024px) 100vw, 1024px\" \/><figcaption class=\"wp-element-caption\">La chambre Romantique<\/figcaption><\/figure>\n<\/div>\n\n\n<p>Dans chaque chambre vous trouverez :<\/p>\n\n\n\n<ul class=\"wp-block-list\">\n<li>un espace o\u00f9 vous pourrez prendre un th\u00e8, un caf\u00e9<\/li>\n\n\n\n<li>des prises USB et de prises 220 V \u00e0 proximit\u00e9 de votre lit pour recharger votre t\u00e9l\u00e9phone, votre PC, durant votre sommeil<\/li>\n\n\n\n<li>un espace de rangement (avec dans les chambres familiales des tiroirs sous le lit)<\/li>\n\n\n\n<li>des tables (ou tablettes) de nuit<\/li>\n\n\n\n<li> des appliques murales \u00e0 la t\u00eate de lit (ou de lampes de chevet) et dans les chambres familiales des liseuses pour les lits individuels afin de permettre \u00e0 chacun d&rsquo;avoir son \u00ab\u00a0espace lumi\u00e8re\u00a0\u00bb<\/li>\n<\/ul>\n\n\n\n<p>Au-del\u00e0 de ces am\u00e9nagements dans les chambres, avoir une chambre \u00e0 La Demeure d&rsquo;Othe donne acc\u00e8s \u00e0 la pisicne (de fin avril \u00e0 fin septembre et de 11h00 \u00e0 18h00), \u00e0 l&rsquo;aire de jeux pour enfants, \u00e0 la maison des enfants&#8230;<\/p>\n","protected":false},"excerpt":{"rendered":"<p>La Demeure d&rsquo;Othe poss\u00e8de 5 chambres spacieuses (4 au premier \u00e9tage, une au rez-de-chauss\u00e9e) dont : Chacune de ces chambres poss\u00e8de sa propre salle de douches et ses toilettes. Pour vous donner une id\u00e9e de l&#8217;emplacement des chambres, voici un plan du 1er \u00e9tage. La chambre Romantique est quant \u00e0 elle situ\u00e9e au rez de [&hellip;]<\/p>\n","protected":false},"author":1,"featured_media":0,"parent":837,"menu_order":2,"comment_status":"closed","ping_status":"closed","template":"","meta":{"footnotes":""},"class_list":["post-838","page","type-page","status-publish","hentry"],"_links":{"self":[{"href":"https:\/\/lademeuredothe.family\/index.php\/wp-json\/wp\/v2\/pages\/838","targetHints":{"allow":["GET"]}}],"collection":[{"href":"https:\/\/lademeuredothe.family\/index.php\/wp-json\/wp\/v2\/pages"}],"about":[{"href":"https:\/\/lademeuredothe.family\/index.php\/wp-json\/wp\/v2\/types\/page"}],"author":[{"embeddable":true,"href":"https:\/\/lademeuredothe.family\/index.php\/wp-json\/wp\/v2\/users\/1"}],"replies":[{"embeddable":true,"href":"https:\/\/lademeuredothe.family\/index.php\/wp-json\/wp\/v2\/comments?post=838"}],"version-history":[{"count":33,"href":"https:\/\/lademeuredothe.family\/index.php\/wp-json\/wp\/v2\/pages\/838\/revisions"}],"predecessor-version":[{"id":2907,"href":"https:\/\/lademeuredothe.family\/index.php\/wp-json\/wp\/v2\/pages\/838\/revisions\/2907"}],"up":[{"embeddable":true,"href":"https:\/\/lademeuredothe.family\/index.php\/wp-json\/wp\/v2\/pages\/837"}],"wp:attachment":[{"href":"https:\/\/lademeuredothe.family\/index.php\/wp-json\/wp\/v2\/media?parent=838"}],"curies":[{"name":"wp","href":"https:\/\/api.w.org\/{rel}","templated":true}]}}