{"id":802,"date":"2023-01-13T17:28:36","date_gmt":"2023-01-13T16:28:36","guid":{"rendered":"http:\/\/lademeuredothe.family\/?page_id=802"},"modified":"2024-03-13T16:30:04","modified_gmt":"2024-03-13T15:30:04","slug":"les-equipements-pour-votre-confort","status":"publish","type":"page","link":"https:\/\/lademeuredothe.family\/index.php\/les-equipements-pour-votre-confort\/","title":{"rendered":"Les \u00e9quipements pour votre confort"},"content":{"rendered":"\n<p><strong>Le chauffage<\/strong><\/p>\n\n\n\n<p>Le chauffage de La Demeure d&rsquo;Othe est un chauffage central dont la source principal est depuis plus d&rsquo;une dizaine d&rsquo;ann\u00e9e une pompe \u00e0 chaleur de type g\u00e9othermie. Des capteurs horizontaux parcourent la pelouse \u00e0 l&rsquo;arri\u00e8re de la maison et extraient du sol la chaleur de la terre. La pompe \u00e0 chaleur permet alors de<strong>\u00a0<\/strong>transmettre la chaleur\u00a0\u00e0 l\u2019eau de chauffage.<\/p>\n\n\n\n<p>Chaque pi\u00e8ce poss\u00e8de un ou plusieurs radiateurs \u00e9quip\u00e9s d&rsquo;un robinet thermostatique qui permet de g\u00e9rer dans chaque pi\u00e8ce la temp\u00e9rature de celle-ci.<\/p>\n\n\n\n<p><strong>L&rsquo;isolation<\/strong><\/p>\n\n\n\n<p>Christine et Patrick ont fait changer l&rsquo;ensemble des huisseries (portes et fen\u00eatres) des chambres et pi\u00e8ces communes afin de vous faire profiter d&rsquo;un meilleur confort et \u00e9galement de r\u00e9duire les pertes de chaleur.<\/p>\n\n\n\n<p><strong>La s\u00e9curit\u00e9<\/strong><\/p>\n\n\n\n<p>La Demeure d&rsquo;Othe poss\u00e8de un syst\u00e8me d&rsquo;alarme centralis\u00e9 qui, en cas d&rsquo;incendie, met en valeur les parcours d&rsquo;\u00e9vacuation via des \u00e9clairages d\u00e9di\u00e9s et autonomes.<\/p>\n\n\n\n<p><\/p>\n\n\n\n<p><\/p>\n","protected":false},"excerpt":{"rendered":"<p>Le chauffage Le chauffage de La Demeure d&rsquo;Othe est un chauffage central dont la source principal est depuis plus d&rsquo;une dizaine d&rsquo;ann\u00e9e une pompe \u00e0 chaleur de type g\u00e9othermie. Des capteurs horizontaux parcourent la pelouse \u00e0 l&rsquo;arri\u00e8re de la maison et extraient du sol la chaleur de la terre. La pompe \u00e0 chaleur permet alors [&hellip;]<\/p>\n","protected":false},"author":1,"featured_media":0,"parent":0,"menu_order":0,"comment_status":"closed","ping_status":"closed","template":"","meta":{"footnotes":""},"class_list":["post-802","page","type-page","status-publish","hentry"],"_links":{"self":[{"href":"https:\/\/lademeuredothe.family\/index.php\/wp-json\/wp\/v2\/pages\/802","targetHints":{"allow":["GET"]}}],"collection":[{"href":"https:\/\/lademeuredothe.family\/index.php\/wp-json\/wp\/v2\/pages"}],"about":[{"href":"https:\/\/lademeuredothe.family\/index.php\/wp-json\/wp\/v2\/types\/page"}],"author":[{"embeddable":true,"href":"https:\/\/lademeuredothe.family\/index.php\/wp-json\/wp\/v2\/users\/1"}],"replies":[{"embeddable":true,"href":"https:\/\/lademeuredothe.family\/index.php\/wp-json\/wp\/v2\/comments?post=802"}],"version-history":[{"count":8,"href":"https:\/\/lademeuredothe.family\/index.php\/wp-json\/wp\/v2\/pages\/802\/revisions"}],"predecessor-version":[{"id":2286,"href":"https:\/\/lademeuredothe.family\/index.php\/wp-json\/wp\/v2\/pages\/802\/revisions\/2286"}],"wp:attachment":[{"href":"https:\/\/lademeuredothe.family\/index.php\/wp-json\/wp\/v2\/media?parent=802"}],"curies":[{"name":"wp","href":"https:\/\/api.w.org\/{rel}","templated":true}]}}