{"id":787,"date":"2023-01-13T17:12:30","date_gmt":"2023-01-13T16:12:30","guid":{"rendered":"http:\/\/lademeuredothe.family\/?page_id=787"},"modified":"2026-03-25T16:43:58","modified_gmt":"2026-03-25T15:43:58","slug":"les-chambres-et-equipements-interieurs","status":"publish","type":"page","link":"https:\/\/lademeuredothe.family\/index.php\/les-chambres-et-equipements-interieurs\/","title":{"rendered":"Les chambres et \u00e9quipements int\u00e9rieurs"},"content":{"rendered":"\n<p>La Demeure d&rsquo;Othe poss\u00e8de 5 chambres (4 au premier \u00e9tage, une au rez-de-chauss\u00e9e) dont :<\/p>\n\n\n\n<ul class=\"wp-block-list\">\n<li>3 chambres pour 2 personnes  (2 lits doubles, ou deux lits simples mis c\u00f4te \u00e0 c\u00f4te)<\/li>\n\n\n\n<li>2 chambres pour 4 personnes avec deux lits simples mis c\u00f4te \u00e0 c\u00f4te et 2 couchages en lits superpos\u00e9s<\/li>\n<\/ul>\n\n\n\n<p>Chacune de ces chambres poss\u00e8de sa propre salle de douches et ses toilettes. <\/p>\n\n\n\n<div class=\"wp-block-columns is-layout-flex wp-container-core-columns-is-layout-9d6595d7 wp-block-columns-is-layout-flex\">\n<div class=\"wp-block-column is-layout-flow wp-block-column-is-layout-flow\">\n<figure class=\"wp-block-image size-large\"><img loading=\"lazy\" decoding=\"async\" width=\"1024\" height=\"768\" src=\"https:\/\/lademeuredothe.family\/wp-content\/uploads\/2023\/04\/Photo-du-lit-chambre-masque-avec-contraste-1024x768.jpg\" alt=\"\" class=\"wp-image-1719\" srcset=\"https:\/\/lademeuredothe.family\/wp-content\/uploads\/2023\/04\/Photo-du-lit-chambre-masque-avec-contraste-1024x768.jpg 1024w, https:\/\/lademeuredothe.family\/wp-content\/uploads\/2023\/04\/Photo-du-lit-chambre-masque-avec-contraste-300x225.jpg 300w, https:\/\/lademeuredothe.family\/wp-content\/uploads\/2023\/04\/Photo-du-lit-chambre-masque-avec-contraste-768x576.jpg 768w, https:\/\/lademeuredothe.family\/wp-content\/uploads\/2023\/04\/Photo-du-lit-chambre-masque-avec-contraste-1536x1152.jpg 1536w, https:\/\/lademeuredothe.family\/wp-content\/uploads\/2023\/04\/Photo-du-lit-chambre-masque-avec-contraste-2048x1536.jpg 2048w, https:\/\/lademeuredothe.family\/wp-content\/uploads\/2023\/04\/Photo-du-lit-chambre-masque-avec-contraste-892x669.jpg 892w\" sizes=\"auto, (max-width: 1024px) 100vw, 1024px\" \/><figcaption class=\"wp-element-caption\">La chambre Le Masque<\/figcaption><\/figure>\n<\/div>\n\n\n\n<div class=\"wp-block-column is-layout-flow wp-block-column-is-layout-flow\">\n<figure class=\"wp-block-image size-large\"><img loading=\"lazy\" decoding=\"async\" width=\"1024\" height=\"1024\" src=\"https:\/\/lademeuredothe.family\/wp-content\/uploads\/2023\/04\/Photo-interieur-salle-de-douche-chambre-masque-1024x1024.jpg\" alt=\"\" class=\"wp-image-1720\" srcset=\"https:\/\/lademeuredothe.family\/wp-content\/uploads\/2023\/04\/Photo-interieur-salle-de-douche-chambre-masque-1024x1024.jpg 1024w, https:\/\/lademeuredothe.family\/wp-content\/uploads\/2023\/04\/Photo-interieur-salle-de-douche-chambre-masque-300x300.jpg 300w, https:\/\/lademeuredothe.family\/wp-content\/uploads\/2023\/04\/Photo-interieur-salle-de-douche-chambre-masque-150x150.jpg 150w, https:\/\/lademeuredothe.family\/wp-content\/uploads\/2023\/04\/Photo-interieur-salle-de-douche-chambre-masque-768x768.jpg 768w, https:\/\/lademeuredothe.family\/wp-content\/uploads\/2023\/04\/Photo-interieur-salle-de-douche-chambre-masque-1536x1536.jpg 1536w, https:\/\/lademeuredothe.family\/wp-content\/uploads\/2023\/04\/Photo-interieur-salle-de-douche-chambre-masque-892x892.jpg 892w, https:\/\/lademeuredothe.family\/wp-content\/uploads\/2023\/04\/Photo-interieur-salle-de-douche-chambre-masque.jpg 2048w\" sizes=\"auto, (max-width: 1024px) 100vw, 1024px\" \/><figcaption class=\"wp-element-caption\">La salle de douche de la chambre Le Masque<\/figcaption><\/figure>\n<\/div>\n<\/div>\n\n\n\n<div class=\"wp-block-columns is-layout-flex wp-container-core-columns-is-layout-9d6595d7 wp-block-columns-is-layout-flex\">\n<div class=\"wp-block-column is-layout-flow wp-block-column-is-layout-flow\">\n<figure class=\"wp-block-image size-large\"><img loading=\"lazy\" decoding=\"async\" width=\"1024\" height=\"1024\" src=\"https:\/\/lademeuredothe.family\/wp-content\/uploads\/2023\/04\/PHOTO-2023-04-04-18-10-37-1-1024x1024.jpg\" alt=\"\" class=\"wp-image-1660\" srcset=\"https:\/\/lademeuredothe.family\/wp-content\/uploads\/2023\/04\/PHOTO-2023-04-04-18-10-37-1-1024x1024.jpg 1024w, https:\/\/lademeuredothe.family\/wp-content\/uploads\/2023\/04\/PHOTO-2023-04-04-18-10-37-1-300x300.jpg 300w, https:\/\/lademeuredothe.family\/wp-content\/uploads\/2023\/04\/PHOTO-2023-04-04-18-10-37-1-150x150.jpg 150w, https:\/\/lademeuredothe.family\/wp-content\/uploads\/2023\/04\/PHOTO-2023-04-04-18-10-37-1-768x768.jpg 768w, https:\/\/lademeuredothe.family\/wp-content\/uploads\/2023\/04\/PHOTO-2023-04-04-18-10-37-1-1536x1536.jpg 1536w, https:\/\/lademeuredothe.family\/wp-content\/uploads\/2023\/04\/PHOTO-2023-04-04-18-10-37-1-892x892.jpg 892w, https:\/\/lademeuredothe.family\/wp-content\/uploads\/2023\/04\/PHOTO-2023-04-04-18-10-37-1.jpg 2048w\" sizes=\"auto, (max-width: 1024px) 100vw, 1024px\" \/><figcaption class=\"wp-element-caption\">La chambre La Princesse<\/figcaption><\/figure>\n<\/div>\n\n\n\n<div class=\"wp-block-column is-layout-flow wp-block-column-is-layout-flow\">\n<figure class=\"wp-block-image size-large\"><img loading=\"lazy\" decoding=\"async\" width=\"768\" height=\"1024\" src=\"https:\/\/lademeuredothe.family\/wp-content\/uploads\/2023\/04\/IMG_1577-768x1024.jpg\" alt=\"\" class=\"wp-image-1662\" srcset=\"https:\/\/lademeuredothe.family\/wp-content\/uploads\/2023\/04\/IMG_1577-768x1024.jpg 768w, https:\/\/lademeuredothe.family\/wp-content\/uploads\/2023\/04\/IMG_1577-225x300.jpg 225w, https:\/\/lademeuredothe.family\/wp-content\/uploads\/2023\/04\/IMG_1577-1152x1536.jpg 1152w, https:\/\/lademeuredothe.family\/wp-content\/uploads\/2023\/04\/IMG_1577-1536x2048.jpg 1536w, https:\/\/lademeuredothe.family\/wp-content\/uploads\/2023\/04\/IMG_1577-892x1189.jpg 892w, https:\/\/lademeuredothe.family\/wp-content\/uploads\/2023\/04\/IMG_1577-scaled.jpg 1920w\" sizes=\"auto, (max-width: 768px) 100vw, 768px\" \/><figcaption class=\"wp-element-caption\">La salle de douche de la chambre La Princesse<\/figcaption><\/figure>\n<\/div>\n<\/div>\n\n\n\n<div class=\"wp-block-columns is-layout-flex wp-container-core-columns-is-layout-9d6595d7 wp-block-columns-is-layout-flex\">\n<div class=\"wp-block-column is-layout-flow wp-block-column-is-layout-flow\">\n<figure class=\"wp-block-image size-large\"><img loading=\"lazy\" decoding=\"async\" width=\"1024\" height=\"1024\" src=\"https:\/\/lademeuredothe.family\/wp-content\/uploads\/2023\/04\/PHOTO-2023-04-04-18-13-49-1024x1024.jpg\" alt=\"\" class=\"wp-image-1642\" srcset=\"https:\/\/lademeuredothe.family\/wp-content\/uploads\/2023\/04\/PHOTO-2023-04-04-18-13-49-1024x1024.jpg 1024w, https:\/\/lademeuredothe.family\/wp-content\/uploads\/2023\/04\/PHOTO-2023-04-04-18-13-49-300x300.jpg 300w, https:\/\/lademeuredothe.family\/wp-content\/uploads\/2023\/04\/PHOTO-2023-04-04-18-13-49-150x150.jpg 150w, https:\/\/lademeuredothe.family\/wp-content\/uploads\/2023\/04\/PHOTO-2023-04-04-18-13-49-768x768.jpg 768w, https:\/\/lademeuredothe.family\/wp-content\/uploads\/2023\/04\/PHOTO-2023-04-04-18-13-49-1536x1536.jpg 1536w, https:\/\/lademeuredothe.family\/wp-content\/uploads\/2023\/04\/PHOTO-2023-04-04-18-13-49-892x892.jpg 892w, https:\/\/lademeuredothe.family\/wp-content\/uploads\/2023\/04\/PHOTO-2023-04-04-18-13-49.jpg 2048w\" sizes=\"auto, (max-width: 1024px) 100vw, 1024px\" \/><figcaption class=\"wp-element-caption\">La chambre Les Miroirs<\/figcaption><\/figure>\n<\/div>\n\n\n\n<div class=\"wp-block-column is-layout-flow wp-block-column-is-layout-flow\">\n<figure class=\"wp-block-image size-large\"><img loading=\"lazy\" decoding=\"async\" width=\"1024\" height=\"756\" src=\"https:\/\/lademeuredothe.family\/wp-content\/uploads\/2023\/04\/PHOTO-2023-01-21-17-51-20-ter-1024x756.jpg\" alt=\"\" class=\"wp-image-1645\" srcset=\"https:\/\/lademeuredothe.family\/wp-content\/uploads\/2023\/04\/PHOTO-2023-01-21-17-51-20-ter-1024x756.jpg 1024w, https:\/\/lademeuredothe.family\/wp-content\/uploads\/2023\/04\/PHOTO-2023-01-21-17-51-20-ter-300x221.jpg 300w, https:\/\/lademeuredothe.family\/wp-content\/uploads\/2023\/04\/PHOTO-2023-01-21-17-51-20-ter-768x567.jpg 768w, https:\/\/lademeuredothe.family\/wp-content\/uploads\/2023\/04\/PHOTO-2023-01-21-17-51-20-ter-1536x1134.jpg 1536w, https:\/\/lademeuredothe.family\/wp-content\/uploads\/2023\/04\/PHOTO-2023-01-21-17-51-20-ter-892x658.jpg 892w, https:\/\/lademeuredothe.family\/wp-content\/uploads\/2023\/04\/PHOTO-2023-01-21-17-51-20-ter.jpg 1600w\" sizes=\"auto, (max-width: 1024px) 100vw, 1024px\" \/><figcaption class=\"wp-element-caption\">La salle de douche de la chambre Les Miroirs<\/figcaption><\/figure>\n<\/div>\n<\/div>\n\n\n\n<div class=\"wp-block-columns is-layout-flex wp-container-core-columns-is-layout-9d6595d7 wp-block-columns-is-layout-flex\">\n<div class=\"wp-block-column is-layout-flow wp-block-column-is-layout-flow\">\n<figure class=\"wp-block-image size-large\"><img loading=\"lazy\" decoding=\"async\" width=\"1024\" height=\"1024\" src=\"https:\/\/lademeuredothe.family\/wp-content\/uploads\/2023\/04\/Le-lit-WhatsApp-Image-2023-04-09-a-17.01.33-1024x1024.jpg\" alt=\"\" class=\"wp-image-1630\" srcset=\"https:\/\/lademeuredothe.family\/wp-content\/uploads\/2023\/04\/Le-lit-WhatsApp-Image-2023-04-09-a-17.01.33-1024x1024.jpg 1024w, https:\/\/lademeuredothe.family\/wp-content\/uploads\/2023\/04\/Le-lit-WhatsApp-Image-2023-04-09-a-17.01.33-300x300.jpg 300w, https:\/\/lademeuredothe.family\/wp-content\/uploads\/2023\/04\/Le-lit-WhatsApp-Image-2023-04-09-a-17.01.33-150x150.jpg 150w, https:\/\/lademeuredothe.family\/wp-content\/uploads\/2023\/04\/Le-lit-WhatsApp-Image-2023-04-09-a-17.01.33-768x768.jpg 768w, https:\/\/lademeuredothe.family\/wp-content\/uploads\/2023\/04\/Le-lit-WhatsApp-Image-2023-04-09-a-17.01.33-892x892.jpg 892w, https:\/\/lademeuredothe.family\/wp-content\/uploads\/2023\/04\/Le-lit-WhatsApp-Image-2023-04-09-a-17.01.33.jpg 1496w\" sizes=\"auto, (max-width: 1024px) 100vw, 1024px\" \/><figcaption class=\"wp-element-caption\">La chambre La Romantique<\/figcaption><\/figure>\n<\/div>\n\n\n\n<div class=\"wp-block-column is-layout-flow wp-block-column-is-layout-flow\"><\/div>\n<\/div>\n\n\n\n<div class=\"wp-block-columns is-layout-flex wp-container-core-columns-is-layout-9d6595d7 wp-block-columns-is-layout-flex\">\n<div class=\"wp-block-column is-layout-flow wp-block-column-is-layout-flow\">\n<figure class=\"wp-block-image size-large\"><img loading=\"lazy\" decoding=\"async\" width=\"1024\" height=\"768\" src=\"https:\/\/lademeuredothe.family\/wp-content\/uploads\/2024\/03\/240313-PS-Chambre-printaniere-lit-et-tete-de-lit-IMG_2692-2-1024x768.jpg\" alt=\"\" class=\"wp-image-2338\" srcset=\"https:\/\/lademeuredothe.family\/wp-content\/uploads\/2024\/03\/240313-PS-Chambre-printaniere-lit-et-tete-de-lit-IMG_2692-2-1024x768.jpg 1024w, https:\/\/lademeuredothe.family\/wp-content\/uploads\/2024\/03\/240313-PS-Chambre-printaniere-lit-et-tete-de-lit-IMG_2692-2-300x225.jpg 300w, https:\/\/lademeuredothe.family\/wp-content\/uploads\/2024\/03\/240313-PS-Chambre-printaniere-lit-et-tete-de-lit-IMG_2692-2-768x576.jpg 768w, https:\/\/lademeuredothe.family\/wp-content\/uploads\/2024\/03\/240313-PS-Chambre-printaniere-lit-et-tete-de-lit-IMG_2692-2-1536x1152.jpg 1536w, https:\/\/lademeuredothe.family\/wp-content\/uploads\/2024\/03\/240313-PS-Chambre-printaniere-lit-et-tete-de-lit-IMG_2692-2-2048x1536.jpg 2048w, https:\/\/lademeuredothe.family\/wp-content\/uploads\/2024\/03\/240313-PS-Chambre-printaniere-lit-et-tete-de-lit-IMG_2692-2-892x669.jpg 892w\" sizes=\"auto, (max-width: 1024px) 100vw, 1024px\" \/><figcaption class=\"wp-element-caption\">Vue sur le grand lit de la chambre Printani\u00e8re <\/figcaption><\/figure>\n<\/div>\n\n\n\n<div class=\"wp-block-column is-layout-flow wp-block-column-is-layout-flow\">\n<figure class=\"wp-block-image size-large\"><img loading=\"lazy\" decoding=\"async\" width=\"768\" height=\"1024\" src=\"https:\/\/lademeuredothe.family\/wp-content\/uploads\/2024\/03\/240314-Chambre-Printaniere-Salle-deau-IMG_2707-1-768x1024.jpg\" alt=\"\" class=\"wp-image-2342\" srcset=\"https:\/\/lademeuredothe.family\/wp-content\/uploads\/2024\/03\/240314-Chambre-Printaniere-Salle-deau-IMG_2707-1-768x1024.jpg 768w, https:\/\/lademeuredothe.family\/wp-content\/uploads\/2024\/03\/240314-Chambre-Printaniere-Salle-deau-IMG_2707-1-225x300.jpg 225w, https:\/\/lademeuredothe.family\/wp-content\/uploads\/2024\/03\/240314-Chambre-Printaniere-Salle-deau-IMG_2707-1-1152x1536.jpg 1152w, https:\/\/lademeuredothe.family\/wp-content\/uploads\/2024\/03\/240314-Chambre-Printaniere-Salle-deau-IMG_2707-1-1536x2048.jpg 1536w, https:\/\/lademeuredothe.family\/wp-content\/uploads\/2024\/03\/240314-Chambre-Printaniere-Salle-deau-IMG_2707-1-892x1189.jpg 892w, https:\/\/lademeuredothe.family\/wp-content\/uploads\/2024\/03\/240314-Chambre-Printaniere-Salle-deau-IMG_2707-1-scaled.jpg 1920w\" sizes=\"auto, (max-width: 768px) 100vw, 768px\" \/><figcaption class=\"wp-element-caption\">La salle de bains de la chambre Printani\u00e8re et son s\u00e8che cheveux<\/figcaption><\/figure>\n<\/div>\n<\/div>\n\n\n\n<p>Pour plus de photos sur les chambres, n&rsquo;h\u00e9sitez pas \u00e0 parcourir <a href=\"https:\/\/lademeuredothe.family\/index.php\/les-chambres-dhotes-2\/les-chambres-dhotes\/\">Les chambres<\/a>.<\/p>\n\n\n\n<p>A la demande, nous pouvons vous mettre \u00e0 disposition des mat\u00e9riels de pu\u00e9riculture : lits parapluie, une table \u00e0 langer, chaises hautes &#8230;<\/p>\n\n\n\n<p>Mais la Demeure d&rsquo;Othe, c&rsquo;est \u00e9galement :<\/p>\n\n\n\n<ul class=\"wp-block-list\">\n<li>un jardin dans la cour int\u00e9rieure avec deux magnifiques noisetiers sous lesquels les petits d\u00e9jeuners peuvent \u00eatre pris par beau temps<\/li>\n\n\n\n<li>un wifi gratuit dans toute la maison<\/li>\n\n\n\n<li>une grande entr\u00e9e menant sur un escalier qui monte dans les \u00e9tages<\/li>\n\n\n\n<li>un salon avec plusieurs banquettes et fauteuils autour d&rsquo;une grande chemin\u00e9e<\/li>\n\n\n\n<li>une salle \u00e0 manger (jusque 12 couverts &#8211; au-del\u00e0 voir la grande salle ext\u00e9rieure)<\/li>\n\n\n\n<li>deux toilettes au rez-de-chauss\u00e9e<\/li>\n\n\n\n<li>un jardin de 3.000 m<sup>2<\/sup> (voir les am\u00e9nagements ext\u00e9rieurs)<\/li>\n<\/ul>\n\n\n\n<figure class=\"wp-block-video\"><video height=\"1920\" style=\"aspect-ratio: 1080 \/ 1920;\" width=\"1080\" controls src=\"https:\/\/lademeuredothe.family\/wp-content\/uploads\/2023\/06\/230614-LD-Video-courte-en-plan-Sormery2vertical2.mp4\"><\/video><figcaption class=\"wp-element-caption\">La Demeure d&rsquo;Othe, le village vus d&rsquo;en haut <\/figcaption><\/figure>\n","protected":false},"excerpt":{"rendered":"<p>La Demeure d&rsquo;Othe poss\u00e8de 5 chambres (4 au premier \u00e9tage, une au rez-de-chauss\u00e9e) dont : Chacune de ces chambres poss\u00e8de sa propre salle de douches et ses toilettes. Pour plus de photos sur les chambres, n&rsquo;h\u00e9sitez pas \u00e0 parcourir Les chambres. A la demande, nous pouvons vous mettre \u00e0 disposition des mat\u00e9riels de pu\u00e9riculture : [&hellip;]<\/p>\n","protected":false},"author":1,"featured_media":0,"parent":0,"menu_order":0,"comment_status":"closed","ping_status":"closed","template":"","meta":{"footnotes":""},"class_list":["post-787","page","type-page","status-publish","hentry"],"_links":{"self":[{"href":"https:\/\/lademeuredothe.family\/index.php\/wp-json\/wp\/v2\/pages\/787","targetHints":{"allow":["GET"]}}],"collection":[{"href":"https:\/\/lademeuredothe.family\/index.php\/wp-json\/wp\/v2\/pages"}],"about":[{"href":"https:\/\/lademeuredothe.family\/index.php\/wp-json\/wp\/v2\/types\/page"}],"author":[{"embeddable":true,"href":"https:\/\/lademeuredothe.family\/index.php\/wp-json\/wp\/v2\/users\/1"}],"replies":[{"embeddable":true,"href":"https:\/\/lademeuredothe.family\/index.php\/wp-json\/wp\/v2\/comments?post=787"}],"version-history":[{"count":20,"href":"https:\/\/lademeuredothe.family\/index.php\/wp-json\/wp\/v2\/pages\/787\/revisions"}],"predecessor-version":[{"id":3008,"href":"https:\/\/lademeuredothe.family\/index.php\/wp-json\/wp\/v2\/pages\/787\/revisions\/3008"}],"wp:attachment":[{"href":"https:\/\/lademeuredothe.family\/index.php\/wp-json\/wp\/v2\/media?parent=787"}],"curies":[{"name":"wp","href":"https:\/\/api.w.org\/{rel}","templated":true}]}}