{"id":782,"date":"2023-01-13T16:42:51","date_gmt":"2023-01-13T15:42:51","guid":{"rendered":"http:\/\/lademeuredothe.family\/?page_id=782"},"modified":"2023-03-15T16:32:37","modified_gmt":"2023-03-15T15:32:37","slug":"la-maison-conventuelle","status":"publish","type":"page","link":"https:\/\/lademeuredothe.family\/index.php\/bienvenu-a-la-demeure-dothe\/la-demeure-dothe\/la-maison-conventuelle\/","title":{"rendered":"La maison Conventuelle"},"content":{"rendered":"\n<p>Construite dans les ann\u00e9es 1860 \u00ab&nbsp;La Demeure d\u2019Othe&nbsp;\u00bb fut d\u2019abord une Maison Conventuelle plus ou moins officiellement attach\u00e9e \u00e0 la \u00ab&nbsp;Compagnie&nbsp;\u00bb des Filles de la Charit\u00e9 de&nbsp; Saint Vincent de Paul et semble-t-il financ\u00e9e par l\u2019\u00e9glise portugaise. <\/p>\n\n\n\n<p>Les \u00e9l\u00e9ments qui suivent sont extraits des \u00a0\u00bb Annales de la congr\u00e9gation de la Mission &#8211; tome LXIII de 1898&Prime; et de la \u00ab\u00a0Notice sur M. Eug\u00e8ne Emile Miel de ce m\u00eame ouvrage\u00a0\u00bb.<\/p>\n\n\n<div class=\"wp-block-image\">\n<figure class=\"aligncenter size-large is-resized\"><img loading=\"lazy\" decoding=\"async\" src=\"https:\/\/lademeuredothe.family\/wp-content\/uploads\/2023\/01\/230113-PS-Bibliographie-histoire-de-la-Demeure-dOthe-1024x715.png\" alt=\"\" class=\"wp-image-769\" width=\"768\" height=\"536\" srcset=\"https:\/\/lademeuredothe.family\/wp-content\/uploads\/2023\/01\/230113-PS-Bibliographie-histoire-de-la-Demeure-dOthe-1024x715.png 1024w, https:\/\/lademeuredothe.family\/wp-content\/uploads\/2023\/01\/230113-PS-Bibliographie-histoire-de-la-Demeure-dOthe-300x209.png 300w, https:\/\/lademeuredothe.family\/wp-content\/uploads\/2023\/01\/230113-PS-Bibliographie-histoire-de-la-Demeure-dOthe-768x536.png 768w, https:\/\/lademeuredothe.family\/wp-content\/uploads\/2023\/01\/230113-PS-Bibliographie-histoire-de-la-Demeure-dOthe-1536x1072.png 1536w, https:\/\/lademeuredothe.family\/wp-content\/uploads\/2023\/01\/230113-PS-Bibliographie-histoire-de-la-Demeure-dOthe-892x623.png 892w, https:\/\/lademeuredothe.family\/wp-content\/uploads\/2023\/01\/230113-PS-Bibliographie-histoire-de-la-Demeure-dOthe.png 1672w\" sizes=\"auto, (max-width: 768px) 100vw, 768px\" \/><\/figure>\n<\/div>\n\n\n<ul class=\"wp-block-list\">\n<li>En 1603, le cardinal de Retz, Pierre de Gondi <em>(1533\/1616)<\/em> ach\u00e8te le comt\u00e9 de Joigny et y installe sa famille. En 1613, Vincent Depaul ou de Paul arrive \u00e0 Joigny en tant que pr\u00e9cepteur des enfants du Comte de Joigny Charles Philippe Emmanuel de Gondi (neveu du pr\u00e9c\u00e9dent). En 1618, Fran\u00e7oise Marguerite de Silly <em>(1584\/1625),<\/em> \u00e9pouse du pr\u00e9c\u00e9dent, cr\u00e9\u00e9e une soci\u00e9t\u00e9 de charit\u00e9 sur l\u2019incitation de Vincent De Paul.  C&rsquo;est la naissance de la Compagnie&nbsp;\u00bb des Filles de la Charit\u00e9 de&nbsp; Saint Vincent de Paul.<\/li>\n<\/ul>\n\n\n\n<ul class=\"wp-block-list\">\n<li>En 1846 M. Eug\u00e8ne Emile Miel, de la r\u00e9gion de Tonnerre, fit ses \u00e9tudes \u00e0 Ervy le Chatel et re\u00e7ut la pr\u00eatrise \u00e0 l\u2019ordination de la Trinit\u00e9 au s\u00e9minaire de Sens, apr\u00e8s avoir rejoint la Compagnie.<\/li>\n<\/ul>\n\n\n\n<ul class=\"wp-block-list\">\n<li>De 1857 \u00e0 1896, Eug\u00e8ne Emile Miel oeuvra \u00e0 Lisbonne, \u00e0 Saint Louis aupr\u00e8s des Soeurs de la Charit\u00e9 et de l\u2019association de \u00ab&nbsp;l\u2019Union de pri\u00e8res aux Coeurs souffrants de J\u00e9sus et de Marie&nbsp;\u00bb et de l\u2019\u00e9ducation des enfants de Saint Louis.<\/li>\n<\/ul>\n\n\n\n<p>Dans les ann\u00e9es 1860 une d\u00e9l\u00e9gation de l&rsquo;\u00e9v\u00e9ch\u00e9 de Lisbonne vint \u00e0 Sormery et il est probable que la d\u00e9cision du financement et de la construction d&rsquo;une maison conventuelle ait \u00e9t\u00e9 prise \u00e0 cette occasion. L<\/p>\n","protected":false},"excerpt":{"rendered":"<p>Construite dans les ann\u00e9es 1860 \u00ab&nbsp;La Demeure d\u2019Othe&nbsp;\u00bb fut d\u2019abord une Maison Conventuelle plus ou moins officiellement attach\u00e9e \u00e0 la \u00ab&nbsp;Compagnie&nbsp;\u00bb des Filles de la Charit\u00e9 de&nbsp; Saint Vincent de Paul et semble-t-il financ\u00e9e par l\u2019\u00e9glise portugaise. Les \u00e9l\u00e9ments qui suivent sont extraits des \u00a0\u00bb Annales de la congr\u00e9gation de la Mission &#8211; tome LXIII [&hellip;]<\/p>\n","protected":false},"author":1,"featured_media":0,"parent":740,"menu_order":0,"comment_status":"closed","ping_status":"closed","template":"","meta":{"footnotes":""},"class_list":["post-782","page","type-page","status-publish","hentry"],"_links":{"self":[{"href":"https:\/\/lademeuredothe.family\/index.php\/wp-json\/wp\/v2\/pages\/782","targetHints":{"allow":["GET"]}}],"collection":[{"href":"https:\/\/lademeuredothe.family\/index.php\/wp-json\/wp\/v2\/pages"}],"about":[{"href":"https:\/\/lademeuredothe.family\/index.php\/wp-json\/wp\/v2\/types\/page"}],"author":[{"embeddable":true,"href":"https:\/\/lademeuredothe.family\/index.php\/wp-json\/wp\/v2\/users\/1"}],"replies":[{"embeddable":true,"href":"https:\/\/lademeuredothe.family\/index.php\/wp-json\/wp\/v2\/comments?post=782"}],"version-history":[{"count":3,"href":"https:\/\/lademeuredothe.family\/index.php\/wp-json\/wp\/v2\/pages\/782\/revisions"}],"predecessor-version":[{"id":1029,"href":"https:\/\/lademeuredothe.family\/index.php\/wp-json\/wp\/v2\/pages\/782\/revisions\/1029"}],"up":[{"embeddable":true,"href":"https:\/\/lademeuredothe.family\/index.php\/wp-json\/wp\/v2\/pages\/740"}],"wp:attachment":[{"href":"https:\/\/lademeuredothe.family\/index.php\/wp-json\/wp\/v2\/media?parent=782"}],"curies":[{"name":"wp","href":"https:\/\/api.w.org\/{rel}","templated":true}]}}