{"id":2615,"date":"2025-01-28T17:58:44","date_gmt":"2025-01-28T16:58:44","guid":{"rendered":"https:\/\/lademeuredothe.family\/?page_id=2615"},"modified":"2025-01-28T18:04:22","modified_gmt":"2025-01-28T17:04:22","slug":"les-travaux-de-renovation-realises","status":"publish","type":"page","link":"https:\/\/lademeuredothe.family\/index.php\/pour-vos-evenements\/les-travaux-de-renovation-realises\/","title":{"rendered":"Les travaux de r\u00e9novation r\u00e9alis\u00e9s"},"content":{"rendered":"\n<p>Les travaux men\u00e9s de novembre \u00e0 janvier ont permis de :<\/p>\n\n\n\n<ul class=\"wp-block-list\">\n<li>Mener une r\u00e9fection des poutres et du plafond<\/li>\n<\/ul>\n\n\n\n<div class=\"wp-block-columns is-layout-flex wp-container-core-columns-is-layout-9d6595d7 wp-block-columns-is-layout-flex\">\n<div class=\"wp-block-column is-layout-flow wp-block-column-is-layout-flow\">\n<figure class=\"wp-block-image size-large\"><img loading=\"lazy\" decoding=\"async\" width=\"768\" height=\"1024\" src=\"https:\/\/lademeuredothe.family\/wp-content\/uploads\/2025\/01\/250127-PS-Montage-echafaudage-768x1024.jpg\" alt=\"\" class=\"wp-image-2620\" srcset=\"https:\/\/lademeuredothe.family\/wp-content\/uploads\/2025\/01\/250127-PS-Montage-echafaudage-768x1024.jpg 768w, https:\/\/lademeuredothe.family\/wp-content\/uploads\/2025\/01\/250127-PS-Montage-echafaudage-225x300.jpg 225w, https:\/\/lademeuredothe.family\/wp-content\/uploads\/2025\/01\/250127-PS-Montage-echafaudage-1152x1536.jpg 1152w, https:\/\/lademeuredothe.family\/wp-content\/uploads\/2025\/01\/250127-PS-Montage-echafaudage-1536x2048.jpg 1536w, https:\/\/lademeuredothe.family\/wp-content\/uploads\/2025\/01\/250127-PS-Montage-echafaudage-892x1189.jpg 892w, https:\/\/lademeuredothe.family\/wp-content\/uploads\/2025\/01\/250127-PS-Montage-echafaudage-scaled.jpg 1920w\" sizes=\"auto, (max-width: 768px) 100vw, 768px\" \/><figcaption class=\"wp-element-caption\">Montage de l&rsquo;\u00e9chafaudage<\/figcaption><\/figure>\n<\/div>\n\n\n\n<div class=\"wp-block-column is-layout-flow wp-block-column-is-layout-flow\">\n<figure class=\"wp-block-image size-large\"><img loading=\"lazy\" decoding=\"async\" width=\"768\" height=\"1024\" src=\"https:\/\/lademeuredothe.family\/wp-content\/uploads\/2025\/01\/250127-PS-Refection-poutre-768x1024.jpg\" alt=\"\" class=\"wp-image-2623\" srcset=\"https:\/\/lademeuredothe.family\/wp-content\/uploads\/2025\/01\/250127-PS-Refection-poutre-768x1024.jpg 768w, https:\/\/lademeuredothe.family\/wp-content\/uploads\/2025\/01\/250127-PS-Refection-poutre-225x300.jpg 225w, https:\/\/lademeuredothe.family\/wp-content\/uploads\/2025\/01\/250127-PS-Refection-poutre-1152x1536.jpg 1152w, https:\/\/lademeuredothe.family\/wp-content\/uploads\/2025\/01\/250127-PS-Refection-poutre-1536x2048.jpg 1536w, https:\/\/lademeuredothe.family\/wp-content\/uploads\/2025\/01\/250127-PS-Refection-poutre-892x1189.jpg 892w, https:\/\/lademeuredothe.family\/wp-content\/uploads\/2025\/01\/250127-PS-Refection-poutre-scaled.jpg 1920w\" sizes=\"auto, (max-width: 768px) 100vw, 768px\" \/><figcaption class=\"wp-element-caption\">R\u00e9fection des poutres<\/figcaption><\/figure>\n<\/div>\n\n\n\n<div class=\"wp-block-column is-layout-flow wp-block-column-is-layout-flow\">\n<figure class=\"wp-block-image size-large\"><img loading=\"lazy\" decoding=\"async\" width=\"768\" height=\"1024\" src=\"https:\/\/lademeuredothe.family\/wp-content\/uploads\/2025\/01\/250127-PS-Echafaudage-768x1024.jpg\" alt=\"\" class=\"wp-image-2619\" srcset=\"https:\/\/lademeuredothe.family\/wp-content\/uploads\/2025\/01\/250127-PS-Echafaudage-768x1024.jpg 768w, https:\/\/lademeuredothe.family\/wp-content\/uploads\/2025\/01\/250127-PS-Echafaudage-225x300.jpg 225w, https:\/\/lademeuredothe.family\/wp-content\/uploads\/2025\/01\/250127-PS-Echafaudage-1152x1536.jpg 1152w, https:\/\/lademeuredothe.family\/wp-content\/uploads\/2025\/01\/250127-PS-Echafaudage-1536x2048.jpg 1536w, https:\/\/lademeuredothe.family\/wp-content\/uploads\/2025\/01\/250127-PS-Echafaudage-892x1189.jpg 892w, https:\/\/lademeuredothe.family\/wp-content\/uploads\/2025\/01\/250127-PS-Echafaudage-scaled.jpg 1920w\" sizes=\"auto, (max-width: 768px) 100vw, 768px\" \/><figcaption class=\"wp-element-caption\">Lancement de la r\u00e9novation du plafond<\/figcaption><\/figure>\n<\/div>\n<\/div>\n\n\n\n<ul class=\"wp-block-list\">\n<li>Rendre plus lumineuse et cr\u00e9er diff\u00e9rentes ambiances<\/li>\n<\/ul>\n\n\n\n<div class=\"wp-block-columns is-layout-flex wp-container-core-columns-is-layout-9d6595d7 wp-block-columns-is-layout-flex\">\n<div class=\"wp-block-column is-layout-flow wp-block-column-is-layout-flow\">\n<figure class=\"wp-block-image size-large\"><img loading=\"lazy\" decoding=\"async\" width=\"768\" height=\"1024\" src=\"https:\/\/lademeuredothe.family\/wp-content\/uploads\/2025\/01\/250127-PS-Creation-point-lumineux-a-lentree-768x1024.jpg\" alt=\"\" class=\"wp-image-2618\" srcset=\"https:\/\/lademeuredothe.family\/wp-content\/uploads\/2025\/01\/250127-PS-Creation-point-lumineux-a-lentree-768x1024.jpg 768w, https:\/\/lademeuredothe.family\/wp-content\/uploads\/2025\/01\/250127-PS-Creation-point-lumineux-a-lentree-225x300.jpg 225w, https:\/\/lademeuredothe.family\/wp-content\/uploads\/2025\/01\/250127-PS-Creation-point-lumineux-a-lentree-1152x1536.jpg 1152w, https:\/\/lademeuredothe.family\/wp-content\/uploads\/2025\/01\/250127-PS-Creation-point-lumineux-a-lentree-1536x2048.jpg 1536w, https:\/\/lademeuredothe.family\/wp-content\/uploads\/2025\/01\/250127-PS-Creation-point-lumineux-a-lentree-892x1189.jpg 892w, https:\/\/lademeuredothe.family\/wp-content\/uploads\/2025\/01\/250127-PS-Creation-point-lumineux-a-lentree-scaled.jpg 1920w\" sizes=\"auto, (max-width: 768px) 100vw, 768px\" \/><figcaption class=\"wp-element-caption\">Cr\u00e9ation d&rsquo;un point lumineux \u00e0 l&rsquo;entr\u00e9e<\/figcaption><\/figure>\n<\/div>\n\n\n\n<div class=\"wp-block-column is-layout-flow wp-block-column-is-layout-flow\">\n<figure class=\"wp-block-image size-large\"><img loading=\"lazy\" decoding=\"async\" width=\"1024\" height=\"768\" src=\"https:\/\/lademeuredothe.family\/wp-content\/uploads\/2025\/01\/250127-PS-PReparation-zone-a-tapisser-1024x768.jpg\" alt=\"\" class=\"wp-image-2622\" srcset=\"https:\/\/lademeuredothe.family\/wp-content\/uploads\/2025\/01\/250127-PS-PReparation-zone-a-tapisser-1024x768.jpg 1024w, https:\/\/lademeuredothe.family\/wp-content\/uploads\/2025\/01\/250127-PS-PReparation-zone-a-tapisser-300x225.jpg 300w, https:\/\/lademeuredothe.family\/wp-content\/uploads\/2025\/01\/250127-PS-PReparation-zone-a-tapisser-768x576.jpg 768w, https:\/\/lademeuredothe.family\/wp-content\/uploads\/2025\/01\/250127-PS-PReparation-zone-a-tapisser-1536x1152.jpg 1536w, https:\/\/lademeuredothe.family\/wp-content\/uploads\/2025\/01\/250127-PS-PReparation-zone-a-tapisser-2048x1536.jpg 2048w, https:\/\/lademeuredothe.family\/wp-content\/uploads\/2025\/01\/250127-PS-PReparation-zone-a-tapisser-892x669.jpg 892w\" sizes=\"auto, (max-width: 1024px) 100vw, 1024px\" \/><figcaption class=\"wp-element-caption\">Pr\u00e9paration de la zone \u00e0 tapisser<\/figcaption><\/figure>\n<\/div>\n\n\n\n<div class=\"wp-block-column is-layout-flow wp-block-column-is-layout-flow\">\n<figure class=\"wp-block-image size-large\"><img loading=\"lazy\" decoding=\"async\" width=\"1024\" height=\"364\" src=\"https:\/\/lademeuredothe.family\/wp-content\/uploads\/2025\/01\/250128-PS-Guirlandes-1024x364.png\" alt=\"\" class=\"wp-image-2627\" srcset=\"https:\/\/lademeuredothe.family\/wp-content\/uploads\/2025\/01\/250128-PS-Guirlandes-1024x364.png 1024w, https:\/\/lademeuredothe.family\/wp-content\/uploads\/2025\/01\/250128-PS-Guirlandes-300x107.png 300w, https:\/\/lademeuredothe.family\/wp-content\/uploads\/2025\/01\/250128-PS-Guirlandes-768x273.png 768w, https:\/\/lademeuredothe.family\/wp-content\/uploads\/2025\/01\/250128-PS-Guirlandes-1536x547.png 1536w, https:\/\/lademeuredothe.family\/wp-content\/uploads\/2025\/01\/250128-PS-Guirlandes-2048x729.png 2048w, https:\/\/lademeuredothe.family\/wp-content\/uploads\/2025\/01\/250128-PS-Guirlandes-892x317.png 892w\" sizes=\"auto, (max-width: 1024px) 100vw, 1024px\" \/><figcaption class=\"wp-element-caption\">Pose de guirlandes sur les poutres<\/figcaption><\/figure>\n<\/div>\n<\/div>\n\n\n\n<p><\/p>\n\n\n\n<ul class=\"wp-block-list\">\n<li>Lui redonner des couleurs<\/li>\n<\/ul>\n\n\n\n<div class=\"wp-block-columns is-layout-flex wp-container-core-columns-is-layout-9d6595d7 wp-block-columns-is-layout-flex\">\n<div class=\"wp-block-column is-layout-flow wp-block-column-is-layout-flow\">\n<figure class=\"wp-block-image size-large\"><img loading=\"lazy\" decoding=\"async\" width=\"1024\" height=\"577\" src=\"https:\/\/lademeuredothe.family\/wp-content\/uploads\/2025\/01\/250127-PS-Peinture-pignon-rue-et-ecran-e1738082356401-1024x577.jpg\" alt=\"\" class=\"wp-image-2621\" srcset=\"https:\/\/lademeuredothe.family\/wp-content\/uploads\/2025\/01\/250127-PS-Peinture-pignon-rue-et-ecran-e1738082356401-1024x577.jpg 1024w, https:\/\/lademeuredothe.family\/wp-content\/uploads\/2025\/01\/250127-PS-Peinture-pignon-rue-et-ecran-e1738082356401-300x169.jpg 300w, https:\/\/lademeuredothe.family\/wp-content\/uploads\/2025\/01\/250127-PS-Peinture-pignon-rue-et-ecran-e1738082356401-768x433.jpg 768w, https:\/\/lademeuredothe.family\/wp-content\/uploads\/2025\/01\/250127-PS-Peinture-pignon-rue-et-ecran-e1738082356401-1536x866.jpg 1536w, https:\/\/lademeuredothe.family\/wp-content\/uploads\/2025\/01\/250127-PS-Peinture-pignon-rue-et-ecran-e1738082356401-892x503.jpg 892w, https:\/\/lademeuredothe.family\/wp-content\/uploads\/2025\/01\/250127-PS-Peinture-pignon-rue-et-ecran-e1738082356401.jpg 1637w\" sizes=\"auto, (max-width: 1024px) 100vw, 1024px\" \/><figcaption class=\"wp-element-caption\">Ebauche de peinture du pignon gauche et de l&rsquo;\u00e9cran<\/figcaption><\/figure>\n<\/div>\n\n\n\n<div class=\"wp-block-column is-layout-flow wp-block-column-is-layout-flow\"><div class=\"wp-block-image\">\n<figure class=\"aligncenter size-medium\"><img loading=\"lazy\" decoding=\"async\" width=\"225\" height=\"300\" src=\"https:\/\/lademeuredothe.family\/wp-content\/uploads\/2025\/01\/250127-PS-Choix-tapisserie-225x300.jpg\" alt=\"\" class=\"wp-image-2617\" srcset=\"https:\/\/lademeuredothe.family\/wp-content\/uploads\/2025\/01\/250127-PS-Choix-tapisserie-225x300.jpg 225w, https:\/\/lademeuredothe.family\/wp-content\/uploads\/2025\/01\/250127-PS-Choix-tapisserie-768x1024.jpg 768w, https:\/\/lademeuredothe.family\/wp-content\/uploads\/2025\/01\/250127-PS-Choix-tapisserie-1152x1536.jpg 1152w, https:\/\/lademeuredothe.family\/wp-content\/uploads\/2025\/01\/250127-PS-Choix-tapisserie-1536x2048.jpg 1536w, https:\/\/lademeuredothe.family\/wp-content\/uploads\/2025\/01\/250127-PS-Choix-tapisserie-892x1189.jpg 892w, https:\/\/lademeuredothe.family\/wp-content\/uploads\/2025\/01\/250127-PS-Choix-tapisserie-scaled.jpg 1920w\" sizes=\"auto, (max-width: 225px) 100vw, 225px\" \/><figcaption class=\"wp-element-caption\">La tapisserie du coin \u00ab\u00a0confort\u00a0\u00bb<\/figcaption><\/figure>\n<\/div><\/div>\n<\/div>\n\n\n\n<p><\/p>\n\n\n\n<ul class=\"wp-block-list\">\n<li>Homog\u00e9n\u00e9iser le&nbsp;mobilier via un r\u00e9emploi de volets&nbsp;<\/li>\n<\/ul>\n\n\n\n<div class=\"wp-block-columns is-layout-flex wp-container-core-columns-is-layout-9d6595d7 wp-block-columns-is-layout-flex\">\n<div class=\"wp-block-column is-layout-flow wp-block-column-is-layout-flow\" style=\"flex-basis:25%\"><div class=\"wp-block-image\">\n<figure class=\"alignright size-medium\"><img loading=\"lazy\" decoding=\"async\" width=\"100\" height=\"300\" src=\"https:\/\/lademeuredothe.family\/wp-content\/uploads\/2025\/01\/IMG_3416-scaled-e1738083293973-100x300.jpg\" alt=\"\" class=\"wp-image-2630\" srcset=\"https:\/\/lademeuredothe.family\/wp-content\/uploads\/2025\/01\/IMG_3416-scaled-e1738083293973-100x300.jpg 100w, https:\/\/lademeuredothe.family\/wp-content\/uploads\/2025\/01\/IMG_3416-scaled-e1738083293973-341x1024.jpg 341w, https:\/\/lademeuredothe.family\/wp-content\/uploads\/2025\/01\/IMG_3416-scaled-e1738083293973-768x2305.jpg 768w, https:\/\/lademeuredothe.family\/wp-content\/uploads\/2025\/01\/IMG_3416-scaled-e1738083293973-512x1536.jpg 512w, https:\/\/lademeuredothe.family\/wp-content\/uploads\/2025\/01\/IMG_3416-scaled-e1738083293973-682x2048.jpg 682w, https:\/\/lademeuredothe.family\/wp-content\/uploads\/2025\/01\/IMG_3416-scaled-e1738083293973.jpg 853w\" sizes=\"auto, (max-width: 100px) 100vw, 100px\" \/><figcaption class=\"wp-element-caption\">Volet gauche sans ferrures<\/figcaption><\/figure>\n<\/div><\/div>\n\n\n\n<div class=\"wp-block-column is-layout-flow wp-block-column-is-layout-flow\" style=\"flex-basis:50%\"><div class=\"wp-block-image\">\n<figure class=\"aligncenter size-medium\"><img loading=\"lazy\" decoding=\"async\" width=\"225\" height=\"300\" src=\"https:\/\/lademeuredothe.family\/wp-content\/uploads\/2025\/01\/240530-Table-avec-pied-ferrures-et-deux-volets-225x300.jpg\" alt=\"\" class=\"wp-image-2631\" srcset=\"https:\/\/lademeuredothe.family\/wp-content\/uploads\/2025\/01\/240530-Table-avec-pied-ferrures-et-deux-volets-225x300.jpg 225w, https:\/\/lademeuredothe.family\/wp-content\/uploads\/2025\/01\/240530-Table-avec-pied-ferrures-et-deux-volets-768x1024.jpg 768w, https:\/\/lademeuredothe.family\/wp-content\/uploads\/2025\/01\/240530-Table-avec-pied-ferrures-et-deux-volets-1152x1536.jpg 1152w, https:\/\/lademeuredothe.family\/wp-content\/uploads\/2025\/01\/240530-Table-avec-pied-ferrures-et-deux-volets-892x1189.jpg 892w, https:\/\/lademeuredothe.family\/wp-content\/uploads\/2025\/01\/240530-Table-avec-pied-ferrures-et-deux-volets.jpg 1200w\" sizes=\"auto, (max-width: 225px) 100vw, 225px\" \/><figcaption class=\"wp-element-caption\">Volets droits et gauche r\u00e9nov\u00e9s en cours de montage final<\/figcaption><\/figure>\n<\/div><\/div>\n\n\n\n<div class=\"wp-block-column is-layout-flow wp-block-column-is-layout-flow\" style=\"flex-basis:25%\"><div class=\"wp-block-image\">\n<figure class=\"alignleft size-medium\"><img loading=\"lazy\" decoding=\"async\" width=\"96\" height=\"300\" src=\"https:\/\/lademeuredothe.family\/wp-content\/uploads\/2025\/01\/IMG_3415-scaled-e1738083324226-96x300.jpg\" alt=\"\" class=\"wp-image-2629\" srcset=\"https:\/\/lademeuredothe.family\/wp-content\/uploads\/2025\/01\/IMG_3415-scaled-e1738083324226-96x300.jpg 96w, https:\/\/lademeuredothe.family\/wp-content\/uploads\/2025\/01\/IMG_3415-scaled-e1738083324226-329x1024.jpg 329w, https:\/\/lademeuredothe.family\/wp-content\/uploads\/2025\/01\/IMG_3415-scaled-e1738083324226-768x2389.jpg 768w, https:\/\/lademeuredothe.family\/wp-content\/uploads\/2025\/01\/IMG_3415-scaled-e1738083324226-658x2048.jpg 658w, https:\/\/lademeuredothe.family\/wp-content\/uploads\/2025\/01\/IMG_3415-scaled-e1738083324226.jpg 823w\" sizes=\"auto, (max-width: 96px) 100vw, 96px\" \/><figcaption class=\"wp-element-caption\">Volet droit sans ferrures<\/figcaption><\/figure>\n<\/div><\/div>\n<\/div>\n\n\n<div class=\"wp-block-image\">\n<figure class=\"aligncenter size-medium\"><img loading=\"lazy\" decoding=\"async\" width=\"300\" height=\"139\" src=\"https:\/\/lademeuredothe.family\/wp-content\/uploads\/2025\/01\/240527-2-Volets-en-1-Table-1m90-sur-1m-de-face-300x139.jpg\" alt=\"\" class=\"wp-image-2632\" srcset=\"https:\/\/lademeuredothe.family\/wp-content\/uploads\/2025\/01\/240527-2-Volets-en-1-Table-1m90-sur-1m-de-face-300x139.jpg 300w, https:\/\/lademeuredothe.family\/wp-content\/uploads\/2025\/01\/240527-2-Volets-en-1-Table-1m90-sur-1m-de-face-1024x473.jpg 1024w, https:\/\/lademeuredothe.family\/wp-content\/uploads\/2025\/01\/240527-2-Volets-en-1-Table-1m90-sur-1m-de-face-768x355.jpg 768w, https:\/\/lademeuredothe.family\/wp-content\/uploads\/2025\/01\/240527-2-Volets-en-1-Table-1m90-sur-1m-de-face-1536x710.jpg 1536w, https:\/\/lademeuredothe.family\/wp-content\/uploads\/2025\/01\/240527-2-Volets-en-1-Table-1m90-sur-1m-de-face-892x412.jpg 892w, https:\/\/lademeuredothe.family\/wp-content\/uploads\/2025\/01\/240527-2-Volets-en-1-Table-1m90-sur-1m-de-face.jpg 2000w\" sizes=\"auto, (max-width: 300px) 100vw, 300px\" \/><figcaption class=\"wp-element-caption\">1 Table (2 volets) 1m90 sur 1m<\/figcaption><\/figure>\n<\/div>","protected":false},"excerpt":{"rendered":"<p>Les travaux men\u00e9s de novembre \u00e0 janvier ont permis de :<\/p>\n","protected":false},"author":1,"featured_media":0,"parent":905,"menu_order":0,"comment_status":"closed","ping_status":"closed","template":"","meta":{"footnotes":""},"class_list":["post-2615","page","type-page","status-publish","hentry"],"_links":{"self":[{"href":"https:\/\/lademeuredothe.family\/index.php\/wp-json\/wp\/v2\/pages\/2615","targetHints":{"allow":["GET"]}}],"collection":[{"href":"https:\/\/lademeuredothe.family\/index.php\/wp-json\/wp\/v2\/pages"}],"about":[{"href":"https:\/\/lademeuredothe.family\/index.php\/wp-json\/wp\/v2\/types\/page"}],"author":[{"embeddable":true,"href":"https:\/\/lademeuredothe.family\/index.php\/wp-json\/wp\/v2\/users\/1"}],"replies":[{"embeddable":true,"href":"https:\/\/lademeuredothe.family\/index.php\/wp-json\/wp\/v2\/comments?post=2615"}],"version-history":[{"count":5,"href":"https:\/\/lademeuredothe.family\/index.php\/wp-json\/wp\/v2\/pages\/2615\/revisions"}],"predecessor-version":[{"id":2634,"href":"https:\/\/lademeuredothe.family\/index.php\/wp-json\/wp\/v2\/pages\/2615\/revisions\/2634"}],"up":[{"embeddable":true,"href":"https:\/\/lademeuredothe.family\/index.php\/wp-json\/wp\/v2\/pages\/905"}],"wp:attachment":[{"href":"https:\/\/lademeuredothe.family\/index.php\/wp-json\/wp\/v2\/media?parent=2615"}],"curies":[{"name":"wp","href":"https:\/\/api.w.org\/{rel}","templated":true}]}}