{"id":2610,"date":"2025-01-28T17:25:42","date_gmt":"2025-01-28T16:25:42","guid":{"rendered":"https:\/\/lademeuredothe.family\/?page_id=2610"},"modified":"2026-03-25T12:11:10","modified_gmt":"2026-03-25T11:11:10","slug":"pourquoi-votre-entreprise-louerait-notre-salle-de-reception","status":"publish","type":"page","link":"https:\/\/lademeuredothe.family\/index.php\/pour-vos-evenements\/pourquoi-votre-entreprise-louerait-notre-salle-de-reception\/","title":{"rendered":"R\u00e9server notre salle pour votre besoin d&rsquo;entreprise"},"content":{"rendered":"\n<p>Pour r\u00e9server la salle de La Demeure d&rsquo;Othe (une matin\u00e9e, un matin, une soir\u00e9e, une journ\u00e9e) <a href=\"https:\/\/lademeuredothe.family\/index.php\/contact\/nous-contacter\/\" data-type=\"page\" data-id=\"1176\" target=\"_blank\" rel=\"noreferrer noopener\">contacter nous<\/a>. Nous d\u00e9finirons ensemble vos objectifs et vos besoins et \u00e9tabliront alors un devis.<\/p>\n\n\n\n<p>A titre d&rsquo;information, le prix <strong>\u00e0 la journ\u00e9e de <a href=\"https:\/\/lademeuredothe.family\/index.php\/pour-vos-evenements\/la-salle-de-reception\/\" data-type=\"page\" data-id=\"1273\">la salle de r\u00e9ception<\/a> est de 200\u20ac<\/strong> du lundi au vendredi (hors jours f\u00e9ri\u00e9s) hors option. <strong>A la demi journ\u00e9e, le prix est de 120 \u20ac<\/strong> et pour <strong>la soir\u00e9e il est de 150 \u20ac.<\/strong><\/p>\n\n\n\n<p>Pour la salle et des chambres (type s\u00e9minaire), n&rsquo;h\u00e9sitez pas \u00e0 nous contacter pour pr\u00e9ciser votre projet.<\/p>\n\n\n\n<p><\/p>\n\n\n\n<p>D\u00e9velopper votre activit\u00e9 professionnelle n\u00e9cessite \u00e0 certains moments de cr\u00e9er une ambiance diff\u00e9rente du quotidien. Cela peut soutenir par ailleurs vos objectifs, renforcer votre message, cr\u00e9er une dynamique dans votre \u00e9quipe&#8230;<\/p>\n\n\n\n<p>C\u2019est la raison pour laquelle la salle de r\u00e9ception de La Demeure d\u2019Othe vous permet&nbsp;d\u2019accueillir jusqu\u2019\u00e0 30 personnes assisses, 50 \u00e0 70 debout et : <\/p>\n\n\n\n<ul class=\"wp-block-list\">\n<li>d\u2019imaginer, d\u2019organiser&nbsp;une animation client (5 \u00e0 7 ; lancement produit ; \u2026), une animation interne (team building, annonce de r\u00e9sultats, remise de prix, arbre de No\u00ebl, \u2026).<\/li>\n\n\n\n<li>de cr\u00e9er un \u00e9v\u00e8nement \u00e0 l\u2019occasion d\u2019une date comme par exemple&nbsp;: La Saint Eloi, La Saint Vincent, la semaine du d\u00e9veloppement durable\u2026<\/li>\n\n\n\n<li>de d\u00e9localiser un comit\u00e9 de direction au vert, une r\u00e9union commerciale.<\/li>\n\n\n\n<li>de trouver une salle pour travailler seul, \u00e0 deux&#8230;<\/li>\n\n\n\n<li>ou de proposer, d\u2019animer une formation.<\/li>\n<\/ul>\n\n\n\n<p>Vous trouverez&nbsp;\u00e0 La Demeure d&rsquo;Othe, au-del\u00e0 de l\u2019ensemble des am\u00e9nagements ext\u00e9rieurs de La Demeure d\u2019Othe (piscine, jeux pour enfants, \u2026) :<\/p>\n\n\n\n<ul class=\"wp-block-list\">\n<li>Un espace au vert, au calme&nbsp;; un espace vrai, simple, chaleureux<\/li>\n\n\n\n<li>Une capacit\u00e9 d\u2019accueil avec la possibilit\u00e9 de r\u00e9server 5 chambres<\/li>\n\n\n\n<li>Un Wifi 6 n\u00e9cessaire \u00e0 votre activit\u00e9<\/li>\n\n\n\n<li>Un large panel de services pour vous<\/li>\n\n\n\n<li>Une possibilit\u00e9 de mise en relation avec un traiteur, des restaurateurs,<\/li>\n\n\n\n<li>Dans le village, un acc\u00e8s \u00e0 des terrains de p\u00e9tanques, \u00e0 un terrain de football, un salon de massage<\/li>\n\n\n\n<li>A proximit\u00e9 imm\u00e9diate (moins de 10&prime;), un centre d&rsquo;\u00e9quitation, un pub pour karaok\u00e9, un centre de parachutisme (Paris Jump \u00e0 Cheu)<\/li>\n\n\n\n<li>Un peu plus loin, les caves de Ch\u00e2blis.<\/li>\n<\/ul>\n\n\n\n<p><\/p>\n\n\n\n<p>En semaine vous pouvez r\u00e9server la salle seule pour :<\/p>\n\n\n\n<ul class=\"wp-block-list\">\n<li>la demi-journ\u00e9e (9h \u2013 12h ou 14h \u2013 17h), du lundi au vendredi<\/li>\n\n\n\n<li>la journ\u00e9e (9h \u2013 17h), du lundi au vendredi,<\/li>\n\n\n\n<li>la soir\u00e9e (17h \u2013 21h), du lundi au jeudi.<\/li>\n<\/ul>\n\n\n\n<p>Pour d&rsquo;autres besoins (salle plus chambres par exemple), <a href=\"https:\/\/lademeuredothe.family\/index.php\/contact\/nous-contacter\/\" data-type=\"page\" data-id=\"1176\" target=\"_blank\" rel=\"noreferrer noopener\">contactez nous<\/a> pour \u00e9voquer votre besoin.<\/p>\n\n\n\n<p>La r\u00e9servation de la salle&nbsp;comprend :<\/p>\n\n\n\n<ul class=\"wp-block-list\">\n<li>La pr\u00e9paration et la mise en place des tables, des chaises en fonction de vos objectifs.<\/li>\n\n\n\n<li>Un acc\u00e8s \u00e0 la piscine (en p\u00e9riode d\u2019ouverture piscine) de la Demeure d\u2019Othe, un acc\u00e8s aux terrasses ext\u00e9rieures, au jardin<\/li>\n\n\n\n<li>Un acc\u00e8s gratuit au Wi-fi 6 de La Demeure d&rsquo;Othe<\/li>\n\n\n\n<li>La possibilit\u00e9 de vous mettre en relation avec des traiteurs et ou restaurateurs locaux.<\/li>\n<\/ul>\n\n\n\n<p>De plus nous pouvons vous proposer en option&nbsp;(<a href=\"https:\/\/lademeuredothe.family\/index.php\/contact\/nous-contacter\/\" data-type=\"page\" data-id=\"1176\" target=\"_blank\" rel=\"noreferrer noopener\">merci de nous contacter si besoin<\/a>) :<\/p>\n\n\n\n<ul class=\"wp-block-list\">\n<li>La mise \u00e0 disposition d\u2019un R\u00e9tro-projecteur<\/li>\n\n\n\n<li>La mise \u00e0 disposition d\u2019une barre son (semaine \u2013 weekend)<\/li>\n\n\n\n<li>Un accueil de d\u00e9but de matin\u00e9e (caf\u00e9, th\u00e9, jus de fruits, viennoiserie, g\u00e2teaux)<\/li>\n\n\n\n<li>Une pause-caf\u00e9 (caf\u00e9, th\u00e9, jus de fruit, petits g\u00e2teaux)<\/li>\n\n\n\n<li>La vaisselle (assiettes, assiettes dessert, couverts, verres)<\/li>\n\n\n\n<li>Barbecue (avec charbon de bois)<\/li>\n<\/ul>\n\n\n\n<p>Pour r\u00e9server la salle v\u00e9rifier les disponibilit\u00e9s sur les calendriers en haut de page puis r\u00e9server via la plateforme s\u00e9curis\u00e9e Elloha :<\/p>\n\n\n\n<div class=\"wp-block-buttons is-content-justification-right is-layout-flex wp-container-core-buttons-is-layout-765c4724 wp-block-buttons-is-layout-flex\">\n<div class=\"wp-block-button is-style-outline is-style-outline--1\"><a class=\"wp-block-button__link has-dark-gray-color has-whitesmoke-background-color has-text-color has-background has-link-color has-text-align-right wp-element-button\" href=\"https:\/\/lademeuredothe.family\/index.php\/pour-vos-evenements\/pourquoi-votre-entreprise-louerait-notre-salle-de-reception\/\">haut de page<\/a><\/div>\n<\/div>\n\n\n\n<p><\/p>\n","protected":false},"excerpt":{"rendered":"<p>Pour r\u00e9server la salle de La Demeure d&rsquo;Othe (une matin\u00e9e, un matin, une soir\u00e9e, une journ\u00e9e) contacter nous. Nous d\u00e9finirons ensemble vos objectifs et vos besoins et \u00e9tabliront alors un devis. A titre d&rsquo;information, le prix \u00e0 la journ\u00e9e de la salle de r\u00e9ception est de 200\u20ac du lundi au vendredi (hors jours f\u00e9ri\u00e9s) hors [&hellip;]<\/p>\n","protected":false},"author":1,"featured_media":0,"parent":905,"menu_order":0,"comment_status":"closed","ping_status":"closed","template":"","meta":{"footnotes":""},"class_list":["post-2610","page","type-page","status-publish","hentry"],"_links":{"self":[{"href":"https:\/\/lademeuredothe.family\/index.php\/wp-json\/wp\/v2\/pages\/2610","targetHints":{"allow":["GET"]}}],"collection":[{"href":"https:\/\/lademeuredothe.family\/index.php\/wp-json\/wp\/v2\/pages"}],"about":[{"href":"https:\/\/lademeuredothe.family\/index.php\/wp-json\/wp\/v2\/types\/page"}],"author":[{"embeddable":true,"href":"https:\/\/lademeuredothe.family\/index.php\/wp-json\/wp\/v2\/users\/1"}],"replies":[{"embeddable":true,"href":"https:\/\/lademeuredothe.family\/index.php\/wp-json\/wp\/v2\/comments?post=2610"}],"version-history":[{"count":45,"href":"https:\/\/lademeuredothe.family\/index.php\/wp-json\/wp\/v2\/pages\/2610\/revisions"}],"predecessor-version":[{"id":2997,"href":"https:\/\/lademeuredothe.family\/index.php\/wp-json\/wp\/v2\/pages\/2610\/revisions\/2997"}],"up":[{"embeddable":true,"href":"https:\/\/lademeuredothe.family\/index.php\/wp-json\/wp\/v2\/pages\/905"}],"wp:attachment":[{"href":"https:\/\/lademeuredothe.family\/index.php\/wp-json\/wp\/v2\/media?parent=2610"}],"curies":[{"name":"wp","href":"https:\/\/api.w.org\/{rel}","templated":true}]}}