{"id":2409,"date":"2024-03-21T14:21:10","date_gmt":"2024-03-21T13:21:10","guid":{"rendered":"https:\/\/lademeuredothe.family\/?page_id=2409"},"modified":"2025-01-30T17:30:35","modified_gmt":"2025-01-30T16:30:35","slug":"exemples-dactivite-entre-adultes","status":"publish","type":"page","link":"https:\/\/lademeuredothe.family\/index.php\/les-chambres-dhotes-2\/exemples-dactivite-entre-adultes\/","title":{"rendered":"Exemples d&rsquo;activit\u00e9s entre adultes"},"content":{"rendered":"\n<p>En plus des loisirs propos\u00e9s \u00e0 La Demeure d\u2019Othe et ceux naturels de la r\u00e9gion, vous pourrez d\u00e9couvrir entre adultes :<\/p>\n\n\n\n<ul class=\"wp-block-list\">\n<li>A Brienon \/ Arman\u00e7on : <a href=\"http:\/\/www.letheatreperche.com\/\" target=\"_blank\" rel=\"noreferrer noopener\">Le Th\u00e9\u00e2tre Perch\u00e9 <\/a>&#8211; <a href=\"https:\/\/www.huileriedebrienon.fr\/\" target=\"_blank\" rel=\"noreferrer noopener\">L\u2019huilerie<\/a><\/li>\n\n\n\n<li>A Saint Florentin : L\u2019\u00e9glise Saint Florentin \u2013 L\u2019autre amour de Jos\u00e9phine Baker &#8211; Le Mus\u00e9e en Florentinais<\/li>\n\n\n\n<li>A Pontigny : <a href=\"https:\/\/www.abbayedepontigny.com\/\" target=\"_blank\" rel=\"noreferrer noopener\">L\u2019abbaye de Pontigny<\/a> et<a href=\"https:\/\/www.grangedebeauvais.com\/\" target=\"_blank\" rel=\"noreferrer noopener\"> La Grange de Beauvais<\/a><\/li>\n\n\n\n<li>A Courcelles (\u00e0 5 minutes de La Demeure d&rsquo;Othe) : <a href=\"https:\/\/www.facebook.com\/kosypubsnack\/\" target=\"_blank\" rel=\"noreferrer noopener\">Le Kosy <\/a>pour une soir\u00e9e dans une ambiance musicale (du jeudi au samedi)<\/li>\n\n\n\n<li>Les caves de Ch\u00e2blis : <a href=\"https:\/\/chablisienne.com\/\" target=\"_blank\" rel=\"noreferrer noopener\">La Chablisienne<\/a>, <a href=\"https:\/\/www.chablis-meuliere.com\/\" target=\"_blank\" rel=\"noreferrer noopener\">La Meuli\u00e8re<\/a>, <a href=\"https:\/\/www.citeclimatsvins-bourgogne.com\/\" target=\"_blank\" rel=\"noreferrer noopener\">La cit\u00e9 des Climats et vins<\/a><\/li>\n\n\n\n<li>Les caves de champagne \u00e0 Celle sur Ource, Les Riceys \u2026<\/li>\n\n\n\n<li>A Chemilly sur Yonne : La fabrication du <a href=\"https:\/\/www.leborvo.fr\/\" target=\"_blank\" rel=\"noreferrer noopener\">saumon fum\u00e9 <\/a><\/li>\n\n\n\n<li>Noyers sur Serein et son village m\u00e9di\u00e9val<\/li>\n\n\n\n<li>&#8230;<\/li>\n\n\n\n<li>Et un peu plus loin Troyes son bouchon et ses magasins, Auxerre son centre ville et sa tour de l&rsquo;horloge, Sens et son patrimoine historique, Tonnerre et sa fosse Dionne, &#8230;<\/li>\n<\/ul>\n","protected":false},"excerpt":{"rendered":"<p>En plus des loisirs propos\u00e9s \u00e0 La Demeure d\u2019Othe et ceux naturels de la r\u00e9gion, vous pourrez d\u00e9couvrir entre adultes :<\/p>\n","protected":false},"author":1,"featured_media":0,"parent":837,"menu_order":-8,"comment_status":"closed","ping_status":"closed","template":"","meta":{"footnotes":""},"class_list":["post-2409","page","type-page","status-publish","hentry"],"_links":{"self":[{"href":"https:\/\/lademeuredothe.family\/index.php\/wp-json\/wp\/v2\/pages\/2409","targetHints":{"allow":["GET"]}}],"collection":[{"href":"https:\/\/lademeuredothe.family\/index.php\/wp-json\/wp\/v2\/pages"}],"about":[{"href":"https:\/\/lademeuredothe.family\/index.php\/wp-json\/wp\/v2\/types\/page"}],"author":[{"embeddable":true,"href":"https:\/\/lademeuredothe.family\/index.php\/wp-json\/wp\/v2\/users\/1"}],"replies":[{"embeddable":true,"href":"https:\/\/lademeuredothe.family\/index.php\/wp-json\/wp\/v2\/comments?post=2409"}],"version-history":[{"count":3,"href":"https:\/\/lademeuredothe.family\/index.php\/wp-json\/wp\/v2\/pages\/2409\/revisions"}],"predecessor-version":[{"id":2743,"href":"https:\/\/lademeuredothe.family\/index.php\/wp-json\/wp\/v2\/pages\/2409\/revisions\/2743"}],"up":[{"embeddable":true,"href":"https:\/\/lademeuredothe.family\/index.php\/wp-json\/wp\/v2\/pages\/837"}],"wp:attachment":[{"href":"https:\/\/lademeuredothe.family\/index.php\/wp-json\/wp\/v2\/media?parent=2409"}],"curies":[{"name":"wp","href":"https:\/\/api.w.org\/{rel}","templated":true}]}}