{"id":2395,"date":"2024-03-21T12:15:12","date_gmt":"2024-03-21T11:15:12","guid":{"rendered":"https:\/\/lademeuredothe.family\/?page_id=2395"},"modified":"2025-01-30T17:23:58","modified_gmt":"2025-01-30T16:23:58","slug":"quelques-activites-en-famille","status":"publish","type":"page","link":"https:\/\/lademeuredothe.family\/index.php\/les-chambres-dhotes-2\/quelques-activites-en-famille\/","title":{"rendered":"Exemples d&rsquo;activit\u00e9s en famille"},"content":{"rendered":"\n<p>En plus des loisirs propos\u00e9s \u00e0 La Demeure d&rsquo;Othe et ceux naturels de la r\u00e9gion, vous pourrez d\u00e9couvrir en famille :<\/p>\n\n\n\n<ul class=\"wp-block-list\">\n<li> <a href=\"https:\/\/lescerfsdebourgogne-22.webself.net\/accueil\" target=\"_blank\" rel=\"noreferrer noopener\">La Ferme de Saint Loup<\/a> \u00e0 Brienon sur Arma\u00e7on pour y d\u00e9couvrir les cerfs et biches<\/li>\n\n\n\n<li>Les plages de Saint Florentin (Arman\u00e7on) ou celle du lac de Paisy Cosdon pour vous y baigner<\/li>\n\n\n\n<li>La <a href=\"https:\/\/www.grangedebeauvais.com\/\" target=\"_blank\" rel=\"noreferrer noopener\">Grange de Beauvais<\/a>&nbsp; pour d\u00e9couvrir comment faire du pain, les abeilles et leur miel, &#8230;<\/li>\n\n\n\n<li><a href=\"http:\/\/www.barbecuesurleau.com\/barbecuesurleau\" target=\"_blank\" rel=\"noreferrer noopener\">Barbecue sur l\u2019eau<\/a> \u00e0 Gurgy pour un ap\u00e9ritif, un barbecue, une balade sur l\u2019Yonne aux commandes d\u2019un bateau \u00e9lectrique<\/li>\n\n\n\n<li>Les<a href=\"https:\/\/serein-armance.fr\/nos-brochures\" target=\"_blank\" rel=\"noreferrer noopener\"> \u00e9nigmes de Saint Florentin, Seignelay et Brienon<\/a> propos\u00e9es par l&rsquo;Office de Tourisme de Saint Florentin<\/li>\n\n\n\n<li>La location de v\u00e9lo avec <a href=\"https:\/\/www.veli-bourgogne.fr\/velistations\/000026-capitainerie-du-port-de-plaisance-de-saint-florentin\" target=\"_blank\" rel=\"noreferrer noopener\">V\u00e9li&rsquo;station Saint-Florentin<\/a><\/li>\n\n\n\n<li>Le <a href=\"https:\/\/www.abloisirs.com\/activites\/parc-aventure-thureau\/\" target=\"_blank\" rel=\"noreferrer noopener\">parc aventure du Thureau<\/a> (\u00e0 c\u00f4t\u00e9 d&rsquo;Auxerre) pour un parcours acrobatique au ras du sol pour les petits, au ras des c\u00eemes pour les plus grands<\/li>\n\n\n\n<li>La cave de Bailly Lapierre (Irancy, Cr\u00e9mant) pour une entr\u00e9e souterraine en voiture et une visite des sculptures et des caves dans une immense carri\u00e8re souterraine<\/li>\n\n\n\n<li>&#8230;<\/li>\n\n\n\n<li>Et un peu plus loin : les lacs d\u2019Orient, Guedelon et Nigloland<\/li>\n<\/ul>\n","protected":false},"excerpt":{"rendered":"<p>En plus des loisirs propos\u00e9s \u00e0 La Demeure d&rsquo;Othe et ceux naturels de la r\u00e9gion, vous pourrez d\u00e9couvrir en famille :<\/p>\n","protected":false},"author":1,"featured_media":2400,"parent":837,"menu_order":-7,"comment_status":"closed","ping_status":"closed","template":"","meta":{"footnotes":""},"class_list":["post-2395","page","type-page","status-publish","has-post-thumbnail","hentry"],"_links":{"self":[{"href":"https:\/\/lademeuredothe.family\/index.php\/wp-json\/wp\/v2\/pages\/2395","targetHints":{"allow":["GET"]}}],"collection":[{"href":"https:\/\/lademeuredothe.family\/index.php\/wp-json\/wp\/v2\/pages"}],"about":[{"href":"https:\/\/lademeuredothe.family\/index.php\/wp-json\/wp\/v2\/types\/page"}],"author":[{"embeddable":true,"href":"https:\/\/lademeuredothe.family\/index.php\/wp-json\/wp\/v2\/users\/1"}],"replies":[{"embeddable":true,"href":"https:\/\/lademeuredothe.family\/index.php\/wp-json\/wp\/v2\/comments?post=2395"}],"version-history":[{"count":5,"href":"https:\/\/lademeuredothe.family\/index.php\/wp-json\/wp\/v2\/pages\/2395\/revisions"}],"predecessor-version":[{"id":2741,"href":"https:\/\/lademeuredothe.family\/index.php\/wp-json\/wp\/v2\/pages\/2395\/revisions\/2741"}],"up":[{"embeddable":true,"href":"https:\/\/lademeuredothe.family\/index.php\/wp-json\/wp\/v2\/pages\/837"}],"wp:featuredmedia":[{"embeddable":true,"href":"https:\/\/lademeuredothe.family\/index.php\/wp-json\/wp\/v2\/media\/2400"}],"wp:attachment":[{"href":"https:\/\/lademeuredothe.family\/index.php\/wp-json\/wp\/v2\/media?parent=2395"}],"curies":[{"name":"wp","href":"https:\/\/api.w.org\/{rel}","templated":true}]}}