{"id":2199,"date":"2024-03-12T18:46:06","date_gmt":"2024-03-12T17:46:06","guid":{"rendered":"https:\/\/lademeuredothe.family\/?page_id=2199"},"modified":"2025-01-30T17:21:22","modified_gmt":"2025-01-30T16:21:22","slug":"pour-manger","status":"publish","type":"page","link":"https:\/\/lademeuredothe.family\/index.php\/les-chambres-dhotes-2\/pour-manger\/","title":{"rendered":"Pour d\u00eener"},"content":{"rendered":"\n<p>Concernant les d\u00eeners 3 solutions sont possibles : <\/p>\n\n\n\n<ul class=\"wp-block-list\">\n<li>Les restaurants de la r\u00e9gion (n&rsquo;h\u00e9sitez pas \u00e0 r\u00e9server). A titre d&rsquo;exemple :\n<ul class=\"wp-block-list\">\n<li><a href=\"https:\/\/www.puisotin.com\/\" target=\"_blank\" rel=\"noreferrer noopener\">Au Puisotin<\/a> \u00e0 Eaux de Puiseaux (sur r\u00e9servation)<\/li>\n\n\n\n<li>La <a href=\"https:\/\/www.facebook.com\/lanouvellebonneterie\/?locale=fr_FR\" target=\"_blank\" rel=\"noreferrer noopener\">Nouvelle Bonneterie<\/a> \u00e0 Rigny le Ferron (sur r\u00e9servation les vendredis soir et samedi soir)<\/li>\n\n\n\n<li><a href=\"https:\/\/www.facebook.com\/restaurantaucochonquiseveille\/\" target=\"_blank\" rel=\"noreferrer noopener\">Au Cochon qui s\u2019\u00e9veille<\/a> \u00e0 Ervy le Ch\u00e2tel<\/li>\n\n\n\n<li><a href=\"https:\/\/www.moulins-banaux.fr\/\" target=\"_blank\" rel=\"noreferrer noopener\">L\u2019Auberge des Vieux Moulins Banaux<\/a> \u00e0 Villeneuve l\u2019Archev\u00eaque<\/li>\n\n\n\n<li><a href=\"https:\/\/lenilpizz.metro.bar\/?lang=fr\" target=\"_blank\" rel=\"noreferrer noopener\">Le Nil<\/a>, pizzeria \u00e0 Saint Florentin<\/li>\n<\/ul>\n<\/li>\n\n\n\n<li>Le pique-nique \u00e0 La Demeure d&rsquo;Othe, en terrasse couverte ou non, sur la pelouse, en fonction de votre envie<\/li>\n\n\n\n<li>Et enfin les propositions de Christine (voir ci-dessous). Pour en savoir plus <a href=\"https:\/\/lademeuredothe.family\/index.php\/contact\/nous-contacter\/\" target=\"_blank\" rel=\"noreferrer noopener\">contactez nous<\/a>.<\/li>\n<\/ul>\n\n\n\n<p><\/p>\n\n\n\n<p>En effet Christine peut, sur r\u00e9servation au moins 48 heures \u00e0 l\u2019avance, vous proposer :<\/p>\n\n\n\n<ul class=\"wp-block-list\">\n<li>Un d\u00eener d&rsquo;accueil \u00e0 base de quiches et tartes avec : quiche et ou tarte avec leur salade, dessert, une bi\u00e8re Grand Duc. Le menu id\u00e9al apr\u00e8s une longue route et pour un d\u00eener en famille.<\/li>\n\n\n\n<li>Des planches de charcuterie et de fromages locaux avec un verre de vin de Chablis.<\/li>\n\n\n\n<li>Une table d\u2019h\u00f4tes, pour 4 personnes minimum, avec : entr\u00e9e de saison, plat, fromages locaux, dessert, et vin de Chablis<\/li>\n<\/ul>\n\n\n\n<div class=\"wp-block-columns is-layout-flex wp-container-core-columns-is-layout-9d6595d7 wp-block-columns-is-layout-flex\">\n<div class=\"wp-block-column is-layout-flow wp-block-column-is-layout-flow\">\n<p><\/p>\n\n\n\n<p>Et si vous avez oubli\u00e9 de r\u00e9server un d\u00eener, si vous arrivez tard, Christine pourra vous proposer un choix de plats locaux, cuisin\u00e9s \u00ab\u00a0naturel\u00a0\u00bb par La Conserverie de la Tuilerie.<\/p>\n<\/div>\n\n\n\n<div class=\"wp-block-column is-layout-flow wp-block-column-is-layout-flow\"><div class=\"wp-block-image\">\n<figure class=\"aligncenter size-medium\"><img loading=\"lazy\" decoding=\"async\" width=\"300\" height=\"194\" src=\"https:\/\/lademeuredothe.family\/wp-content\/uploads\/2024\/03\/240312-la-conserverie-de-la-tuilerie-5695-1600269590-300x194.jpg\" alt=\"\" class=\"wp-image-2212\" srcset=\"https:\/\/lademeuredothe.family\/wp-content\/uploads\/2024\/03\/240312-la-conserverie-de-la-tuilerie-5695-1600269590-300x194.jpg 300w, https:\/\/lademeuredothe.family\/wp-content\/uploads\/2024\/03\/240312-la-conserverie-de-la-tuilerie-5695-1600269590.jpg 502w\" sizes=\"auto, (max-width: 300px) 100vw, 300px\" \/><\/figure>\n<\/div><\/div>\n<\/div>\n\n\n\n<p><\/p>\n\n\n\n<p>Bon app\u00e9tit ! <\/p>\n","protected":false},"excerpt":{"rendered":"<p>Concernant les d\u00eeners 3 solutions sont possibles : En effet Christine peut, sur r\u00e9servation au moins 48 heures \u00e0 l\u2019avance, vous proposer : Et si vous avez oubli\u00e9 de r\u00e9server un d\u00eener, si vous arrivez tard, Christine pourra vous proposer un choix de plats locaux, cuisin\u00e9s \u00ab\u00a0naturel\u00a0\u00bb par La Conserverie de la Tuilerie. Bon app\u00e9tit [&hellip;]<\/p>\n","protected":false},"author":1,"featured_media":0,"parent":837,"menu_order":-6,"comment_status":"closed","ping_status":"closed","template":"","meta":{"footnotes":""},"class_list":["post-2199","page","type-page","status-publish","hentry"],"_links":{"self":[{"href":"https:\/\/lademeuredothe.family\/index.php\/wp-json\/wp\/v2\/pages\/2199","targetHints":{"allow":["GET"]}}],"collection":[{"href":"https:\/\/lademeuredothe.family\/index.php\/wp-json\/wp\/v2\/pages"}],"about":[{"href":"https:\/\/lademeuredothe.family\/index.php\/wp-json\/wp\/v2\/types\/page"}],"author":[{"embeddable":true,"href":"https:\/\/lademeuredothe.family\/index.php\/wp-json\/wp\/v2\/users\/1"}],"replies":[{"embeddable":true,"href":"https:\/\/lademeuredothe.family\/index.php\/wp-json\/wp\/v2\/comments?post=2199"}],"version-history":[{"count":9,"href":"https:\/\/lademeuredothe.family\/index.php\/wp-json\/wp\/v2\/pages\/2199\/revisions"}],"predecessor-version":[{"id":2739,"href":"https:\/\/lademeuredothe.family\/index.php\/wp-json\/wp\/v2\/pages\/2199\/revisions\/2739"}],"up":[{"embeddable":true,"href":"https:\/\/lademeuredothe.family\/index.php\/wp-json\/wp\/v2\/pages\/837"}],"wp:attachment":[{"href":"https:\/\/lademeuredothe.family\/index.php\/wp-json\/wp\/v2\/media?parent=2199"}],"curies":[{"name":"wp","href":"https:\/\/api.w.org\/{rel}","templated":true}]}}