{"id":2183,"date":"2024-03-12T12:34:35","date_gmt":"2024-03-12T11:34:35","guid":{"rendered":"https:\/\/lademeuredothe.family\/?page_id=2183"},"modified":"2026-04-09T10:43:43","modified_gmt":"2026-04-09T08:43:43","slug":"les-nouveautes-2024","status":"publish","type":"page","link":"https:\/\/lademeuredothe.family\/index.php\/les-chambres-dhotes-2\/les-nouveautes-2024\/","title":{"rendered":"Les nouveaut\u00e9s 2026"},"content":{"rendered":"\n<p>Durant cet hiver 2025-2026 nous avons poursuivi nos travaux de r\u00e9novation de La Demeure d&rsquo;Othe et avons ajout\u00e9 deux nouveaux am\u00e9nagements.<\/p>\n\n\n\n<p>La principale r\u00e9novation porte sur le redesign complet de l&rsquo;entr\u00e9e, de la cage d&rsquo;escalier et du palier du premier \u00e9tage. La for\u00eat d&rsquo;Othe est un vaste ensemble de bois, d&rsquo;arbres et de mares d&rsquo;eau. Aussi avons nous donc choisi de vous faire entrer dans le pays d&rsquo;Othe lorsque vous ouvrirez les portes de La Demeure d&rsquo;Othe. <\/p>\n\n\n\n<div class=\"wp-block-columns is-layout-flex wp-container-core-columns-is-layout-9d6595d7 wp-block-columns-is-layout-flex\">\n<div class=\"wp-block-column is-layout-flow wp-block-column-is-layout-flow\">\n<figure class=\"wp-block-image size-large\"><img loading=\"lazy\" decoding=\"async\" width=\"705\" height=\"1024\" src=\"https:\/\/lademeuredothe.family\/wp-content\/uploads\/2026\/03\/260325-CS-Nouvelle-entree-avec-fauteuils-et-table-petite-705x1024.jpeg\" alt=\"Vue sur &quot;la for\u00eat d'Othe&quot;\" class=\"wp-image-2980\" srcset=\"https:\/\/lademeuredothe.family\/wp-content\/uploads\/2026\/03\/260325-CS-Nouvelle-entree-avec-fauteuils-et-table-petite-705x1024.jpeg 705w, https:\/\/lademeuredothe.family\/wp-content\/uploads\/2026\/03\/260325-CS-Nouvelle-entree-avec-fauteuils-et-table-petite-207x300.jpeg 207w, https:\/\/lademeuredothe.family\/wp-content\/uploads\/2026\/03\/260325-CS-Nouvelle-entree-avec-fauteuils-et-table-petite-768x1115.jpeg 768w, https:\/\/lademeuredothe.family\/wp-content\/uploads\/2026\/03\/260325-CS-Nouvelle-entree-avec-fauteuils-et-table-petite-892x1296.jpeg 892w, https:\/\/lademeuredothe.family\/wp-content\/uploads\/2026\/03\/260325-CS-Nouvelle-entree-avec-fauteuils-et-table-petite.jpeg 924w\" sizes=\"auto, (max-width: 705px) 100vw, 705px\" \/><figcaption class=\"wp-element-caption\">Vue sur \u00ab\u00a0la for\u00eat d&rsquo;Othe\u00a0\u00bb<\/figcaption><\/figure>\n<\/div>\n\n\n\n<div class=\"wp-block-column is-layout-flow wp-block-column-is-layout-flow\">\n<figure class=\"wp-block-image size-large\"><img loading=\"lazy\" decoding=\"async\" width=\"576\" height=\"1024\" src=\"https:\/\/lademeuredothe.family\/wp-content\/uploads\/2026\/04\/260409-Manon-entree-4-576x1024.jpeg\" alt=\"\" class=\"wp-image-3035\" srcset=\"https:\/\/lademeuredothe.family\/wp-content\/uploads\/2026\/04\/260409-Manon-entree-4-576x1024.jpeg 576w, https:\/\/lademeuredothe.family\/wp-content\/uploads\/2026\/04\/260409-Manon-entree-4-169x300.jpeg 169w, https:\/\/lademeuredothe.family\/wp-content\/uploads\/2026\/04\/260409-Manon-entree-4-768x1365.jpeg 768w, https:\/\/lademeuredothe.family\/wp-content\/uploads\/2026\/04\/260409-Manon-entree-4-864x1536.jpeg 864w, https:\/\/lademeuredothe.family\/wp-content\/uploads\/2026\/04\/260409-Manon-entree-4-892x1586.jpeg 892w, https:\/\/lademeuredothe.family\/wp-content\/uploads\/2026\/04\/260409-Manon-entree-4.jpeg 900w\" sizes=\"auto, (max-width: 576px) 100vw, 576px\" \/><figcaption class=\"wp-element-caption\">Le hall d&rsquo;entr\u00e9e<\/figcaption><\/figure>\n<\/div>\n<\/div>\n\n\n\n<p>Quant aux deux nouveaux am\u00e9nagements, il s&rsquo;agit d&rsquo;une fontaine et d&rsquo;un trampoline.<\/p>\n\n\n\n<p>Construite dans la cour int\u00e9rieure de La Demeure d&rsquo;Othe, la fontaine vous permettra, lors d&rsquo;un petit d\u00e9jeuner ou d&rsquo;une soir\u00e9e sous les noisetiers, de vous reposer avec la musique de l&rsquo;eau tombant sur les pierres de la fontaine. Construite et d\u00e9corer avec des pierres et blocs de pierre trouv\u00e9s dans le jardin, la fontaine fonctionne en cycle ferm\u00e9e pour ne pas perdre d&rsquo;eau.<\/p>\n\n\n\n<div class=\"wp-block-columns is-layout-flex wp-container-core-columns-is-layout-9d6595d7 wp-block-columns-is-layout-flex\">\n<div class=\"wp-block-column is-layout-flow wp-block-column-is-layout-flow\" style=\"flex-basis:66.66%\">\n<figure class=\"wp-block-image size-large\"><img loading=\"lazy\" decoding=\"async\" width=\"576\" height=\"1024\" src=\"https:\/\/lademeuredothe.family\/wp-content\/uploads\/2026\/04\/260409-Manon-Fontaine-vue-sur-mur-pierre-1-576x1024.jpeg\" alt=\"\" class=\"wp-image-3036\" srcset=\"https:\/\/lademeuredothe.family\/wp-content\/uploads\/2026\/04\/260409-Manon-Fontaine-vue-sur-mur-pierre-1-576x1024.jpeg 576w, https:\/\/lademeuredothe.family\/wp-content\/uploads\/2026\/04\/260409-Manon-Fontaine-vue-sur-mur-pierre-1-169x300.jpeg 169w, https:\/\/lademeuredothe.family\/wp-content\/uploads\/2026\/04\/260409-Manon-Fontaine-vue-sur-mur-pierre-1-768x1365.jpeg 768w, https:\/\/lademeuredothe.family\/wp-content\/uploads\/2026\/04\/260409-Manon-Fontaine-vue-sur-mur-pierre-1-864x1536.jpeg 864w, https:\/\/lademeuredothe.family\/wp-content\/uploads\/2026\/04\/260409-Manon-Fontaine-vue-sur-mur-pierre-1-892x1586.jpeg 892w, https:\/\/lademeuredothe.family\/wp-content\/uploads\/2026\/04\/260409-Manon-Fontaine-vue-sur-mur-pierre-1.jpeg 900w\" sizes=\"auto, (max-width: 576px) 100vw, 576px\" \/><figcaption class=\"wp-element-caption\">La fontaine devant un mur avec les pierres retrouv\u00e9es<\/figcaption><\/figure>\n<\/div>\n\n\n\n<div class=\"wp-block-column is-layout-flow wp-block-column-is-layout-flow\" style=\"flex-basis:33.33%\">\n<figure class=\"wp-block-image size-large\"><img loading=\"lazy\" decoding=\"async\" width=\"576\" height=\"1024\" src=\"https:\/\/lademeuredothe.family\/wp-content\/uploads\/2026\/04\/260409-Manon-Fontaine-vue-sur-mur-cabanon-1-576x1024.jpeg\" alt=\"\" class=\"wp-image-3037\" srcset=\"https:\/\/lademeuredothe.family\/wp-content\/uploads\/2026\/04\/260409-Manon-Fontaine-vue-sur-mur-cabanon-1-576x1024.jpeg 576w, https:\/\/lademeuredothe.family\/wp-content\/uploads\/2026\/04\/260409-Manon-Fontaine-vue-sur-mur-cabanon-1-169x300.jpeg 169w, https:\/\/lademeuredothe.family\/wp-content\/uploads\/2026\/04\/260409-Manon-Fontaine-vue-sur-mur-cabanon-1-768x1365.jpeg 768w, https:\/\/lademeuredothe.family\/wp-content\/uploads\/2026\/04\/260409-Manon-Fontaine-vue-sur-mur-cabanon-1-864x1536.jpeg 864w, https:\/\/lademeuredothe.family\/wp-content\/uploads\/2026\/04\/260409-Manon-Fontaine-vue-sur-mur-cabanon-1-892x1586.jpeg 892w, https:\/\/lademeuredothe.family\/wp-content\/uploads\/2026\/04\/260409-Manon-Fontaine-vue-sur-mur-cabanon-1.jpeg 900w\" sizes=\"auto, (max-width: 576px) 100vw, 576px\" \/><figcaption class=\"wp-element-caption\">La fontaine avec les pierres d\u00e9couvertes dans le jardin<\/figcaption><\/figure>\n<\/div>\n<\/div>\n\n\n\n<p><\/p>\n\n\n\n<p>Par ailleurs vous pourrez proposer \u00e0 vos enfants de faire du trampoline dans le parc de La Demeure d&rsquo;Othe. Celui-ci fera passer \u00e0 vos enfants de beaux moments mais pour cela il faudra que vous respectiez deux r\u00e8gles :<\/p>\n\n\n\n<ul class=\"wp-block-list\">\n<li>Les parents devront rester \u00e0 proximit\u00e9 du trampoline avec leurs enfants<\/li>\n\n\n\n<li>Il ne devra pas y avoir plus d&rsquo;un enfant sur le trampoline \u00e0 chaque fois. Chacun son tour.<\/li>\n<\/ul>\n\n\n\n<p><\/p>\n\n\n\n<p>Et bien sur nous continuerons \u00e0 vous offrir les services que vous nous avez demand\u00e9 en 2023 et plebisicit\u00e9s depuis :<\/p>\n\n\n\n<ul class=\"wp-block-list\">\n<li>Des serviettes pour la piscine (sur le palier du 1er \u00e9tage) pr\u00eat\u00e9es gracieusement,<\/li>\n\n\n\n<li>Le Wifi 6 \u00e9tendu par le passage \u00e0 la fibre,<\/li>\n<\/ul>\n\n\n\n<p>Par ailleurs nous poursuivrons nos partenariats avec :<\/p>\n\n\n\n<ul class=\"wp-block-list\">\n<li><a href=\"https:\/\/serein-armance.fr\/\" target=\"_blank\" rel=\"noreferrer noopener\">L&rsquo;office de tourisme Serein &amp; Armance<\/a> \u00e0 Saint Florentin<\/li>\n\n\n\n<li>le <a href=\"https:\/\/www.facebook.com\/domainedumoulinblanc\/?locale=fr_FR\" target=\"_blank\" rel=\"noreferrer noopener\">domaine du Moulin Blanc<\/a> \u00e0 Auxon,<\/li>\n\n\n\n<li>l&rsquo;<a href=\"https:\/\/www.parisjump.com\/\" target=\"_blank\" rel=\"noreferrer noopener\">A\u00e9rodrome de Ch\u00e9u<\/a> (pour des sensations de libert\u00e9),<\/li>\n\n\n\n<li><a href=\"http:\/\/reliefsmassage.fr\/\" target=\"_blank\" rel=\"noreferrer noopener\">Relief Massages<\/a> (pour un moment de bien \u00eatre dans le village de Sormery),<\/li>\n\n\n\n<li><a href=\"https:\/\/www.facebook.com\/lartisanothe\/\" target=\"_blank\" rel=\"noreferrer noopener\">l&rsquo;Artisan&rsquo;Othe<\/a> (pour d\u00e9guster des ap\u00e9ritifs agricoles \u00e0 Sormery),<\/li>\n\n\n\n<li>la <a href=\"https:\/\/www.facebook.com\/CONSERVERIEDELATUILERIE\/\" target=\"_blank\" rel=\"noreferrer noopener\">Conserverie de la Tuilerie<\/a> (de Sormery pour vous proposer des salaisons du Pays d&rsquo;Othe),<\/li>\n\n\n\n<li><a href=\"https:\/\/www.ecuriesdeslicheres.fr\/centre-equestre.html\" target=\"_blank\" rel=\"noreferrer noopener\">Les \u00c9curies des Lich\u00e8res<\/a> (pour le plaisir de monter en poney, \u00e0 cheval)&#8230;<\/li>\n<\/ul>\n\n\n\n<p>Enfin, vous pourrez continuer \u00e0 nous suivre sur <a href=\"https:\/\/www.linkedin.com\/company\/la-demeure-d-othe\/\" target=\"_blank\" rel=\"noreferrer noopener\">Linkedin<\/a>, <a href=\"https:\/\/www.facebook.com\/people\/La-Demeure-dOthe\/100091318647699\/\" data-type=\"link\" data-id=\"https:\/\/www.facebook.com\/people\/La-Demeure-dOthe\/100091318647699\/\" target=\"_blank\" rel=\"noreferrer noopener\">FaceBook<\/a>, <a href=\"https:\/\/www.instagram.com\/lademeuredothe\/\" target=\"_blank\" rel=\"noreferrer noopener\">Instagram<\/a>.<\/p>\n","protected":false},"excerpt":{"rendered":"<p>Durant cet hiver 2025-2026 nous avons poursuivi nos travaux de r\u00e9novation de La Demeure d&rsquo;Othe et avons ajout\u00e9 deux nouveaux am\u00e9nagements. La principale r\u00e9novation porte sur le redesign complet de l&rsquo;entr\u00e9e, de la cage d&rsquo;escalier et du palier du premier \u00e9tage. La for\u00eat d&rsquo;Othe est un vaste ensemble de bois, d&rsquo;arbres et de mares d&rsquo;eau. [&hellip;]<\/p>\n","protected":false},"author":1,"featured_media":0,"parent":837,"menu_order":-2,"comment_status":"closed","ping_status":"closed","template":"","meta":{"footnotes":""},"class_list":["post-2183","page","type-page","status-publish","hentry"],"_links":{"self":[{"href":"https:\/\/lademeuredothe.family\/index.php\/wp-json\/wp\/v2\/pages\/2183","targetHints":{"allow":["GET"]}}],"collection":[{"href":"https:\/\/lademeuredothe.family\/index.php\/wp-json\/wp\/v2\/pages"}],"about":[{"href":"https:\/\/lademeuredothe.family\/index.php\/wp-json\/wp\/v2\/types\/page"}],"author":[{"embeddable":true,"href":"https:\/\/lademeuredothe.family\/index.php\/wp-json\/wp\/v2\/users\/1"}],"replies":[{"embeddable":true,"href":"https:\/\/lademeuredothe.family\/index.php\/wp-json\/wp\/v2\/comments?post=2183"}],"version-history":[{"count":23,"href":"https:\/\/lademeuredothe.family\/index.php\/wp-json\/wp\/v2\/pages\/2183\/revisions"}],"predecessor-version":[{"id":3041,"href":"https:\/\/lademeuredothe.family\/index.php\/wp-json\/wp\/v2\/pages\/2183\/revisions\/3041"}],"up":[{"embeddable":true,"href":"https:\/\/lademeuredothe.family\/index.php\/wp-json\/wp\/v2\/pages\/837"}],"wp:attachment":[{"href":"https:\/\/lademeuredothe.family\/index.php\/wp-json\/wp\/v2\/media?parent=2183"}],"curies":[{"name":"wp","href":"https:\/\/api.w.org\/{rel}","templated":true}]}}