{"id":2132,"date":"2024-01-25T15:46:44","date_gmt":"2024-01-25T14:46:44","guid":{"rendered":"https:\/\/lademeuredothe.family\/?page_id=2132"},"modified":"2024-03-21T11:10:29","modified_gmt":"2024-03-21T10:10:29","slug":"des-acteurs-locaux","status":"publish","type":"page","link":"https:\/\/lademeuredothe.family\/index.php\/des-acteurs-locaux\/","title":{"rendered":"Des acteurs locaux"},"content":{"rendered":"\n<p>La Demeure d&rsquo;Othe a \u00e9tabli des relations avec de nombreux acteurs locaux qui vous accueilleront avec plaisir (appelez les au pr\u00e9alable pour vous assurer de leur disponibilit\u00e9) et vous feront d\u00e9couvrir leurs produits, leur savoir-faire, leur sport, &#8230;<\/p>\n\n\n\n<div class=\"wp-block-columns is-layout-flex wp-container-core-columns-is-layout-9d6595d7 wp-block-columns-is-layout-flex\">\n<div class=\"wp-block-column is-layout-flow wp-block-column-is-layout-flow\"><div class=\"wp-block-image\">\n<figure class=\"aligncenter size-thumbnail\"><img loading=\"lazy\" decoding=\"async\" width=\"150\" height=\"125\" src=\"https:\/\/lademeuredothe.family\/wp-content\/uploads\/2024\/01\/240125-Grand-duc-Logo-150x125.png\" alt=\"\" class=\"wp-image-2134\"\/><\/figure>\n<\/div><\/div>\n\n\n\n<div class=\"wp-block-column is-layout-flow wp-block-column-is-layout-flow\"><div class=\"wp-block-image\">\n<figure class=\"aligncenter size-thumbnail\"><img loading=\"lazy\" decoding=\"async\" width=\"150\" height=\"150\" src=\"https:\/\/lademeuredothe.family\/wp-content\/uploads\/2024\/01\/240125-Escargot-du-pays-dOthe-Logo-150x150.jpeg\" alt=\"\" class=\"wp-image-2133\" srcset=\"https:\/\/lademeuredothe.family\/wp-content\/uploads\/2024\/01\/240125-Escargot-du-pays-dOthe-Logo-150x150.jpeg 150w, https:\/\/lademeuredothe.family\/wp-content\/uploads\/2024\/01\/240125-Escargot-du-pays-dOthe-Logo.jpeg 225w\" sizes=\"auto, (max-width: 150px) 100vw, 150px\" \/><\/figure>\n<\/div><\/div>\n<\/div>\n\n\n\n<div class=\"wp-block-columns is-layout-flex wp-container-core-columns-is-layout-9d6595d7 wp-block-columns-is-layout-flex\">\n<div class=\"wp-block-column is-layout-flow wp-block-column-is-layout-flow\">\n<p>La <a href=\"https:\/\/legrandduc-microbrasserie.fr\/\" target=\"_blank\" rel=\"noreferrer noopener\">microbrasserie Grand Duc<\/a> est situ\u00e9e dans le hameau de La Tuilerie de Sormery. Les bi\u00e8res bio artisanales d&rsquo;Aur\u00e9lie et de Dimitri recouvrent une large gamme de bi\u00e8res de caract\u00e8re pour tous les go\u00fbts !<\/p>\n<\/div>\n\n\n\n<div class=\"wp-block-column is-layout-flow wp-block-column-is-layout-flow\">\n<p>Savez vous ce qu&rsquo;est l&rsquo;h\u00e9liciculture ? Jennifer et <a href=\"https:\/\/www.facebook.com\/lescargothe\" target=\"_blank\" rel=\"noreferrer noopener\">L&rsquo;escargothe <\/a>vous permettront de d\u00e9couvrir un m\u00e9tier peu connu : celui d&rsquo;\u00e9leveur d&rsquo;escargots. Et bien sur vous pourrez en acheter tout pr\u00e9par\u00e9s et ou d\u00e9couvrir leurs fameuses Croquilles.<\/p>\n<\/div>\n<\/div>\n\n\n\n<p><\/p>\n\n\n\n<div class=\"wp-block-columns is-layout-flex wp-container-core-columns-is-layout-9d6595d7 wp-block-columns-is-layout-flex\">\n<div class=\"wp-block-column is-layout-flow wp-block-column-is-layout-flow\"><div class=\"wp-block-image\">\n<figure class=\"aligncenter size-thumbnail\"><img loading=\"lazy\" decoding=\"async\" width=\"150\" height=\"150\" src=\"https:\/\/lademeuredothe.family\/wp-content\/uploads\/2024\/03\/240312-la-conserverie-de-la-tuilerie-5695-1600269590-150x150.jpg\" alt=\"\" class=\"wp-image-2212\"\/><\/figure>\n<\/div><\/div>\n\n\n\n<div class=\"wp-block-column is-layout-flow wp-block-column-is-layout-flow\"><div class=\"wp-block-image\">\n<figure class=\"aligncenter size-thumbnail\"><img loading=\"lazy\" decoding=\"async\" width=\"150\" height=\"150\" src=\"https:\/\/lademeuredothe.family\/wp-content\/uploads\/2024\/01\/240130-LArtisanOthe-150x150.png\" alt=\"\" class=\"wp-image-2150\" srcset=\"https:\/\/lademeuredothe.family\/wp-content\/uploads\/2024\/01\/240130-LArtisanOthe-150x150.png 150w, https:\/\/lademeuredothe.family\/wp-content\/uploads\/2024\/01\/240130-LArtisanOthe.png 200w\" sizes=\"auto, (max-width: 150px) 100vw, 150px\" \/><\/figure>\n<\/div><\/div>\n<\/div>\n\n\n\n<div class=\"wp-block-columns is-layout-flex wp-container-core-columns-is-layout-9d6595d7 wp-block-columns-is-layout-flex\">\n<div class=\"wp-block-column is-layout-flow wp-block-column-is-layout-flow\">\n<p><a href=\"https:\/\/www.facebook.com\/CONSERVERIEDELATUILERIE\/\" target=\"_blank\" rel=\"noreferrer noopener\">La Conserverie de la Tuilerie<\/a> est une entreprise familiale autour de Marilore et Bernard. Elle exer\u00e7e deux activit\u00e9s compl\u00e9mentaires, la conserverie et la salaison, de mani\u00e8re artisanale et traditionnelle : sans colorants ni conservateurs. Ils travaillent avec les produits locaux, le cidre du Pays d&rsquo;Othe, le ratafia et le marc de Bourgogne, le vin de Chablis, le Chaource.<\/p>\n<\/div>\n\n\n\n<div class=\"wp-block-column is-layout-flow wp-block-column-is-layout-flow\">\n<p>Bas\u00e9 dans un des hameaux de Sormery, <a href=\"https:\/\/www.facebook.com\/lartisanothe\/\" target=\"_blank\" rel=\"noreferrer noopener\">L&rsquo;Artisan&rsquo;Othe<\/a> et Rapha\u00ebl transforment \u00e0 la ferme les produits agricoles en ap\u00e9ritifs<\/p>\n<\/div>\n<\/div>\n\n\n\n<p><\/p>\n\n\n\n<div class=\"wp-block-columns is-layout-flex wp-container-core-columns-is-layout-9d6595d7 wp-block-columns-is-layout-flex\">\n<div class=\"wp-block-column is-layout-flow wp-block-column-is-layout-flow\"><div class=\"wp-block-image\">\n<figure class=\"aligncenter size-thumbnail\"><img loading=\"lazy\" decoding=\"async\" width=\"150\" height=\"150\" src=\"https:\/\/lademeuredothe.family\/wp-content\/uploads\/2024\/01\/240125-Rabuat-logo-150x150.png\" alt=\"\" class=\"wp-image-2136\" srcset=\"https:\/\/lademeuredothe.family\/wp-content\/uploads\/2024\/01\/240125-Rabuat-logo-150x150.png 150w, https:\/\/lademeuredothe.family\/wp-content\/uploads\/2024\/01\/240125-Rabuat-logo.png 204w\" sizes=\"auto, (max-width: 150px) 100vw, 150px\" \/><\/figure>\n<\/div><\/div>\n\n\n\n<div class=\"wp-block-column is-layout-flow wp-block-column-is-layout-flow\"><div class=\"wp-block-image\">\n<figure class=\"aligncenter size-medium is-resized\"><img loading=\"lazy\" decoding=\"async\" width=\"157\" height=\"300\" src=\"https:\/\/lademeuredothe.family\/wp-content\/uploads\/2023\/05\/230517-PS-Cidre-Charlois-004372362-157x300.jpg\" alt=\"\" class=\"wp-image-1842\" style=\"width:76px;height:auto\" srcset=\"https:\/\/lademeuredothe.family\/wp-content\/uploads\/2023\/05\/230517-PS-Cidre-Charlois-004372362-157x300.jpg 157w, https:\/\/lademeuredothe.family\/wp-content\/uploads\/2023\/05\/230517-PS-Cidre-Charlois-004372362.jpg 418w\" sizes=\"auto, (max-width: 157px) 100vw, 157px\" \/><\/figure>\n<\/div><\/div>\n<\/div>\n\n\n\n<div class=\"wp-block-columns is-layout-flex wp-container-core-columns-is-layout-9d6595d7 wp-block-columns-is-layout-flex\">\n<div class=\"wp-block-column is-layout-flow wp-block-column-is-layout-flow\">\n<p>A M\u00e9r\u00e9, \u00e0 quelques kilom\u00e8tres de Sormery, J\u00e9r\u00f4me a repris l&rsquo;entreprise familiale, <a href=\"https:\/\/www.foiegras-rabuat.fr\/\" target=\"_blank\" rel=\"noreferrer noopener\">Foie Gras Rabuat et Fils<\/a>, il y a quelques ann\u00e9es apr\u00e8s une belle carri\u00e8re dans la restauration. Dans leur boutique vous retrouverez leur gamme de foie gras, et leurs sp\u00e9cialit\u00e9s fermi\u00e8res de canard : terrines, rillettes, plats cuisin\u00e9s, saucissons et produits frais (r\u00f4tis, magrets, aiguillettes&#8230;).<\/p>\n<\/div>\n\n\n\n<div class=\"wp-block-column is-layout-flow wp-block-column-is-layout-flow\">\n<p>Le domaine de la Charloise, dirig\u00e9 par Florence et Philippe, est l\u2019un des derniers ateliers de production de cidre du pays d\u2019Othe. L\u2019entreprise, \u00e0 la fois agricole et cidri\u00e8re, est install\u00e9e au hameau du Champion, \u00e0 B\u0153urs-en-Othe.<br>L\u2019activit\u00e9 fonctionne en bio et s&rsquo;appuie sur une diversit\u00e9 de seize vari\u00e9t\u00e9s de pommiers (v\u00e9rollot, avrolles, nez de chat,&#8230;<\/p>\n<\/div>\n<\/div>\n\n\n\n<p><\/p>\n\n\n\n<div class=\"wp-block-columns is-layout-flex wp-container-core-columns-is-layout-9d6595d7 wp-block-columns-is-layout-flex\">\n<div class=\"wp-block-column is-layout-flow wp-block-column-is-layout-flow\"><div class=\"wp-block-image\">\n<figure class=\"aligncenter size-medium\"><img loading=\"lazy\" decoding=\"async\" width=\"300\" height=\"110\" src=\"https:\/\/lademeuredothe.family\/wp-content\/uploads\/2024\/01\/240130-Reliefs-massage-300x110.png\" alt=\"\" class=\"wp-image-2151\" srcset=\"https:\/\/lademeuredothe.family\/wp-content\/uploads\/2024\/01\/240130-Reliefs-massage-300x110.png 300w, https:\/\/lademeuredothe.family\/wp-content\/uploads\/2024\/01\/240130-Reliefs-massage.png 384w\" sizes=\"auto, (max-width: 300px) 100vw, 300px\" \/><\/figure>\n<\/div><\/div>\n\n\n\n<div class=\"wp-block-column is-layout-flow wp-block-column-is-layout-flow\"><div class=\"wp-block-image\">\n<figure class=\"aligncenter size-thumbnail is-resized\"><img loading=\"lazy\" decoding=\"async\" width=\"150\" height=\"150\" src=\"https:\/\/lademeuredothe.family\/wp-content\/uploads\/2024\/01\/240125-ParisJump-Logo-150x150.png\" alt=\"\" class=\"wp-image-2135\" style=\"width:126px;height:auto\" srcset=\"https:\/\/lademeuredothe.family\/wp-content\/uploads\/2024\/01\/240125-ParisJump-Logo-150x150.png 150w, https:\/\/lademeuredothe.family\/wp-content\/uploads\/2024\/01\/240125-ParisJump-Logo.png 225w\" sizes=\"auto, (max-width: 150px) 100vw, 150px\" \/><\/figure>\n<\/div><\/div>\n<\/div>\n\n\n\n<div class=\"wp-block-columns is-layout-flex wp-container-core-columns-is-layout-9d6595d7 wp-block-columns-is-layout-flex\">\n<div class=\"wp-block-column is-layout-flow wp-block-column-is-layout-flow\">\n<p>Anne Laure et <a href=\"https:\/\/reliefsmassage.fr\/\" target=\"_blank\" rel=\"noreferrer noopener\">Relief Massage <\/a>s&rsquo;est install\u00e9e il y a quelques ann\u00e9es \u00e0 Sormery o\u00f9 elle vous accueillera pour un Massage Su\u00e9dois, une s\u00e9ance de Cristaloth\u00e9rapie ou une \u00ab\u00a0D\u00e9toxination avec ventouse\u00a0\u00bb. Pour Anne Laure, \u00ab\u00a0En \u00e9coutant votre corps quand il chuchote, vous n\u2019aurez pas \u00e0 l\u2019entendre crier\u00a0\u00bb.<\/p>\n<\/div>\n\n\n\n<div class=\"wp-block-column is-layout-flow wp-block-column-is-layout-flow\">\n<p>Entre le doute et l\u2019envie, entre la peur et l\u2019audace, Venez tenter l\u2019exp\u00e9rience&nbsp;: La \u00ab&nbsp;chute libre est un voyage \u00bb. Situ\u00e9 sur l&rsquo;a\u00e9rodrome de Ch\u00e9u, <a href=\"https:\/\/www.parisjump.com\/\" target=\"_blank\" rel=\"noreferrer noopener\">Parisjump&nbsp;<\/a>met tous les moyens \u00e0 votre disposition pour que vous passiez un moment inoubliable lors de votre premier<strong>&nbsp;<\/strong>saut en parachute.<\/p>\n<\/div>\n<\/div>\n\n\n\n<p><\/p>\n\n\n\n<div class=\"wp-block-columns is-layout-flex wp-container-core-columns-is-layout-9d6595d7 wp-block-columns-is-layout-flex\">\n<div class=\"wp-block-column is-layout-flow wp-block-column-is-layout-flow\"><div class=\"wp-block-image\">\n<figure class=\"aligncenter size-medium\"><img loading=\"lazy\" decoding=\"async\" width=\"300\" height=\"120\" src=\"https:\/\/lademeuredothe.family\/wp-content\/uploads\/2024\/01\/240125-Centre-Equestre-Licheres-Photo-300x120.jpg\" alt=\"\" class=\"wp-image-2152\" srcset=\"https:\/\/lademeuredothe.family\/wp-content\/uploads\/2024\/01\/240125-Centre-Equestre-Licheres-Photo-300x120.jpg 300w, https:\/\/lademeuredothe.family\/wp-content\/uploads\/2024\/01\/240125-Centre-Equestre-Licheres-Photo-1024x410.jpg 1024w, https:\/\/lademeuredothe.family\/wp-content\/uploads\/2024\/01\/240125-Centre-Equestre-Licheres-Photo-768x307.jpg 768w, https:\/\/lademeuredothe.family\/wp-content\/uploads\/2024\/01\/240125-Centre-Equestre-Licheres-Photo-1536x614.jpg 1536w, https:\/\/lademeuredothe.family\/wp-content\/uploads\/2024\/01\/240125-Centre-Equestre-Licheres-Photo-892x357.jpg 892w, https:\/\/lademeuredothe.family\/wp-content\/uploads\/2024\/01\/240125-Centre-Equestre-Licheres-Photo.jpg 2000w\" sizes=\"auto, (max-width: 300px) 100vw, 300px\" \/><\/figure>\n<\/div><\/div>\n\n\n\n<div class=\"wp-block-column is-layout-flow wp-block-column-is-layout-flow\"><\/div>\n<\/div>\n\n\n\n<div class=\"wp-block-columns is-layout-flex wp-container-core-columns-is-layout-9d6595d7 wp-block-columns-is-layout-flex\">\n<div class=\"wp-block-column is-layout-flow wp-block-column-is-layout-flow\">\n<p>A quelques kilom\u00e9tres de Sormery <a href=\"http:\/\/les Ecuries des Lich\u00e8res, structure de taille familiale, vous accueillent, petits et grands, dans un cadre calme et verdoyant.\" target=\"_blank\" rel=\"noreferrer noopener\">Les \u00e9curies de Lich\u00e8res <\/a>, structure de taille familiale, vous accueillent, petits et grands, dans un cadre calme et verdoyant pour une d\u00e9couverte du poney, du cheval, des balades.<\/p>\n<\/div>\n\n\n\n<div class=\"wp-block-column is-layout-flow wp-block-column-is-layout-flow\"><\/div>\n<\/div>\n","protected":false},"excerpt":{"rendered":"<p>La Demeure d&rsquo;Othe a \u00e9tabli des relations avec de nombreux acteurs locaux qui vous accueilleront avec plaisir (appelez les au pr\u00e9alable pour vous assurer de leur disponibilit\u00e9) et vous feront d\u00e9couvrir leurs produits, leur savoir-faire, leur sport, &#8230; La microbrasserie Grand Duc est situ\u00e9e dans le hameau de La Tuilerie de Sormery. Les bi\u00e8res bio [&hellip;]<\/p>\n","protected":false},"author":1,"featured_media":0,"parent":0,"menu_order":0,"comment_status":"closed","ping_status":"closed","template":"","meta":{"footnotes":""},"class_list":["post-2132","page","type-page","status-publish","hentry"],"_links":{"self":[{"href":"https:\/\/lademeuredothe.family\/index.php\/wp-json\/wp\/v2\/pages\/2132","targetHints":{"allow":["GET"]}}],"collection":[{"href":"https:\/\/lademeuredothe.family\/index.php\/wp-json\/wp\/v2\/pages"}],"about":[{"href":"https:\/\/lademeuredothe.family\/index.php\/wp-json\/wp\/v2\/types\/page"}],"author":[{"embeddable":true,"href":"https:\/\/lademeuredothe.family\/index.php\/wp-json\/wp\/v2\/users\/1"}],"replies":[{"embeddable":true,"href":"https:\/\/lademeuredothe.family\/index.php\/wp-json\/wp\/v2\/comments?post=2132"}],"version-history":[{"count":15,"href":"https:\/\/lademeuredothe.family\/index.php\/wp-json\/wp\/v2\/pages\/2132\/revisions"}],"predecessor-version":[{"id":2390,"href":"https:\/\/lademeuredothe.family\/index.php\/wp-json\/wp\/v2\/pages\/2132\/revisions\/2390"}],"wp:attachment":[{"href":"https:\/\/lademeuredothe.family\/index.php\/wp-json\/wp\/v2\/media?parent=2132"}],"curies":[{"name":"wp","href":"https:\/\/api.w.org\/{rel}","templated":true}]}}