{"id":1653,"date":"2023-04-11T18:34:55","date_gmt":"2023-04-11T16:34:55","guid":{"rendered":"https:\/\/lademeuredothe.family\/?page_id=1653"},"modified":"2025-03-17T12:34:50","modified_gmt":"2025-03-17T11:34:50","slug":"la-chambre-a-la-princesse","status":"publish","type":"page","link":"https:\/\/lademeuredothe.family\/index.php\/la-chambre-a-la-princesse\/","title":{"rendered":"La chambre La Princesse"},"content":{"rendered":"\n<p>Cette grande chambre situ\u00e9e au premier \u00e9tage et donnant sur le jardin arri\u00e8re est id\u00e9ale pour un couple.<\/p>\n\n\n<div class=\"wp-block-image is-style-rounded\">\n<figure class=\"aligncenter size-medium\"><img loading=\"lazy\" decoding=\"async\" width=\"300\" height=\"194\" src=\"https:\/\/lademeuredothe.family\/wp-content\/uploads\/2023\/01\/220912-Vue-du-jardin-Portail-forets-et-maison-des-enfants-20220817_204338-300x194.jpg\" alt=\"\" class=\"wp-image-881\" srcset=\"https:\/\/lademeuredothe.family\/wp-content\/uploads\/2023\/01\/220912-Vue-du-jardin-Portail-forets-et-maison-des-enfants-20220817_204338-300x194.jpg 300w, https:\/\/lademeuredothe.family\/wp-content\/uploads\/2023\/01\/220912-Vue-du-jardin-Portail-forets-et-maison-des-enfants-20220817_204338-1024x661.jpg 1024w, https:\/\/lademeuredothe.family\/wp-content\/uploads\/2023\/01\/220912-Vue-du-jardin-Portail-forets-et-maison-des-enfants-20220817_204338-768x496.jpg 768w, https:\/\/lademeuredothe.family\/wp-content\/uploads\/2023\/01\/220912-Vue-du-jardin-Portail-forets-et-maison-des-enfants-20220817_204338-1536x992.jpg 1536w, https:\/\/lademeuredothe.family\/wp-content\/uploads\/2023\/01\/220912-Vue-du-jardin-Portail-forets-et-maison-des-enfants-20220817_204338-2048x1323.jpg 2048w, https:\/\/lademeuredothe.family\/wp-content\/uploads\/2023\/01\/220912-Vue-du-jardin-Portail-forets-et-maison-des-enfants-20220817_204338-892x576.jpg 892w\" sizes=\"auto, (max-width: 300px) 100vw, 300px\" \/><figcaption class=\"wp-element-caption\">Vue depuis la chambre Princesse<\/figcaption><\/figure>\n<\/div>\n\n\n<div class=\"wp-block-columns is-layout-flex wp-container-core-columns-is-layout-9d6595d7 wp-block-columns-is-layout-flex\">\n<div class=\"wp-block-column is-layout-flow wp-block-column-is-layout-flow\">\n<figure class=\"wp-block-image size-large\"><img loading=\"lazy\" decoding=\"async\" width=\"1024\" height=\"768\" src=\"https:\/\/lademeuredothe.family\/wp-content\/uploads\/2025\/03\/Princesse-lit-depuis-coin-sous-lampe-1024x768.jpg\" alt=\"\" class=\"wp-image-2825\" srcset=\"https:\/\/lademeuredothe.family\/wp-content\/uploads\/2025\/03\/Princesse-lit-depuis-coin-sous-lampe-1024x768.jpg 1024w, https:\/\/lademeuredothe.family\/wp-content\/uploads\/2025\/03\/Princesse-lit-depuis-coin-sous-lampe-300x225.jpg 300w, https:\/\/lademeuredothe.family\/wp-content\/uploads\/2025\/03\/Princesse-lit-depuis-coin-sous-lampe-768x576.jpg 768w, https:\/\/lademeuredothe.family\/wp-content\/uploads\/2025\/03\/Princesse-lit-depuis-coin-sous-lampe-1536x1152.jpg 1536w, https:\/\/lademeuredothe.family\/wp-content\/uploads\/2025\/03\/Princesse-lit-depuis-coin-sous-lampe-892x669.jpg 892w, https:\/\/lademeuredothe.family\/wp-content\/uploads\/2025\/03\/Princesse-lit-depuis-coin-sous-lampe.jpg 2000w\" sizes=\"auto, (max-width: 1024px) 100vw, 1024px\" \/><figcaption class=\"wp-element-caption\">Vue d&rsquo;ensemble depuis le petit salon<\/figcaption><\/figure>\n<\/div>\n\n\n\n<div class=\"wp-block-column is-layout-flow wp-block-column-is-layout-flow\">\n<figure class=\"wp-block-image size-large\"><img loading=\"lazy\" decoding=\"async\" width=\"1024\" height=\"1024\" src=\"https:\/\/lademeuredothe.family\/wp-content\/uploads\/2023\/04\/PHOTO-2023-04-04-18-10-37-1-1024x1024.jpg\" alt=\"\" class=\"wp-image-1660\" srcset=\"https:\/\/lademeuredothe.family\/wp-content\/uploads\/2023\/04\/PHOTO-2023-04-04-18-10-37-1-1024x1024.jpg 1024w, https:\/\/lademeuredothe.family\/wp-content\/uploads\/2023\/04\/PHOTO-2023-04-04-18-10-37-1-300x300.jpg 300w, https:\/\/lademeuredothe.family\/wp-content\/uploads\/2023\/04\/PHOTO-2023-04-04-18-10-37-1-150x150.jpg 150w, https:\/\/lademeuredothe.family\/wp-content\/uploads\/2023\/04\/PHOTO-2023-04-04-18-10-37-1-768x768.jpg 768w, https:\/\/lademeuredothe.family\/wp-content\/uploads\/2023\/04\/PHOTO-2023-04-04-18-10-37-1-1536x1536.jpg 1536w, https:\/\/lademeuredothe.family\/wp-content\/uploads\/2023\/04\/PHOTO-2023-04-04-18-10-37-1-892x892.jpg 892w, https:\/\/lademeuredothe.family\/wp-content\/uploads\/2023\/04\/PHOTO-2023-04-04-18-10-37-1.jpg 2048w\" sizes=\"auto, (max-width: 1024px) 100vw, 1024px\" \/><figcaption class=\"wp-element-caption\">Vue sur le lit Queensize et l&rsquo;entr\u00e9e de la salle de bains<\/figcaption><\/figure>\n<\/div>\n\n\n\n<div class=\"wp-block-column is-layout-flow wp-block-column-is-layout-flow\">\n<figure class=\"wp-block-image size-large\"><img loading=\"lazy\" decoding=\"async\" width=\"768\" height=\"1024\" src=\"https:\/\/lademeuredothe.family\/wp-content\/uploads\/2025\/03\/Princesse-coin-lit-fenetre-et-commode-768x1024.jpg\" alt=\"\" class=\"wp-image-2823\" srcset=\"https:\/\/lademeuredothe.family\/wp-content\/uploads\/2025\/03\/Princesse-coin-lit-fenetre-et-commode-768x1024.jpg 768w, https:\/\/lademeuredothe.family\/wp-content\/uploads\/2025\/03\/Princesse-coin-lit-fenetre-et-commode-225x300.jpg 225w, https:\/\/lademeuredothe.family\/wp-content\/uploads\/2025\/03\/Princesse-coin-lit-fenetre-et-commode-1152x1536.jpg 1152w, https:\/\/lademeuredothe.family\/wp-content\/uploads\/2025\/03\/Princesse-coin-lit-fenetre-et-commode-892x1189.jpg 892w, https:\/\/lademeuredothe.family\/wp-content\/uploads\/2025\/03\/Princesse-coin-lit-fenetre-et-commode.jpg 1500w\" sizes=\"auto, (max-width: 768px) 100vw, 768px\" \/><figcaption class=\"wp-element-caption\">La commode et la vue sur un des cerisiers<\/figcaption><\/figure>\n<\/div>\n<\/div>\n\n\n\n<p><\/p>\n\n\n\n<div class=\"wp-block-columns is-layout-flex wp-container-core-columns-is-layout-9d6595d7 wp-block-columns-is-layout-flex\">\n<div class=\"wp-block-column is-layout-flow wp-block-column-is-layout-flow\">\n<figure class=\"wp-block-image size-large\"><img loading=\"lazy\" decoding=\"async\" width=\"1024\" height=\"768\" src=\"https:\/\/lademeuredothe.family\/wp-content\/uploads\/2023\/04\/PHOTO-2023-04-01-14-22-19-1024x768.jpg\" alt=\"\" class=\"wp-image-1663\" srcset=\"https:\/\/lademeuredothe.family\/wp-content\/uploads\/2023\/04\/PHOTO-2023-04-01-14-22-19-1024x768.jpg 1024w, https:\/\/lademeuredothe.family\/wp-content\/uploads\/2023\/04\/PHOTO-2023-04-01-14-22-19-300x225.jpg 300w, https:\/\/lademeuredothe.family\/wp-content\/uploads\/2023\/04\/PHOTO-2023-04-01-14-22-19-768x576.jpg 768w, https:\/\/lademeuredothe.family\/wp-content\/uploads\/2023\/04\/PHOTO-2023-04-01-14-22-19-1536x1152.jpg 1536w, https:\/\/lademeuredothe.family\/wp-content\/uploads\/2023\/04\/PHOTO-2023-04-01-14-22-19-892x669.jpg 892w, https:\/\/lademeuredothe.family\/wp-content\/uploads\/2023\/04\/PHOTO-2023-04-01-14-22-19.jpg 1600w\" sizes=\"auto, (max-width: 1024px) 100vw, 1024px\" \/><figcaption class=\"wp-element-caption\">La commode et l&rsquo;entre\u00e9 de la salle de bains<\/figcaption><\/figure>\n<\/div>\n\n\n\n<div class=\"wp-block-column is-layout-flow wp-block-column-is-layout-flow\">\n<figure class=\"wp-block-image size-large\"><img loading=\"lazy\" decoding=\"async\" width=\"1024\" height=\"945\" src=\"https:\/\/lademeuredothe.family\/wp-content\/uploads\/2023\/04\/IMG_1582-scaled-e1741794264352-1024x945.jpg\" alt=\"\" class=\"wp-image-1654\" srcset=\"https:\/\/lademeuredothe.family\/wp-content\/uploads\/2023\/04\/IMG_1582-scaled-e1741794264352-1024x945.jpg 1024w, https:\/\/lademeuredothe.family\/wp-content\/uploads\/2023\/04\/IMG_1582-scaled-e1741794264352-300x277.jpg 300w, https:\/\/lademeuredothe.family\/wp-content\/uploads\/2023\/04\/IMG_1582-scaled-e1741794264352-768x709.jpg 768w, https:\/\/lademeuredothe.family\/wp-content\/uploads\/2023\/04\/IMG_1582-scaled-e1741794264352-892x823.jpg 892w, https:\/\/lademeuredothe.family\/wp-content\/uploads\/2023\/04\/IMG_1582-scaled-e1741794264352.jpg 1506w\" sizes=\"auto, (max-width: 1024px) 100vw, 1024px\" \/><figcaption class=\"wp-element-caption\">Notre princesse<\/figcaption><\/figure>\n<\/div>\n\n\n\n<div class=\"wp-block-column is-layout-flow wp-block-column-is-layout-flow\">\n<figure class=\"wp-block-image size-large\"><img loading=\"lazy\" decoding=\"async\" width=\"768\" height=\"1024\" src=\"https:\/\/lademeuredothe.family\/wp-content\/uploads\/2025\/03\/Princesse-vue-coin-sous-lampe-768x1024.jpg\" alt=\"\" class=\"wp-image-2827\" srcset=\"https:\/\/lademeuredothe.family\/wp-content\/uploads\/2025\/03\/Princesse-vue-coin-sous-lampe-768x1024.jpg 768w, https:\/\/lademeuredothe.family\/wp-content\/uploads\/2025\/03\/Princesse-vue-coin-sous-lampe-225x300.jpg 225w, https:\/\/lademeuredothe.family\/wp-content\/uploads\/2025\/03\/Princesse-vue-coin-sous-lampe-1152x1536.jpg 1152w, https:\/\/lademeuredothe.family\/wp-content\/uploads\/2025\/03\/Princesse-vue-coin-sous-lampe-892x1189.jpg 892w, https:\/\/lademeuredothe.family\/wp-content\/uploads\/2025\/03\/Princesse-vue-coin-sous-lampe.jpg 1500w\" sizes=\"auto, (max-width: 768px) 100vw, 768px\" \/><figcaption class=\"wp-element-caption\">Un petit caf\u00e9, un petit th\u00e8 autour de la table de salon<\/figcaption><\/figure>\n<\/div>\n<\/div>\n\n\n\n<p><\/p>\n\n\n\n<div class=\"wp-block-columns is-layout-flex wp-container-core-columns-is-layout-9d6595d7 wp-block-columns-is-layout-flex\">\n<div class=\"wp-block-column is-layout-flow wp-block-column-is-layout-flow\">\n<figure class=\"wp-block-image size-large\"><img loading=\"lazy\" decoding=\"async\" width=\"768\" height=\"1024\" src=\"https:\/\/lademeuredothe.family\/wp-content\/uploads\/2023\/04\/IMG_1577-768x1024.jpg\" alt=\"\" class=\"wp-image-1662\" srcset=\"https:\/\/lademeuredothe.family\/wp-content\/uploads\/2023\/04\/IMG_1577-768x1024.jpg 768w, https:\/\/lademeuredothe.family\/wp-content\/uploads\/2023\/04\/IMG_1577-225x300.jpg 225w, https:\/\/lademeuredothe.family\/wp-content\/uploads\/2023\/04\/IMG_1577-1152x1536.jpg 1152w, https:\/\/lademeuredothe.family\/wp-content\/uploads\/2023\/04\/IMG_1577-1536x2048.jpg 1536w, https:\/\/lademeuredothe.family\/wp-content\/uploads\/2023\/04\/IMG_1577-892x1189.jpg 892w, https:\/\/lademeuredothe.family\/wp-content\/uploads\/2023\/04\/IMG_1577-scaled.jpg 1920w\" sizes=\"auto, (max-width: 768px) 100vw, 768px\" \/><figcaption class=\"wp-element-caption\">La salle de douche de la chambre La Princesse<\/figcaption><\/figure>\n<\/div>\n\n\n\n<div class=\"wp-block-column is-layout-flow wp-block-column-is-layout-flow\">\n<figure class=\"wp-block-image size-large\"><img loading=\"lazy\" decoding=\"async\" width=\"768\" height=\"1024\" src=\"https:\/\/lademeuredothe.family\/wp-content\/uploads\/2025\/03\/Princesse-lavabo-et-miroir-SdB-IMG_1576-768x1024.jpg\" alt=\"\" class=\"wp-image-2829\" srcset=\"https:\/\/lademeuredothe.family\/wp-content\/uploads\/2025\/03\/Princesse-lavabo-et-miroir-SdB-IMG_1576-768x1024.jpg 768w, https:\/\/lademeuredothe.family\/wp-content\/uploads\/2025\/03\/Princesse-lavabo-et-miroir-SdB-IMG_1576-225x300.jpg 225w, https:\/\/lademeuredothe.family\/wp-content\/uploads\/2025\/03\/Princesse-lavabo-et-miroir-SdB-IMG_1576-1152x1536.jpg 1152w, https:\/\/lademeuredothe.family\/wp-content\/uploads\/2025\/03\/Princesse-lavabo-et-miroir-SdB-IMG_1576-1536x2048.jpg 1536w, https:\/\/lademeuredothe.family\/wp-content\/uploads\/2025\/03\/Princesse-lavabo-et-miroir-SdB-IMG_1576-892x1189.jpg 892w, https:\/\/lademeuredothe.family\/wp-content\/uploads\/2025\/03\/Princesse-lavabo-et-miroir-SdB-IMG_1576-scaled.jpg 1920w\" sizes=\"auto, (max-width: 768px) 100vw, 768px\" \/><figcaption class=\"wp-element-caption\">Lavabo, s\u00e8che-cheveux et miroir de la salle de bains<\/figcaption><\/figure>\n<\/div>\n\n\n\n<div class=\"wp-block-column is-layout-flow wp-block-column-is-layout-flow\">\n<figure class=\"wp-block-image size-large\"><img loading=\"lazy\" decoding=\"async\" width=\"768\" height=\"1024\" src=\"https:\/\/lademeuredothe.family\/wp-content\/uploads\/2023\/04\/IMG_1580-768x1024.jpg\" alt=\"\" class=\"wp-image-1661\" srcset=\"https:\/\/lademeuredothe.family\/wp-content\/uploads\/2023\/04\/IMG_1580-768x1024.jpg 768w, https:\/\/lademeuredothe.family\/wp-content\/uploads\/2023\/04\/IMG_1580-225x300.jpg 225w, https:\/\/lademeuredothe.family\/wp-content\/uploads\/2023\/04\/IMG_1580-1152x1536.jpg 1152w, https:\/\/lademeuredothe.family\/wp-content\/uploads\/2023\/04\/IMG_1580-1536x2048.jpg 1536w, https:\/\/lademeuredothe.family\/wp-content\/uploads\/2023\/04\/IMG_1580-892x1189.jpg 892w, https:\/\/lademeuredothe.family\/wp-content\/uploads\/2023\/04\/IMG_1580-scaled.jpg 1920w\" sizes=\"auto, (max-width: 768px) 100vw, 768px\" \/><figcaption class=\"wp-element-caption\">L&rsquo;entr\u00e9e de la salle de bains, le lavabo<\/figcaption><\/figure>\n<\/div>\n<\/div>\n\n\n\n<p><\/p>\n\n\n<div class=\"wp-block-image\">\n<figure class=\"aligncenter size-medium\"><img loading=\"lazy\" decoding=\"async\" width=\"300\" height=\"194\" src=\"https:\/\/lademeuredothe.family\/wp-content\/uploads\/2025\/03\/220912-Vue-du-jardin-Portail-forets-et-maison-des-enfants-20220817_204338-300x194.jpg\" alt=\"\" class=\"wp-image-2920\" srcset=\"https:\/\/lademeuredothe.family\/wp-content\/uploads\/2025\/03\/220912-Vue-du-jardin-Portail-forets-et-maison-des-enfants-20220817_204338-300x194.jpg 300w, https:\/\/lademeuredothe.family\/wp-content\/uploads\/2025\/03\/220912-Vue-du-jardin-Portail-forets-et-maison-des-enfants-20220817_204338-1024x661.jpg 1024w, https:\/\/lademeuredothe.family\/wp-content\/uploads\/2025\/03\/220912-Vue-du-jardin-Portail-forets-et-maison-des-enfants-20220817_204338-768x496.jpg 768w, https:\/\/lademeuredothe.family\/wp-content\/uploads\/2025\/03\/220912-Vue-du-jardin-Portail-forets-et-maison-des-enfants-20220817_204338-1536x992.jpg 1536w, https:\/\/lademeuredothe.family\/wp-content\/uploads\/2025\/03\/220912-Vue-du-jardin-Portail-forets-et-maison-des-enfants-20220817_204338-2048x1323.jpg 2048w, https:\/\/lademeuredothe.family\/wp-content\/uploads\/2025\/03\/220912-Vue-du-jardin-Portail-forets-et-maison-des-enfants-20220817_204338-892x576.jpg 892w\" sizes=\"auto, (max-width: 300px) 100vw, 300px\" \/><figcaption class=\"wp-element-caption\">Vue depuis la chambre Princesse<\/figcaption><\/figure>\n<\/div>\n\n\n<p>Que ce soit pour une personne ou deux personnes, le lit de 160 cm et la salle de douche attenante vous permettront de vous sentir \u00e0 votre aise.<\/p>\n\n\n\n<p>Vous souhaitez r\u00e9server cette chambre, v\u00e9rifiez les disponibilit\u00e9s et r\u00e9servez via la plateforme s\u00e9curis\u00e9e Elloha :<\/p>\n\n\n\n<div id=\"ConstellationCalendarContainera65bb60b-c7d6-4206-8ad8-9f88a27dacbc\" style=\"width:100%; text-align:center;\" title=\"La Demeure d&#39;Othe\" data-id-projet='a65bb60bc7d642068ad89f88a27dacbc'>Chargement en cours&#8230;<\/div> <script type=\"text\/javascript\" src=\"https:\/\/reservation.elloha.com\/Scripts\/widget-loader.min.js?v=42\"><\/script> <script type=\"text\/javascript\">var constellationWidgetUrla65bb60bc7d642068ad89f88a27dacbc, constellationTypeModulea65bb60bc7d642068ad89f88a27dacbc; constellationWidgetUrla65bb60bc7d642068ad89f88a27dacbc = 'https:\/\/reservation.elloha.com\/Widget\/BookingCalendar\/a65bb60b-c7d6-4206-8ad8-9f88a27dacbc?idoi=ec19e3b5-df51-4622-834d-c862f11484af'; constellationTypeModulea65bb60bc7d642068ad89f88a27dacbc=2; constellationBookingCalendarLoad('ConstellationCalendarContainera65bb60b-c7d6-4206-8ad8-9f88a27dacbc'); constellationWidgetAddEvent(window, \"resize\", function () { constellationWidgetSetAppearance('ConstellationCalendarContainera65bb60b-c7d6-4206-8ad8-9f88a27dacbc'); });<\/script>\n\n\n\n<div id=\"ConstellationWidgetContainer402a886e-1a76-4fc5-8a21-e16dca1a32d1\" style=\"width:100%\" title=\"La Demeure d&#39;Othe\" data-id-projet='402a886e1a764fc58a21e16dca1a32d1'>Chargement en cours&#8230;<\/div> <script type=\"text\/javascript\" src=\"https:\/\/reservation.elloha.com\/Scripts\/widget-loader.min.js?v=42\"><\/script> <script type=\"text\/javascript\">var constellationWidgetUrl402a886e1a764fc58a21e16dca1a32d1, constellationTypeModule402a886e1a764fc58a21e16dca1a32d1; constellationWidgetUrl402a886e1a764fc58a21e16dca1a32d1 = 'https:\/\/reservation.elloha.com\/Widget\/BookingEngine\/402a886e-1a76-4fc5-8a21-e16dca1a32d1?idoi=ec19e3b5-df51-4622-834d-c862f11484af&culture=fr-FR'; constellationTypeModule402a886e1a764fc58a21e16dca1a32d1=1; constellationWidgetLoad('ConstellationWidgetContainer402a886e-1a76-4fc5-8a21-e16dca1a32d1'); constellationWidgetAddEvent(window, \"resize\", function () { constellationWidgetSetAppearance('ConstellationWidgetContainer402a886e-1a76-4fc5-8a21-e16dca1a32d1'); });<\/script>\n","protected":false},"excerpt":{"rendered":"<p>Cette grande chambre situ\u00e9e au premier \u00e9tage et donnant sur le jardin arri\u00e8re est id\u00e9ale pour un couple. Que ce soit pour une personne ou deux personnes, le lit de 160 cm et la salle de douche attenante vous permettront de vous sentir \u00e0 votre aise. Vous souhaitez r\u00e9server cette chambre, v\u00e9rifiez les disponibilit\u00e9s et [&hellip;]<\/p>\n","protected":false},"author":1,"featured_media":1654,"parent":0,"menu_order":0,"comment_status":"closed","ping_status":"closed","template":"","meta":{"footnotes":""},"class_list":["post-1653","page","type-page","status-publish","has-post-thumbnail","hentry"],"_links":{"self":[{"href":"https:\/\/lademeuredothe.family\/index.php\/wp-json\/wp\/v2\/pages\/1653","targetHints":{"allow":["GET"]}}],"collection":[{"href":"https:\/\/lademeuredothe.family\/index.php\/wp-json\/wp\/v2\/pages"}],"about":[{"href":"https:\/\/lademeuredothe.family\/index.php\/wp-json\/wp\/v2\/types\/page"}],"author":[{"embeddable":true,"href":"https:\/\/lademeuredothe.family\/index.php\/wp-json\/wp\/v2\/users\/1"}],"replies":[{"embeddable":true,"href":"https:\/\/lademeuredothe.family\/index.php\/wp-json\/wp\/v2\/comments?post=1653"}],"version-history":[{"count":13,"href":"https:\/\/lademeuredothe.family\/index.php\/wp-json\/wp\/v2\/pages\/1653\/revisions"}],"predecessor-version":[{"id":2937,"href":"https:\/\/lademeuredothe.family\/index.php\/wp-json\/wp\/v2\/pages\/1653\/revisions\/2937"}],"wp:featuredmedia":[{"embeddable":true,"href":"https:\/\/lademeuredothe.family\/index.php\/wp-json\/wp\/v2\/media\/1654"}],"wp:attachment":[{"href":"https:\/\/lademeuredothe.family\/index.php\/wp-json\/wp\/v2\/media?parent=1653"}],"curies":[{"name":"wp","href":"https:\/\/api.w.org\/{rel}","templated":true}]}}