{"id":1640,"date":"2023-04-11T18:20:52","date_gmt":"2023-04-11T16:20:52","guid":{"rendered":"https:\/\/lademeuredothe.family\/?page_id=1640"},"modified":"2025-03-17T12:32:53","modified_gmt":"2025-03-17T11:32:53","slug":"la-chambre-aux-miroirs","status":"publish","type":"page","link":"https:\/\/lademeuredothe.family\/index.php\/la-chambre-aux-miroirs\/","title":{"rendered":"La chambre Les Miroirs"},"content":{"rendered":"\n<p>Cette grande chambre familiale situ\u00e9e au premier \u00e9tage donne sur le jardin arri\u00e8re.<\/p>\n\n\n<div class=\"wp-block-image is-style-rounded\">\n<figure class=\"aligncenter size-medium\"><img loading=\"lazy\" decoding=\"async\" width=\"300\" height=\"225\" src=\"https:\/\/lademeuredothe.family\/wp-content\/uploads\/2023\/01\/Jardin-aire-de-jeux-pour-enfants-300x225.jpg\" alt=\"\" class=\"wp-image-879\" srcset=\"https:\/\/lademeuredothe.family\/wp-content\/uploads\/2023\/01\/Jardin-aire-de-jeux-pour-enfants-300x225.jpg 300w, https:\/\/lademeuredothe.family\/wp-content\/uploads\/2023\/01\/Jardin-aire-de-jeux-pour-enfants-1024x768.jpg 1024w, https:\/\/lademeuredothe.family\/wp-content\/uploads\/2023\/01\/Jardin-aire-de-jeux-pour-enfants-768x576.jpg 768w, https:\/\/lademeuredothe.family\/wp-content\/uploads\/2023\/01\/Jardin-aire-de-jeux-pour-enfants-1536x1152.jpg 1536w, https:\/\/lademeuredothe.family\/wp-content\/uploads\/2023\/01\/Jardin-aire-de-jeux-pour-enfants-2048x1536.jpg 2048w, https:\/\/lademeuredothe.family\/wp-content\/uploads\/2023\/01\/Jardin-aire-de-jeux-pour-enfants-892x669.jpg 892w\" sizes=\"auto, (max-width: 300px) 100vw, 300px\" \/><figcaption class=\"wp-element-caption\">L&rsquo;aire de jeux pour enfants depuis la chambre Miroirs<\/figcaption><\/figure>\n<\/div>\n\n\n<div class=\"wp-block-columns is-layout-flex wp-container-core-columns-is-layout-9d6595d7 wp-block-columns-is-layout-flex\">\n<div class=\"wp-block-column is-layout-flow wp-block-column-is-layout-flow\">\n<figure class=\"wp-block-image size-large\"><img loading=\"lazy\" decoding=\"async\" width=\"1024\" height=\"1024\" src=\"https:\/\/lademeuredothe.family\/wp-content\/uploads\/2023\/04\/PHOTO-2023-04-04-18-13-49-1024x1024.jpg\" alt=\"\" class=\"wp-image-1642\" srcset=\"https:\/\/lademeuredothe.family\/wp-content\/uploads\/2023\/04\/PHOTO-2023-04-04-18-13-49-1024x1024.jpg 1024w, https:\/\/lademeuredothe.family\/wp-content\/uploads\/2023\/04\/PHOTO-2023-04-04-18-13-49-300x300.jpg 300w, https:\/\/lademeuredothe.family\/wp-content\/uploads\/2023\/04\/PHOTO-2023-04-04-18-13-49-150x150.jpg 150w, https:\/\/lademeuredothe.family\/wp-content\/uploads\/2023\/04\/PHOTO-2023-04-04-18-13-49-768x768.jpg 768w, https:\/\/lademeuredothe.family\/wp-content\/uploads\/2023\/04\/PHOTO-2023-04-04-18-13-49-1536x1536.jpg 1536w, https:\/\/lademeuredothe.family\/wp-content\/uploads\/2023\/04\/PHOTO-2023-04-04-18-13-49-892x892.jpg 892w, https:\/\/lademeuredothe.family\/wp-content\/uploads\/2023\/04\/PHOTO-2023-04-04-18-13-49.jpg 2048w\" sizes=\"auto, (max-width: 1024px) 100vw, 1024px\" \/><figcaption class=\"wp-element-caption\">Vue sur la chambre Miroirs<\/figcaption><\/figure>\n<\/div>\n\n\n\n<div class=\"wp-block-column is-layout-flow wp-block-column-is-layout-flow\">\n<figure class=\"wp-block-image size-large\"><img loading=\"lazy\" decoding=\"async\" width=\"1024\" height=\"768\" src=\"https:\/\/lademeuredothe.family\/wp-content\/uploads\/2025\/03\/Miroirs-lits-superposes-SdB-et-oreillers-depuis-coin-oppose-lampe-1024x768.jpg\" alt=\"\" class=\"wp-image-2803\" srcset=\"https:\/\/lademeuredothe.family\/wp-content\/uploads\/2025\/03\/Miroirs-lits-superposes-SdB-et-oreillers-depuis-coin-oppose-lampe-1024x768.jpg 1024w, https:\/\/lademeuredothe.family\/wp-content\/uploads\/2025\/03\/Miroirs-lits-superposes-SdB-et-oreillers-depuis-coin-oppose-lampe-300x225.jpg 300w, https:\/\/lademeuredothe.family\/wp-content\/uploads\/2025\/03\/Miroirs-lits-superposes-SdB-et-oreillers-depuis-coin-oppose-lampe-768x576.jpg 768w, https:\/\/lademeuredothe.family\/wp-content\/uploads\/2025\/03\/Miroirs-lits-superposes-SdB-et-oreillers-depuis-coin-oppose-lampe-1536x1152.jpg 1536w, https:\/\/lademeuredothe.family\/wp-content\/uploads\/2025\/03\/Miroirs-lits-superposes-SdB-et-oreillers-depuis-coin-oppose-lampe-892x669.jpg 892w, https:\/\/lademeuredothe.family\/wp-content\/uploads\/2025\/03\/Miroirs-lits-superposes-SdB-et-oreillers-depuis-coin-oppose-lampe.jpg 2000w\" sizes=\"auto, (max-width: 1024px) 100vw, 1024px\" \/><figcaption class=\"wp-element-caption\">Vue d&rsquo;ensemble de la chambre : salle de bains au fond, les lits superpos\u00e9s et au premier plan le lit Kingsize<\/figcaption><\/figure>\n<\/div>\n\n\n\n<div class=\"wp-block-column is-layout-flow wp-block-column-is-layout-flow\">\n<figure class=\"wp-block-image size-large\"><img loading=\"lazy\" decoding=\"async\" width=\"768\" height=\"1024\" src=\"https:\/\/lademeuredothe.family\/wp-content\/uploads\/2025\/03\/Miroirs-mur-decore-avec-bouilloire-768x1024.jpg\" alt=\"\" class=\"wp-image-2804\" srcset=\"https:\/\/lademeuredothe.family\/wp-content\/uploads\/2025\/03\/Miroirs-mur-decore-avec-bouilloire-768x1024.jpg 768w, https:\/\/lademeuredothe.family\/wp-content\/uploads\/2025\/03\/Miroirs-mur-decore-avec-bouilloire-225x300.jpg 225w, https:\/\/lademeuredothe.family\/wp-content\/uploads\/2025\/03\/Miroirs-mur-decore-avec-bouilloire-1152x1536.jpg 1152w, https:\/\/lademeuredothe.family\/wp-content\/uploads\/2025\/03\/Miroirs-mur-decore-avec-bouilloire-892x1189.jpg 892w, https:\/\/lademeuredothe.family\/wp-content\/uploads\/2025\/03\/Miroirs-mur-decore-avec-bouilloire.jpg 1500w\" sizes=\"auto, (max-width: 768px) 100vw, 768px\" \/><figcaption class=\"wp-element-caption\">Une bouilloire pour un caf\u00e9, un th\u00e8. <br>2 fauteuils pour se reposer de la randonn\u00e9e &#8230; Un sachet de lavandes pour garder un souvenir de votre passage<\/figcaption><\/figure>\n<\/div>\n<\/div>\n\n\n\n<p><\/p>\n\n\n\n<div class=\"wp-block-columns is-layout-flex wp-container-core-columns-is-layout-9d6595d7 wp-block-columns-is-layout-flex\">\n<div class=\"wp-block-column is-layout-flow wp-block-column-is-layout-flow\" style=\"flex-basis:25%\">\n<figure class=\"wp-block-image size-large\"><img loading=\"lazy\" decoding=\"async\" width=\"768\" height=\"1024\" src=\"https:\/\/lademeuredothe.family\/wp-content\/uploads\/2025\/03\/Miroirs-tete-de-lit-et-miroirs-768x1024.jpg\" alt=\"\" class=\"wp-image-2797\" srcset=\"https:\/\/lademeuredothe.family\/wp-content\/uploads\/2025\/03\/Miroirs-tete-de-lit-et-miroirs-768x1024.jpg 768w, https:\/\/lademeuredothe.family\/wp-content\/uploads\/2025\/03\/Miroirs-tete-de-lit-et-miroirs-225x300.jpg 225w, https:\/\/lademeuredothe.family\/wp-content\/uploads\/2025\/03\/Miroirs-tete-de-lit-et-miroirs-1152x1536.jpg 1152w, https:\/\/lademeuredothe.family\/wp-content\/uploads\/2025\/03\/Miroirs-tete-de-lit-et-miroirs-892x1189.jpg 892w, https:\/\/lademeuredothe.family\/wp-content\/uploads\/2025\/03\/Miroirs-tete-de-lit-et-miroirs.jpg 1500w\" sizes=\"auto, (max-width: 768px) 100vw, 768px\" \/><figcaption class=\"wp-element-caption\">Le lit Kingsize et sa t\u00eate de lit avec les deux lampes de chevet et les miroirs<\/figcaption><\/figure>\n<\/div>\n\n\n\n<div class=\"wp-block-column is-layout-flow wp-block-column-is-layout-flow\" style=\"flex-basis:50%\">\n<figure class=\"wp-block-image size-large\"><img loading=\"lazy\" decoding=\"async\" width=\"1024\" height=\"690\" src=\"https:\/\/lademeuredothe.family\/wp-content\/uploads\/2023\/04\/PHOTO-2023-01-21-17-51-21-bis-1024x690.jpg\" alt=\"\" class=\"wp-image-1647\" srcset=\"https:\/\/lademeuredothe.family\/wp-content\/uploads\/2023\/04\/PHOTO-2023-01-21-17-51-21-bis-1024x690.jpg 1024w, https:\/\/lademeuredothe.family\/wp-content\/uploads\/2023\/04\/PHOTO-2023-01-21-17-51-21-bis-300x202.jpg 300w, https:\/\/lademeuredothe.family\/wp-content\/uploads\/2023\/04\/PHOTO-2023-01-21-17-51-21-bis-768x517.jpg 768w, https:\/\/lademeuredothe.family\/wp-content\/uploads\/2023\/04\/PHOTO-2023-01-21-17-51-21-bis-1536x1035.jpg 1536w, https:\/\/lademeuredothe.family\/wp-content\/uploads\/2023\/04\/PHOTO-2023-01-21-17-51-21-bis-892x601.jpg 892w, https:\/\/lademeuredothe.family\/wp-content\/uploads\/2023\/04\/PHOTO-2023-01-21-17-51-21-bis-150x100.jpg 150w, https:\/\/lademeuredothe.family\/wp-content\/uploads\/2023\/04\/PHOTO-2023-01-21-17-51-21-bis.jpg 1600w\" sizes=\"auto, (max-width: 1024px) 100vw, 1024px\" \/><figcaption class=\"wp-element-caption\">Grand angle sur la chambre<\/figcaption><\/figure>\n<\/div>\n\n\n\n<div class=\"wp-block-column is-layout-flow wp-block-column-is-layout-flow\" style=\"flex-basis:25%\">\n<figure class=\"wp-block-image size-large\"><img loading=\"lazy\" decoding=\"async\" width=\"1024\" height=\"768\" src=\"https:\/\/lademeuredothe.family\/wp-content\/uploads\/2023\/04\/IMG_1584-1024x768.jpg\" alt=\"\" class=\"wp-image-1646\" srcset=\"https:\/\/lademeuredothe.family\/wp-content\/uploads\/2023\/04\/IMG_1584-1024x768.jpg 1024w, https:\/\/lademeuredothe.family\/wp-content\/uploads\/2023\/04\/IMG_1584-300x225.jpg 300w, https:\/\/lademeuredothe.family\/wp-content\/uploads\/2023\/04\/IMG_1584-768x576.jpg 768w, https:\/\/lademeuredothe.family\/wp-content\/uploads\/2023\/04\/IMG_1584-1536x1152.jpg 1536w, https:\/\/lademeuredothe.family\/wp-content\/uploads\/2023\/04\/IMG_1584-2048x1536.jpg 2048w, https:\/\/lademeuredothe.family\/wp-content\/uploads\/2023\/04\/IMG_1584-892x669.jpg 892w\" sizes=\"auto, (max-width: 1024px) 100vw, 1024px\" \/><figcaption class=\"wp-element-caption\">Les lits superpos\u00e9s<\/figcaption><\/figure>\n<\/div>\n<\/div>\n\n\n\n<p><\/p>\n\n\n\n<div class=\"wp-block-columns is-layout-flex wp-container-core-columns-is-layout-9d6595d7 wp-block-columns-is-layout-flex\">\n<div class=\"wp-block-column is-layout-flow wp-block-column-is-layout-flow\">\n<figure class=\"wp-block-image size-large\"><img loading=\"lazy\" decoding=\"async\" width=\"921\" height=\"1024\" src=\"https:\/\/lademeuredothe.family\/wp-content\/uploads\/2025\/03\/Miroirs-Lavabo-etagere-et-WC-e1741792020361-921x1024.jpg\" alt=\"\" class=\"wp-image-2801\" srcset=\"https:\/\/lademeuredothe.family\/wp-content\/uploads\/2025\/03\/Miroirs-Lavabo-etagere-et-WC-e1741792020361-921x1024.jpg 921w, https:\/\/lademeuredothe.family\/wp-content\/uploads\/2025\/03\/Miroirs-Lavabo-etagere-et-WC-e1741792020361-270x300.jpg 270w, https:\/\/lademeuredothe.family\/wp-content\/uploads\/2025\/03\/Miroirs-Lavabo-etagere-et-WC-e1741792020361-768x854.jpg 768w, https:\/\/lademeuredothe.family\/wp-content\/uploads\/2025\/03\/Miroirs-Lavabo-etagere-et-WC-e1741792020361-1382x1536.jpg 1382w, https:\/\/lademeuredothe.family\/wp-content\/uploads\/2025\/03\/Miroirs-Lavabo-etagere-et-WC-e1741792020361-892x991.jpg 892w, https:\/\/lademeuredothe.family\/wp-content\/uploads\/2025\/03\/Miroirs-Lavabo-etagere-et-WC-e1741792020361.jpg 1500w\" sizes=\"auto, (max-width: 921px) 100vw, 921px\" \/><figcaption class=\"wp-element-caption\">Le lavabo de la salle de bain et la porte des toilettes \u00e0 gauche<\/figcaption><\/figure>\n<\/div>\n\n\n\n<div class=\"wp-block-column is-layout-flow wp-block-column-is-layout-flow\">\n<figure class=\"wp-block-image size-large\"><img loading=\"lazy\" decoding=\"async\" width=\"1024\" height=\"756\" src=\"https:\/\/lademeuredothe.family\/wp-content\/uploads\/2023\/04\/PHOTO-2023-01-21-17-51-20-ter-1024x756.jpg\" alt=\"\" class=\"wp-image-1645\" srcset=\"https:\/\/lademeuredothe.family\/wp-content\/uploads\/2023\/04\/PHOTO-2023-01-21-17-51-20-ter-1024x756.jpg 1024w, https:\/\/lademeuredothe.family\/wp-content\/uploads\/2023\/04\/PHOTO-2023-01-21-17-51-20-ter-300x221.jpg 300w, https:\/\/lademeuredothe.family\/wp-content\/uploads\/2023\/04\/PHOTO-2023-01-21-17-51-20-ter-768x567.jpg 768w, https:\/\/lademeuredothe.family\/wp-content\/uploads\/2023\/04\/PHOTO-2023-01-21-17-51-20-ter-1536x1134.jpg 1536w, https:\/\/lademeuredothe.family\/wp-content\/uploads\/2023\/04\/PHOTO-2023-01-21-17-51-20-ter-892x658.jpg 892w, https:\/\/lademeuredothe.family\/wp-content\/uploads\/2023\/04\/PHOTO-2023-01-21-17-51-20-ter.jpg 1600w\" sizes=\"auto, (max-width: 1024px) 100vw, 1024px\" \/><figcaption class=\"wp-element-caption\">La salle de douche de la chambre Les Miroirs<\/figcaption><\/figure>\n<\/div>\n\n\n\n<div class=\"wp-block-column is-layout-flow wp-block-column-is-layout-flow\">\n<figure class=\"wp-block-image size-large\"><img loading=\"lazy\" decoding=\"async\" width=\"791\" height=\"1024\" src=\"https:\/\/lademeuredothe.family\/wp-content\/uploads\/2025\/03\/Miroirs-SdB-et-douche-modifiee-791x1024.jpg\" alt=\"\" class=\"wp-image-2805\" srcset=\"https:\/\/lademeuredothe.family\/wp-content\/uploads\/2025\/03\/Miroirs-SdB-et-douche-modifiee-791x1024.jpg 791w, https:\/\/lademeuredothe.family\/wp-content\/uploads\/2025\/03\/Miroirs-SdB-et-douche-modifiee-232x300.jpg 232w, https:\/\/lademeuredothe.family\/wp-content\/uploads\/2025\/03\/Miroirs-SdB-et-douche-modifiee-768x995.jpg 768w, https:\/\/lademeuredothe.family\/wp-content\/uploads\/2025\/03\/Miroirs-SdB-et-douche-modifiee-1186x1536.jpg 1186w, https:\/\/lademeuredothe.family\/wp-content\/uploads\/2025\/03\/Miroirs-SdB-et-douche-modifiee-892x1155.jpg 892w, https:\/\/lademeuredothe.family\/wp-content\/uploads\/2025\/03\/Miroirs-SdB-et-douche-modifiee.jpg 1284w\" sizes=\"auto, (max-width: 791px) 100vw, 791px\" \/><figcaption class=\"wp-element-caption\">La douche<\/figcaption><\/figure>\n<\/div>\n<\/div>\n\n\n\n<p><\/p>\n\n\n<div class=\"wp-block-image\">\n<figure class=\"aligncenter size-medium\"><img loading=\"lazy\" decoding=\"async\" width=\"300\" height=\"168\" src=\"https:\/\/lademeuredothe.family\/wp-content\/uploads\/2025\/03\/220912-Vue-du-jardin-Aire-de-jeux-20220817_204300-300x168.jpg\" alt=\"\" class=\"wp-image-2922\" srcset=\"https:\/\/lademeuredothe.family\/wp-content\/uploads\/2025\/03\/220912-Vue-du-jardin-Aire-de-jeux-20220817_204300-300x168.jpg 300w, https:\/\/lademeuredothe.family\/wp-content\/uploads\/2025\/03\/220912-Vue-du-jardin-Aire-de-jeux-20220817_204300-1024x575.jpg 1024w, https:\/\/lademeuredothe.family\/wp-content\/uploads\/2025\/03\/220912-Vue-du-jardin-Aire-de-jeux-20220817_204300-768x431.jpg 768w, https:\/\/lademeuredothe.family\/wp-content\/uploads\/2025\/03\/220912-Vue-du-jardin-Aire-de-jeux-20220817_204300-1536x862.jpg 1536w, https:\/\/lademeuredothe.family\/wp-content\/uploads\/2025\/03\/220912-Vue-du-jardin-Aire-de-jeux-20220817_204300-2048x1149.jpg 2048w, https:\/\/lademeuredothe.family\/wp-content\/uploads\/2025\/03\/220912-Vue-du-jardin-Aire-de-jeux-20220817_204300-892x500.jpg 892w\" sizes=\"auto, (max-width: 300px) 100vw, 300px\" \/><figcaption class=\"wp-element-caption\">Vue depuis la chambre Miroirs (\u00e9t\u00e9 2023)<\/figcaption><\/figure>\n<\/div>\n\n\n<p>Avec son lit de de 180 cm, associ\u00e9s aux deux lits superpos\u00e9s, la chambre Miroirs est une chambre id\u00e9ale pour les familles avec 2 enfants ou un groupe de 4 amis.<\/p>\n\n\n\n<p>Vous souhaitez r\u00e9server cette chambre, v\u00e9rifiez les disponibilit\u00e9s et r\u00e9servez via la plateforme s\u00e9curis\u00e9e Elloha :<\/p>\n\n\n\n<div id=\"ConstellationCalendarContainer32fe1632-405e-4f55-96fd-c5fa1f66ec73\" style=\"width:100%; text-align:center;\" title=\"La Demeure d&#39;Othe\" data-id-projet='32fe1632405e4f5596fdc5fa1f66ec73'>Chargement en cours&#8230;<\/div> <script type=\"text\/javascript\" src=\"https:\/\/reservation.elloha.com\/Scripts\/widget-loader.min.js?v=42\"><\/script> <script type=\"text\/javascript\">var constellationWidgetUrl32fe1632405e4f5596fdc5fa1f66ec73, constellationTypeModule32fe1632405e4f5596fdc5fa1f66ec73; constellationWidgetUrl32fe1632405e4f5596fdc5fa1f66ec73 = 'https:\/\/reservation.elloha.com\/Widget\/BookingCalendar\/32fe1632-405e-4f55-96fd-c5fa1f66ec73?idoi=ec19e3b5-df51-4622-834d-c862f11484af'; constellationTypeModule32fe1632405e4f5596fdc5fa1f66ec73=2; constellationBookingCalendarLoad('ConstellationCalendarContainer32fe1632-405e-4f55-96fd-c5fa1f66ec73'); constellationWidgetAddEvent(window, \"resize\", function () { constellationWidgetSetAppearance('ConstellationCalendarContainer32fe1632-405e-4f55-96fd-c5fa1f66ec73'); });<\/script>\n\n\n\n<div id=\"ConstellationWidgetContainerfd4d65df-6977-438c-94ff-76caf8360795\" style=\"width:100%\" title=\"La Demeure d&#39;Othe\" data-id-projet='fd4d65df6977438c94ff76caf8360795'>Chargement en cours&#8230;<\/div> <script type=\"text\/javascript\" src=\"https:\/\/reservation.elloha.com\/Scripts\/widget-loader.min.js?v=42\"><\/script> <script type=\"text\/javascript\">var constellationWidgetUrlfd4d65df6977438c94ff76caf8360795, constellationTypeModulefd4d65df6977438c94ff76caf8360795; constellationWidgetUrlfd4d65df6977438c94ff76caf8360795 = 'https:\/\/reservation.elloha.com\/Widget\/BookingEngine\/fd4d65df-6977-438c-94ff-76caf8360795?idoi=ec19e3b5-df51-4622-834d-c862f11484af&culture=fr-FR'; constellationTypeModulefd4d65df6977438c94ff76caf8360795=1; constellationWidgetLoad('ConstellationWidgetContainerfd4d65df-6977-438c-94ff-76caf8360795'); constellationWidgetAddEvent(window, \"resize\", function () { constellationWidgetSetAppearance('ConstellationWidgetContainerfd4d65df-6977-438c-94ff-76caf8360795'); });<\/script>\n","protected":false},"excerpt":{"rendered":"<p>Cette grande chambre familiale situ\u00e9e au premier \u00e9tage donne sur le jardin arri\u00e8re. Avec son lit de de 180 cm, associ\u00e9s aux deux lits superpos\u00e9s, la chambre Miroirs est une chambre id\u00e9ale pour les familles avec 2 enfants ou un groupe de 4 amis. Vous souhaitez r\u00e9server cette chambre, v\u00e9rifiez les disponibilit\u00e9s et r\u00e9servez via [&hellip;]<\/p>\n","protected":false},"author":1,"featured_media":1642,"parent":0,"menu_order":0,"comment_status":"closed","ping_status":"closed","template":"","meta":{"footnotes":""},"class_list":["post-1640","page","type-page","status-publish","has-post-thumbnail","hentry"],"_links":{"self":[{"href":"https:\/\/lademeuredothe.family\/index.php\/wp-json\/wp\/v2\/pages\/1640","targetHints":{"allow":["GET"]}}],"collection":[{"href":"https:\/\/lademeuredothe.family\/index.php\/wp-json\/wp\/v2\/pages"}],"about":[{"href":"https:\/\/lademeuredothe.family\/index.php\/wp-json\/wp\/v2\/types\/page"}],"author":[{"embeddable":true,"href":"https:\/\/lademeuredothe.family\/index.php\/wp-json\/wp\/v2\/users\/1"}],"replies":[{"embeddable":true,"href":"https:\/\/lademeuredothe.family\/index.php\/wp-json\/wp\/v2\/comments?post=1640"}],"version-history":[{"count":15,"href":"https:\/\/lademeuredothe.family\/index.php\/wp-json\/wp\/v2\/pages\/1640\/revisions"}],"predecessor-version":[{"id":2935,"href":"https:\/\/lademeuredothe.family\/index.php\/wp-json\/wp\/v2\/pages\/1640\/revisions\/2935"}],"wp:featuredmedia":[{"embeddable":true,"href":"https:\/\/lademeuredothe.family\/index.php\/wp-json\/wp\/v2\/media\/1642"}],"wp:attachment":[{"href":"https:\/\/lademeuredothe.family\/index.php\/wp-json\/wp\/v2\/media?parent=1640"}],"curies":[{"name":"wp","href":"https:\/\/api.w.org\/{rel}","templated":true}]}}