{"id":1628,"date":"2023-04-11T18:10:56","date_gmt":"2023-04-11T16:10:56","guid":{"rendered":"https:\/\/lademeuredothe.family\/?page_id=1628"},"modified":"2026-04-09T12:23:01","modified_gmt":"2026-04-09T10:23:01","slug":"la-chambre-romantique","status":"publish","type":"page","link":"https:\/\/lademeuredothe.family\/index.php\/la-chambre-romantique\/","title":{"rendered":"La chambre La Romantique"},"content":{"rendered":"\n<p>Cette chambre spacieuse, situ\u00e9e au rez de chauss\u00e9e donne sur la cour int\u00e9rieure et les animaux exotiques.<\/p>\n\n\n<div class=\"wp-block-image is-resized is-style-rounded\">\n<figure class=\"aligncenter size-medium\"><img loading=\"lazy\" decoding=\"async\" width=\"300\" height=\"225\" src=\"https:\/\/lademeuredothe.family\/wp-content\/uploads\/2023\/02\/220912-Devant-Hippo-Girafe-de-profil-droit-20220817_143041-300x225.jpg\" alt=\"\" class=\"wp-image-1056\" srcset=\"https:\/\/lademeuredothe.family\/wp-content\/uploads\/2023\/02\/220912-Devant-Hippo-Girafe-de-profil-droit-20220817_143041-300x225.jpg 300w, https:\/\/lademeuredothe.family\/wp-content\/uploads\/2023\/02\/220912-Devant-Hippo-Girafe-de-profil-droit-20220817_143041-1024x768.jpg 1024w, https:\/\/lademeuredothe.family\/wp-content\/uploads\/2023\/02\/220912-Devant-Hippo-Girafe-de-profil-droit-20220817_143041-768x576.jpg 768w, https:\/\/lademeuredothe.family\/wp-content\/uploads\/2023\/02\/220912-Devant-Hippo-Girafe-de-profil-droit-20220817_143041-1536x1152.jpg 1536w, https:\/\/lademeuredothe.family\/wp-content\/uploads\/2023\/02\/220912-Devant-Hippo-Girafe-de-profil-droit-20220817_143041-2048x1536.jpg 2048w, https:\/\/lademeuredothe.family\/wp-content\/uploads\/2023\/02\/220912-Devant-Hippo-Girafe-de-profil-droit-20220817_143041-892x669.jpg 892w\" sizes=\"auto, (max-width: 300px) 100vw, 300px\" \/><\/figure>\n<\/div>\n\n\n<div class=\"wp-block-columns is-layout-flex wp-container-core-columns-is-layout-9d6595d7 wp-block-columns-is-layout-flex\">\n<div class=\"wp-block-column is-layout-flow wp-block-column-is-layout-flow\">\n<figure class=\"wp-block-image size-large\"><img loading=\"lazy\" decoding=\"async\" width=\"1024\" height=\"768\" src=\"https:\/\/lademeuredothe.family\/wp-content\/uploads\/2026\/04\/Chambre-avec-lit-banc-et-commode-1024x768.jpg\" alt=\"\" class=\"wp-image-3073\" srcset=\"https:\/\/lademeuredothe.family\/wp-content\/uploads\/2026\/04\/Chambre-avec-lit-banc-et-commode-1024x768.jpg 1024w, https:\/\/lademeuredothe.family\/wp-content\/uploads\/2026\/04\/Chambre-avec-lit-banc-et-commode-300x225.jpg 300w, https:\/\/lademeuredothe.family\/wp-content\/uploads\/2026\/04\/Chambre-avec-lit-banc-et-commode-768x576.jpg 768w, https:\/\/lademeuredothe.family\/wp-content\/uploads\/2026\/04\/Chambre-avec-lit-banc-et-commode-1536x1152.jpg 1536w, https:\/\/lademeuredothe.family\/wp-content\/uploads\/2026\/04\/Chambre-avec-lit-banc-et-commode-2048x1536.jpg 2048w, https:\/\/lademeuredothe.family\/wp-content\/uploads\/2026\/04\/Chambre-avec-lit-banc-et-commode-892x669.jpg 892w\" sizes=\"auto, (max-width: 1024px) 100vw, 1024px\" \/><figcaption class=\"wp-element-caption\">Vue d&rsquo;ensemble de la chambre<\/figcaption><\/figure>\n<\/div>\n\n\n\n<div class=\"wp-block-column is-layout-flow wp-block-column-is-layout-flow\">\n<figure class=\"wp-block-image size-large\"><img loading=\"lazy\" decoding=\"async\" width=\"1024\" height=\"768\" src=\"https:\/\/lademeuredothe.family\/wp-content\/uploads\/2026\/04\/Chambre-avec-lit-banc-et-serviettes-1024x768.jpg\" alt=\"\" class=\"wp-image-3074\" srcset=\"https:\/\/lademeuredothe.family\/wp-content\/uploads\/2026\/04\/Chambre-avec-lit-banc-et-serviettes-1024x768.jpg 1024w, https:\/\/lademeuredothe.family\/wp-content\/uploads\/2026\/04\/Chambre-avec-lit-banc-et-serviettes-300x225.jpg 300w, https:\/\/lademeuredothe.family\/wp-content\/uploads\/2026\/04\/Chambre-avec-lit-banc-et-serviettes-768x576.jpg 768w, https:\/\/lademeuredothe.family\/wp-content\/uploads\/2026\/04\/Chambre-avec-lit-banc-et-serviettes-1536x1152.jpg 1536w, https:\/\/lademeuredothe.family\/wp-content\/uploads\/2026\/04\/Chambre-avec-lit-banc-et-serviettes-2048x1536.jpg 2048w, https:\/\/lademeuredothe.family\/wp-content\/uploads\/2026\/04\/Chambre-avec-lit-banc-et-serviettes-892x669.jpg 892w\" sizes=\"auto, (max-width: 1024px) 100vw, 1024px\" \/><figcaption class=\"wp-element-caption\">Vue de la chambre et de son lit<\/figcaption><\/figure>\n<\/div>\n\n\n\n<div class=\"wp-block-column is-layout-flow wp-block-column-is-layout-flow\">\n<figure class=\"wp-block-image size-large\"><img loading=\"lazy\" decoding=\"async\" width=\"1024\" height=\"768\" src=\"https:\/\/lademeuredothe.family\/wp-content\/uploads\/2026\/04\/Chambre-avec-chaise-et-fenetre-1024x768.jpg\" alt=\"\" class=\"wp-image-3072\" srcset=\"https:\/\/lademeuredothe.family\/wp-content\/uploads\/2026\/04\/Chambre-avec-chaise-et-fenetre-1024x768.jpg 1024w, https:\/\/lademeuredothe.family\/wp-content\/uploads\/2026\/04\/Chambre-avec-chaise-et-fenetre-300x225.jpg 300w, https:\/\/lademeuredothe.family\/wp-content\/uploads\/2026\/04\/Chambre-avec-chaise-et-fenetre-768x576.jpg 768w, https:\/\/lademeuredothe.family\/wp-content\/uploads\/2026\/04\/Chambre-avec-chaise-et-fenetre-1536x1152.jpg 1536w, https:\/\/lademeuredothe.family\/wp-content\/uploads\/2026\/04\/Chambre-avec-chaise-et-fenetre-2048x1536.jpg 2048w, https:\/\/lademeuredothe.family\/wp-content\/uploads\/2026\/04\/Chambre-avec-chaise-et-fenetre-892x669.jpg 892w\" sizes=\"auto, (max-width: 1024px) 100vw, 1024px\" \/><figcaption class=\"wp-element-caption\">Vue depuis le lit sur la fen\u00eatre<\/figcaption><\/figure>\n<\/div>\n<\/div>\n\n\n\n<p><\/p>\n\n\n\n<div class=\"wp-block-columns is-layout-flex wp-container-core-columns-is-layout-9d6595d7 wp-block-columns-is-layout-flex\">\n<div class=\"wp-block-column is-layout-flow wp-block-column-is-layout-flow\" style=\"flex-basis:25%\">\n<figure class=\"wp-block-image size-large\"><img loading=\"lazy\" decoding=\"async\" width=\"768\" height=\"1024\" src=\"https:\/\/lademeuredothe.family\/wp-content\/uploads\/2026\/04\/La-salle-de-bains-1-768x1024.jpg\" alt=\"\" class=\"wp-image-3069\" srcset=\"https:\/\/lademeuredothe.family\/wp-content\/uploads\/2026\/04\/La-salle-de-bains-1-768x1024.jpg 768w, https:\/\/lademeuredothe.family\/wp-content\/uploads\/2026\/04\/La-salle-de-bains-1-225x300.jpg 225w, https:\/\/lademeuredothe.family\/wp-content\/uploads\/2026\/04\/La-salle-de-bains-1-1152x1536.jpg 1152w, https:\/\/lademeuredothe.family\/wp-content\/uploads\/2026\/04\/La-salle-de-bains-1-1536x2048.jpg 1536w, https:\/\/lademeuredothe.family\/wp-content\/uploads\/2026\/04\/La-salle-de-bains-1-892x1189.jpg 892w, https:\/\/lademeuredothe.family\/wp-content\/uploads\/2026\/04\/La-salle-de-bains-1-scaled.jpg 1920w\" sizes=\"auto, (max-width: 768px) 100vw, 768px\" \/><\/figure>\n<\/div>\n\n\n\n<div class=\"wp-block-column is-layout-flow wp-block-column-is-layout-flow\" style=\"flex-basis:50%\"><div class=\"wp-block-image\">\n<figure class=\"aligncenter size-medium\"><img loading=\"lazy\" decoding=\"async\" width=\"225\" height=\"300\" src=\"https:\/\/lademeuredothe.family\/wp-content\/uploads\/2025\/03\/Photo-entree-privee-225x300.jpg\" alt=\"Entr\u00e9e priv\u00e9e de la chambre Romantique. A droite la chambre. En face la salle de bains\" class=\"wp-image-2899\" srcset=\"https:\/\/lademeuredothe.family\/wp-content\/uploads\/2025\/03\/Photo-entree-privee-225x300.jpg 225w, https:\/\/lademeuredothe.family\/wp-content\/uploads\/2025\/03\/Photo-entree-privee-768x1024.jpg 768w, https:\/\/lademeuredothe.family\/wp-content\/uploads\/2025\/03\/Photo-entree-privee-1152x1536.jpg 1152w, https:\/\/lademeuredothe.family\/wp-content\/uploads\/2025\/03\/Photo-entree-privee-1536x2048.jpg 1536w, https:\/\/lademeuredothe.family\/wp-content\/uploads\/2025\/03\/Photo-entree-privee-892x1189.jpg 892w, https:\/\/lademeuredothe.family\/wp-content\/uploads\/2025\/03\/Photo-entree-privee-scaled.jpg 1920w\" sizes=\"auto, (max-width: 225px) 100vw, 225px\" \/><figcaption class=\"wp-element-caption\">L&rsquo;entr\u00e9e privative de la chambre Romantique<\/figcaption><\/figure>\n<\/div><\/div>\n\n\n\n<div class=\"wp-block-column is-layout-flow wp-block-column-is-layout-flow\" style=\"flex-basis:25%\">\n<figure class=\"wp-block-image size-large\"><img loading=\"lazy\" decoding=\"async\" width=\"768\" height=\"1024\" src=\"https:\/\/lademeuredothe.family\/wp-content\/uploads\/2025\/03\/220912-Devant-Hippo-Girafe-de-profil-gauche-20220817_143210-768x1024.jpg\" alt=\"Vue depuis la chambre\" class=\"wp-image-2911\" srcset=\"https:\/\/lademeuredothe.family\/wp-content\/uploads\/2025\/03\/220912-Devant-Hippo-Girafe-de-profil-gauche-20220817_143210-768x1024.jpg 768w, https:\/\/lademeuredothe.family\/wp-content\/uploads\/2025\/03\/220912-Devant-Hippo-Girafe-de-profil-gauche-20220817_143210-225x300.jpg 225w, https:\/\/lademeuredothe.family\/wp-content\/uploads\/2025\/03\/220912-Devant-Hippo-Girafe-de-profil-gauche-20220817_143210-1152x1536.jpg 1152w, https:\/\/lademeuredothe.family\/wp-content\/uploads\/2025\/03\/220912-Devant-Hippo-Girafe-de-profil-gauche-20220817_143210-1536x2048.jpg 1536w, https:\/\/lademeuredothe.family\/wp-content\/uploads\/2025\/03\/220912-Devant-Hippo-Girafe-de-profil-gauche-20220817_143210-892x1189.jpg 892w, https:\/\/lademeuredothe.family\/wp-content\/uploads\/2025\/03\/220912-Devant-Hippo-Girafe-de-profil-gauche-20220817_143210-scaled.jpg 1920w\" sizes=\"auto, (max-width: 768px) 100vw, 768px\" \/><\/figure>\n<\/div>\n<\/div>\n\n\n\n<p><br>Son lit double, sa surface, son emplacement dans la maison en font une chambre parfaitement adapt\u00e9e aux parents avec un enfant en bas \u00e2ge. N&rsquo;h\u00e9sitez pas \u00e0 prendre contact, nous pourrons ajouter au mobilier un lit parapluie, une table \u00e0 langer &#8230;<\/p>\n\n\n\n<p>Vous souhaitez r\u00e9server cette chambre, v\u00e9rifiez les disponibilit\u00e9s et r\u00e9servez via la plateforme s\u00e9curis\u00e9e Elloha &#8211; Stripe :<\/p>\n\n\n\n<div id=\"ConstellationCalendarContainer53171af8-b943-45df-ab43-211e68f2230c\" style=\"width:100%; text-align:center;\" title=\"La Demeure d&#39;Othe\" data-id-projet='53171af8b94345dfab43211e68f2230c'>Chargement en cours&#8230;<\/div> <script type=\"text\/javascript\" src=\"https:\/\/reservation.elloha.com\/Scripts\/widget-loader.min.js?v=42\"><\/script> <script type=\"text\/javascript\">var constellationWidgetUrl53171af8b94345dfab43211e68f2230c, constellationTypeModule53171af8b94345dfab43211e68f2230c; constellationWidgetUrl53171af8b94345dfab43211e68f2230c = 'https:\/\/reservation.elloha.com\/Widget\/BookingCalendar\/53171af8-b943-45df-ab43-211e68f2230c?idoi=ec19e3b5-df51-4622-834d-c862f11484af'; constellationTypeModule53171af8b94345dfab43211e68f2230c=2; constellationBookingCalendarLoad('ConstellationCalendarContainer53171af8-b943-45df-ab43-211e68f2230c'); constellationWidgetAddEvent(window, \"resize\", function () { constellationWidgetSetAppearance('ConstellationCalendarContainer53171af8-b943-45df-ab43-211e68f2230c'); });<\/script>\n\n\n\n<div id=\"ConstellationWidgetContainer38423a6d-8baf-4493-85fa-b4442d13c1e0\" style=\"width:100%\" title=\"La Demeure d&#39;Othe\" data-id-projet='38423a6d8baf449385fab4442d13c1e0'>Chargement en cours&#8230;<\/div> <script type=\"text\/javascript\" src=\"https:\/\/reservation.elloha.com\/Scripts\/widget-loader.min.js?v=42\"><\/script> <script type=\"text\/javascript\">var constellationWidgetUrl38423a6d8baf449385fab4442d13c1e0, constellationTypeModule38423a6d8baf449385fab4442d13c1e0; constellationWidgetUrl38423a6d8baf449385fab4442d13c1e0 = 'https:\/\/reservation.elloha.com\/Widget\/BookingEngine\/38423a6d-8baf-4493-85fa-b4442d13c1e0?idoi=ec19e3b5-df51-4622-834d-c862f11484af&culture=fr-FR'; constellationTypeModule38423a6d8baf449385fab4442d13c1e0=1; constellationWidgetLoad('ConstellationWidgetContainer38423a6d-8baf-4493-85fa-b4442d13c1e0'); constellationWidgetAddEvent(window, \"resize\", function () { constellationWidgetSetAppearance('ConstellationWidgetContainer38423a6d-8baf-4493-85fa-b4442d13c1e0'); });<\/script>\n","protected":false},"excerpt":{"rendered":"<p>Cette chambre spacieuse, situ\u00e9e au rez de chauss\u00e9e donne sur la cour int\u00e9rieure et les animaux exotiques. Son lit double, sa surface, son emplacement dans la maison en font une chambre parfaitement adapt\u00e9e aux parents avec un enfant en bas \u00e2ge. N&rsquo;h\u00e9sitez pas \u00e0 prendre contact, nous pourrons ajouter au mobilier un lit parapluie, une [&hellip;]<\/p>\n","protected":false},"author":1,"featured_media":1629,"parent":0,"menu_order":0,"comment_status":"closed","ping_status":"closed","template":"","meta":{"footnotes":""},"class_list":["post-1628","page","type-page","status-publish","has-post-thumbnail","hentry"],"_links":{"self":[{"href":"https:\/\/lademeuredothe.family\/index.php\/wp-json\/wp\/v2\/pages\/1628","targetHints":{"allow":["GET"]}}],"collection":[{"href":"https:\/\/lademeuredothe.family\/index.php\/wp-json\/wp\/v2\/pages"}],"about":[{"href":"https:\/\/lademeuredothe.family\/index.php\/wp-json\/wp\/v2\/types\/page"}],"author":[{"embeddable":true,"href":"https:\/\/lademeuredothe.family\/index.php\/wp-json\/wp\/v2\/users\/1"}],"replies":[{"embeddable":true,"href":"https:\/\/lademeuredothe.family\/index.php\/wp-json\/wp\/v2\/comments?post=1628"}],"version-history":[{"count":13,"href":"https:\/\/lademeuredothe.family\/index.php\/wp-json\/wp\/v2\/pages\/1628\/revisions"}],"predecessor-version":[{"id":3077,"href":"https:\/\/lademeuredothe.family\/index.php\/wp-json\/wp\/v2\/pages\/1628\/revisions\/3077"}],"wp:featuredmedia":[{"embeddable":true,"href":"https:\/\/lademeuredothe.family\/index.php\/wp-json\/wp\/v2\/media\/1629"}],"wp:attachment":[{"href":"https:\/\/lademeuredothe.family\/index.php\/wp-json\/wp\/v2\/media?parent=1628"}],"curies":[{"name":"wp","href":"https:\/\/api.w.org\/{rel}","templated":true}]}}