{"id":1257,"date":"2023-02-18T14:52:38","date_gmt":"2023-02-18T13:52:38","guid":{"rendered":"http:\/\/lademeuredothe.family\/?page_id=1257"},"modified":"2026-03-25T12:03:18","modified_gmt":"2026-03-25T11:03:18","slug":"notre-plaisir-etre-la-pour-votre-groupe","status":"publish","type":"page","link":"https:\/\/lademeuredothe.family\/index.php\/laccueil-de-groupe\/notre-plaisir-etre-la-pour-votre-groupe\/","title":{"rendered":"Notre plaisir : \u00eatre l\u00e0 pour votre groupe"},"content":{"rendered":"\n<p>Etre l\u00e0 pour votre groupe et ainsi vous permettre de vous retrouver en toute libert\u00e9, entre amis, entre membres d&rsquo;une m\u00eame famille, avec votre \u00e9quipe, dans un lieu ouvert (grand jardin, terrasse couverte, salle pour \u00e9v\u00e8nement \u2026) et convivial (salon, piscine couverte, jeux d\u2019enfants\u2026). Pour en savoir plus visiter <a rel=\"noreferrer noopener\" href=\"https:\/\/lademeuredothe.family\/index.php\/les-amenagements-exterieurs\/\" data-type=\"URL\" data-id=\"https:\/\/lademeuredothe.family\/index.php\/les-amenagements-exterieurs\/\" target=\"_blank\">les am\u00e9nagements ext\u00e9rieurs de La Demeure d&rsquo;Othe<\/a>.<\/p>\n\n\n\n<p>A quelle occasion ? Un anniversaire, un \u00e9v\u00e8nement type bapt\u00eame, un \u00e9v\u00e8nement r\u00e9gional, le plaisir pur de se retrouver, quelques jours de vacances avec les cousins et cousines &#8230; sont autant d&rsquo;occasions pour lesquels La Demeure d&rsquo;Othe vous accueille.<\/p>\n\n\n\n<p>C&rsquo;est ce m\u00eame \u00e9tat d&rsquo;esprit qui a permis \u00e0 La Demeure d&rsquo;Othe d&rsquo;obtenir le label <a href=\"https:\/\/www.tourisme-yonne.com\/en-famille\/\" target=\"_blank\" rel=\"noreferrer noopener\">Famil&rsquo;Yonne<\/a> d\u00e9cern\u00e9 par <a href=\"https:\/\/www.tourisme-yonne.com\/\" target=\"_blank\" rel=\"noreferrer noopener\">Yonne Tourisme<\/a>.<\/p>\n\n\n\n<figure class=\"wp-block-image size-large\"><img loading=\"lazy\" decoding=\"async\" width=\"1024\" height=\"768\" src=\"https:\/\/lademeuredothe.family\/wp-content\/uploads\/2023\/10\/IMG_2332-1024x768.jpg\" alt=\"\" class=\"wp-image-1913\" srcset=\"https:\/\/lademeuredothe.family\/wp-content\/uploads\/2023\/10\/IMG_2332-1024x768.jpg 1024w, https:\/\/lademeuredothe.family\/wp-content\/uploads\/2023\/10\/IMG_2332-300x225.jpg 300w, https:\/\/lademeuredothe.family\/wp-content\/uploads\/2023\/10\/IMG_2332-768x576.jpg 768w, https:\/\/lademeuredothe.family\/wp-content\/uploads\/2023\/10\/IMG_2332-1536x1152.jpg 1536w, https:\/\/lademeuredothe.family\/wp-content\/uploads\/2023\/10\/IMG_2332-2048x1536.jpg 2048w, https:\/\/lademeuredothe.family\/wp-content\/uploads\/2023\/10\/IMG_2332-892x669.jpg 892w\" sizes=\"auto, (max-width: 1024px) 100vw, 1024px\" \/><figcaption class=\"wp-element-caption\">Imaginez vous en train de manger, de jouer \u00e0 l&rsquo;ombre du noisetier <\/figcaption><\/figure>\n\n\n\n<p>Avec ses 5 chambres de 2 \u00e0 4 lits (pour en savoir plus, visiter <a rel=\"noreferrer noopener\" href=\"https:\/\/lademeuredothe.family\/index.php\/les-chambres-dhotes\/\" data-type=\"URL\" data-id=\"https:\/\/lademeuredothe.family\/index.php\/les-chambres-dhotes\/\" target=\"_blank\">les chambres<\/a>) La Demeure d&rsquo;Othe est am\u00e9nag\u00e9e pour faciliter vos retrouvailles tout en permettant \u00e0 chacun d&rsquo;\u00eatre libre. <\/p>\n\n\n\n<p>Par exemple. Apr\u00e8s avoir d\u00e9gust\u00e9 les vins de Ch\u00e2blis durant l&rsquo;apr\u00e9s midi :<\/p>\n\n\n\n<ul class=\"wp-block-list\">\n<li>certains souhaiterons plonger une t\u00eate dans la piscine<\/li>\n\n\n\n<li>d&rsquo;autres partageront dans le salon leurs achats<\/li>\n\n\n\n<li>les enfants auront envie de se d\u00e9fouler sur l&rsquo;aire de jeux<\/li>\n\n\n\n<li>enfin d&rsquo;autres iront se reposer dans leur chambre.<\/li>\n<\/ul>\n\n\n\n<div class=\"wp-block-columns is-layout-flex wp-container-core-columns-is-layout-9d6595d7 wp-block-columns-is-layout-flex\">\n<div class=\"wp-block-column is-layout-flow wp-block-column-is-layout-flow\">\n<figure class=\"wp-block-image size-large\"><img loading=\"lazy\" decoding=\"async\" width=\"1024\" height=\"768\" src=\"https:\/\/lademeuredothe.family\/wp-content\/uploads\/2023\/01\/PHOTO-2023-01-20-16-00-31-1024x768.jpg\" alt=\"\" class=\"wp-image-850\" srcset=\"https:\/\/lademeuredothe.family\/wp-content\/uploads\/2023\/01\/PHOTO-2023-01-20-16-00-31-1024x768.jpg 1024w, https:\/\/lademeuredothe.family\/wp-content\/uploads\/2023\/01\/PHOTO-2023-01-20-16-00-31-300x225.jpg 300w, https:\/\/lademeuredothe.family\/wp-content\/uploads\/2023\/01\/PHOTO-2023-01-20-16-00-31-768x576.jpg 768w, https:\/\/lademeuredothe.family\/wp-content\/uploads\/2023\/01\/PHOTO-2023-01-20-16-00-31-1536x1152.jpg 1536w, https:\/\/lademeuredothe.family\/wp-content\/uploads\/2023\/01\/PHOTO-2023-01-20-16-00-31-892x669.jpg 892w, https:\/\/lademeuredothe.family\/wp-content\/uploads\/2023\/01\/PHOTO-2023-01-20-16-00-31.jpg 1600w\" sizes=\"auto, (max-width: 1024px) 100vw, 1024px\" \/><figcaption class=\"wp-element-caption\">Le salon de La Demeure d&rsquo;Othe<\/figcaption><\/figure>\n<\/div>\n\n\n\n<div class=\"wp-block-column is-layout-flow wp-block-column-is-layout-flow\">\n<figure class=\"wp-block-image size-large\"><img loading=\"lazy\" decoding=\"async\" width=\"1024\" height=\"1013\" src=\"https:\/\/lademeuredothe.family\/wp-content\/uploads\/2023\/01\/PHOTO-2023-01-20-17-11-31-1024x1013.jpg\" alt=\"\" class=\"wp-image-847\" srcset=\"https:\/\/lademeuredothe.family\/wp-content\/uploads\/2023\/01\/PHOTO-2023-01-20-17-11-31-1024x1013.jpg 1024w, https:\/\/lademeuredothe.family\/wp-content\/uploads\/2023\/01\/PHOTO-2023-01-20-17-11-31-300x297.jpg 300w, https:\/\/lademeuredothe.family\/wp-content\/uploads\/2023\/01\/PHOTO-2023-01-20-17-11-31-768x760.jpg 768w, https:\/\/lademeuredothe.family\/wp-content\/uploads\/2023\/01\/PHOTO-2023-01-20-17-11-31-892x883.jpg 892w, https:\/\/lademeuredothe.family\/wp-content\/uploads\/2023\/01\/PHOTO-2023-01-20-17-11-31.jpg 1512w\" sizes=\"auto, (max-width: 1024px) 100vw, 1024px\" \/><figcaption class=\"wp-element-caption\">La piscine (au sel) avec son d\u00f4me et son eau chauff\u00e9e (d\u00e9but mai &#8211; fin septembre)<\/figcaption><\/figure>\n<\/div>\n\n\n\n<div class=\"wp-block-column is-layout-flow wp-block-column-is-layout-flow\">\n<figure class=\"wp-block-image size-large\"><img loading=\"lazy\" decoding=\"async\" width=\"1024\" height=\"768\" src=\"https:\/\/lademeuredothe.family\/wp-content\/uploads\/2024\/03\/P1010129-1024x768.jpg\" alt=\"\" class=\"wp-image-2366\" srcset=\"https:\/\/lademeuredothe.family\/wp-content\/uploads\/2024\/03\/P1010129-1024x768.jpg 1024w, https:\/\/lademeuredothe.family\/wp-content\/uploads\/2024\/03\/P1010129-300x225.jpg 300w, https:\/\/lademeuredothe.family\/wp-content\/uploads\/2024\/03\/P1010129-768x576.jpg 768w, https:\/\/lademeuredothe.family\/wp-content\/uploads\/2024\/03\/P1010129-1536x1152.jpg 1536w, https:\/\/lademeuredothe.family\/wp-content\/uploads\/2024\/03\/P1010129-2048x1536.jpg 2048w, https:\/\/lademeuredothe.family\/wp-content\/uploads\/2024\/03\/P1010129-892x669.jpg 892w\" sizes=\"auto, (max-width: 1024px) 100vw, 1024px\" \/><figcaption class=\"wp-element-caption\">L&rsquo;aire de jeux pour enfants<\/figcaption><\/figure>\n<\/div>\n<\/div>\n\n\n\n<p>N&rsquo;h\u00e9sitez pas \u00e0 nous contacter pour que nous d\u00e9finissions ensemble la meilleure r\u00e9ponse \u00e0 vos envies.<\/p>\n\n\n\n<p>Enfin, si votre groupe se compose de plus de 10 personnes (au-del\u00e0 de 14 personnes nous vous mettront en relation avec d&rsquo;autres chambres d&rsquo;h\u00f4tes), peut-\u00eatre aurez vous envie de f\u00eater vos retrouvailles autour de musiques, de danses. Dans ce cas, associer les chambres \u00e0 notre salle de r\u00e9ception (accueille jusque 40 personnes) est peut-\u00eatre pour vous la meilleure solution. N&rsquo;h\u00e9sitez pas \u00e0 d\u00e9couvrir notre <a href=\"https:\/\/lademeuredothe.family\/index.php\/pour-vos-evenements\/la-salle-de-reception\/\">Salle de R\u00e9ception<\/a> et \u00e0 <a href=\"https:\/\/lademeuredothe.family\/index.php\/contact\/nous-contacter\/\">prendre contact avec nous.<\/a><\/p>\n\n\n\n<p><\/p>\n","protected":false},"excerpt":{"rendered":"<p>Etre l\u00e0 pour votre groupe et ainsi vous permettre de vous retrouver en toute libert\u00e9, entre amis, entre membres d&rsquo;une m\u00eame famille, avec votre \u00e9quipe, dans un lieu ouvert (grand jardin, terrasse couverte, salle pour \u00e9v\u00e8nement \u2026) et convivial (salon, piscine couverte, jeux d\u2019enfants\u2026). Pour en savoir plus visiter les am\u00e9nagements ext\u00e9rieurs de La Demeure [&hellip;]<\/p>\n","protected":false},"author":1,"featured_media":2437,"parent":903,"menu_order":1,"comment_status":"closed","ping_status":"closed","template":"","meta":{"footnotes":""},"class_list":["post-1257","page","type-page","status-publish","has-post-thumbnail","hentry"],"_links":{"self":[{"href":"https:\/\/lademeuredothe.family\/index.php\/wp-json\/wp\/v2\/pages\/1257","targetHints":{"allow":["GET"]}}],"collection":[{"href":"https:\/\/lademeuredothe.family\/index.php\/wp-json\/wp\/v2\/pages"}],"about":[{"href":"https:\/\/lademeuredothe.family\/index.php\/wp-json\/wp\/v2\/types\/page"}],"author":[{"embeddable":true,"href":"https:\/\/lademeuredothe.family\/index.php\/wp-json\/wp\/v2\/users\/1"}],"replies":[{"embeddable":true,"href":"https:\/\/lademeuredothe.family\/index.php\/wp-json\/wp\/v2\/comments?post=1257"}],"version-history":[{"count":14,"href":"https:\/\/lademeuredothe.family\/index.php\/wp-json\/wp\/v2\/pages\/1257\/revisions"}],"predecessor-version":[{"id":2992,"href":"https:\/\/lademeuredothe.family\/index.php\/wp-json\/wp\/v2\/pages\/1257\/revisions\/2992"}],"up":[{"embeddable":true,"href":"https:\/\/lademeuredothe.family\/index.php\/wp-json\/wp\/v2\/pages\/903"}],"wp:featuredmedia":[{"embeddable":true,"href":"https:\/\/lademeuredothe.family\/index.php\/wp-json\/wp\/v2\/media\/2437"}],"wp:attachment":[{"href":"https:\/\/lademeuredothe.family\/index.php\/wp-json\/wp\/v2\/media?parent=1257"}],"curies":[{"name":"wp","href":"https:\/\/api.w.org\/{rel}","templated":true}]}}