{"id":1248,"date":"2023-02-18T14:32:21","date_gmt":"2023-02-18T13:32:21","guid":{"rendered":"http:\/\/lademeuredothe.family\/?page_id=1248"},"modified":"2026-03-25T11:50:36","modified_gmt":"2026-03-25T10:50:36","slug":"notre-plaisir","status":"publish","type":"page","link":"https:\/\/lademeuredothe.family\/index.php\/les-chambres-dhotes-2\/notre-plaisir\/","title":{"rendered":"Notre plaisir : vous accueillir pour 1, 2, 3, &#8230; nuits"},"content":{"rendered":"\n<p>Vous accueillir, quelle que soit la dur\u00e9e de votre s\u00e9jour, avec des chambres de 2 \u00e0 4 personnes avec salle de douches et toilettes, dans un lieu ouvert (grand jardin, terrasse couverte\u2026) et convivial (salon, piscine couverte, jeux d\u2019enfants\u2026).<\/p>\n\n\n\n<figure class=\"wp-block-video\"><video height=\"1920\" style=\"aspect-ratio: 1080 \/ 1920;\" width=\"1080\" controls poster=\"https:\/\/lademeuredothe.family\/wp-content\/uploads\/2023\/10\/IMG_2217-scaled-e1774435806976.jpg\" src=\"https:\/\/lademeuredothe.family\/wp-content\/uploads\/2023\/06\/230614-LD-Video-courte-en-plan-Sormery2vertical2.mp4\"><\/video><\/figure>\n\n\n\n<p>Pour une nuit, notre enjeu est de faire en sorte que vous puissiez vous d\u00e9tendre et ou vous reposer sur les terrasses, dans le salon, dans le jardin, dans la piscine, dans votre chambre.<\/p>\n\n\n\n<p>Pour un s\u00e9jour plus long, notre enjeu est de cr\u00e9er les conditions pour que vous puissiez \u00e0 tout moment faire ce vous souhaitez : visiter, d\u00e9guster, jouer, vous reposer, vous baigner, prendre un bain de soleil, &#8230; Pour plus d&rsquo;informations visiter <a href=\"https:\/\/lademeuredothe.family\/index.php\/les-amenagements-exterieurs\/\" data-type=\"URL\" data-id=\"https:\/\/lademeuredothe.family\/index.php\/les-amenagements-exterieurs\/\">les am\u00e9nagements ext\u00e9rieurs de La <\/a><a href=\"https:\/\/lademeuredothe.family\/index.php\/les-amenagements-exterieurs\/\" data-type=\"URL\" data-id=\"https:\/\/lademeuredothe.family\/index.php\/les-amenagements-exterieurs\/\" target=\"_blank\" rel=\"noreferrer noopener\">Demeure d&rsquo;Othe<\/a> et parcourez les activit\u00e9s <a href=\"https:\/\/lademeuredothe.family\/index.php\/les-chambres-dhotes-2\/exemples-dactivite-entre-adultes\/\" target=\"_blank\" rel=\"noreferrer noopener\">\u00e0 faire entre adultes<\/a> ou <a href=\"https:\/\/lademeuredothe.family\/index.php\/les-chambres-dhotes-2\/quelques-activites-en-famille\/\" target=\"_blank\" rel=\"noreferrer noopener\">en famille<\/a><\/p>\n\n\n\n<p>Concernant les chambres, celles de devant donnent sur la grande cour int\u00e9rieure et les noisetiers.<\/p>\n\n\n\n<div class=\"wp-block-columns is-layout-flex wp-container-core-columns-is-layout-9d6595d7 wp-block-columns-is-layout-flex\">\n<div class=\"wp-block-column is-layout-flow wp-block-column-is-layout-flow\"><div class=\"wp-block-image\">\n<figure class=\"aligncenter size-medium\"><img loading=\"lazy\" decoding=\"async\" width=\"300\" height=\"225\" src=\"https:\/\/lademeuredothe.family\/wp-content\/uploads\/2023\/10\/IMG_2333-300x225.jpg\" alt=\"\" class=\"wp-image-1914\" srcset=\"https:\/\/lademeuredothe.family\/wp-content\/uploads\/2023\/10\/IMG_2333-300x225.jpg 300w, https:\/\/lademeuredothe.family\/wp-content\/uploads\/2023\/10\/IMG_2333-1024x768.jpg 1024w, https:\/\/lademeuredothe.family\/wp-content\/uploads\/2023\/10\/IMG_2333-768x576.jpg 768w, https:\/\/lademeuredothe.family\/wp-content\/uploads\/2023\/10\/IMG_2333-1536x1152.jpg 1536w, https:\/\/lademeuredothe.family\/wp-content\/uploads\/2023\/10\/IMG_2333-2048x1536.jpg 2048w, https:\/\/lademeuredothe.family\/wp-content\/uploads\/2023\/10\/IMG_2333-892x669.jpg 892w\" sizes=\"auto, (max-width: 300px) 100vw, 300px\" \/><figcaption class=\"wp-element-caption\">Notre cour int\u00e9rieure et terrasse (petit d\u00e9jeuner, pique-nique &#8230;) sous le regard de nos 2 animaux<\/figcaption><\/figure>\n<\/div><\/div>\n\n\n\n<div class=\"wp-block-column is-layout-flow wp-block-column-is-layout-flow\"><div class=\"wp-block-image\">\n<figure class=\"aligncenter size-medium\"><img loading=\"lazy\" decoding=\"async\" width=\"225\" height=\"300\" src=\"https:\/\/lademeuredothe.family\/wp-content\/uploads\/2023\/01\/Cour-interieur-de-devant-avec-Noisetier-eclaire-pour-diner-225x300.jpg\" alt=\"\" class=\"wp-image-880\" srcset=\"https:\/\/lademeuredothe.family\/wp-content\/uploads\/2023\/01\/Cour-interieur-de-devant-avec-Noisetier-eclaire-pour-diner-225x300.jpg 225w, https:\/\/lademeuredothe.family\/wp-content\/uploads\/2023\/01\/Cour-interieur-de-devant-avec-Noisetier-eclaire-pour-diner-768x1024.jpg 768w, https:\/\/lademeuredothe.family\/wp-content\/uploads\/2023\/01\/Cour-interieur-de-devant-avec-Noisetier-eclaire-pour-diner-1152x1536.jpg 1152w, https:\/\/lademeuredothe.family\/wp-content\/uploads\/2023\/01\/Cour-interieur-de-devant-avec-Noisetier-eclaire-pour-diner-1536x2048.jpg 1536w, https:\/\/lademeuredothe.family\/wp-content\/uploads\/2023\/01\/Cour-interieur-de-devant-avec-Noisetier-eclaire-pour-diner-892x1189.jpg 892w, https:\/\/lademeuredothe.family\/wp-content\/uploads\/2023\/01\/Cour-interieur-de-devant-avec-Noisetier-eclaire-pour-diner-scaled.jpg 1920w\" sizes=\"auto, (max-width: 225px) 100vw, 225px\" \/><figcaption class=\"wp-element-caption\">Un d\u00eener sous les noisetiers<\/figcaption><\/figure>\n<\/div><\/div>\n<\/div>\n\n\n\n<p>Quant aux chambres de derri\u00e8re elles ont vu sur le jardin, les champs et la for\u00eat. Le repos est assur\u00e9.<\/p>\n\n\n\n<div class=\"wp-block-columns is-layout-flex wp-container-core-columns-is-layout-9d6595d7 wp-block-columns-is-layout-flex\">\n<div class=\"wp-block-column is-layout-flow wp-block-column-is-layout-flow\">\n<figure class=\"wp-block-image size-large\"><img loading=\"lazy\" decoding=\"async\" width=\"1024\" height=\"461\" src=\"https:\/\/lademeuredothe.family\/wp-content\/uploads\/2023\/05\/230511-Charlotte-Maison-vue-du-cognassier-1024x461.jpg\" alt=\"\" class=\"wp-image-1809\" srcset=\"https:\/\/lademeuredothe.family\/wp-content\/uploads\/2023\/05\/230511-Charlotte-Maison-vue-du-cognassier-1024x461.jpg 1024w, https:\/\/lademeuredothe.family\/wp-content\/uploads\/2023\/05\/230511-Charlotte-Maison-vue-du-cognassier-300x135.jpg 300w, https:\/\/lademeuredothe.family\/wp-content\/uploads\/2023\/05\/230511-Charlotte-Maison-vue-du-cognassier-768x346.jpg 768w, https:\/\/lademeuredothe.family\/wp-content\/uploads\/2023\/05\/230511-Charlotte-Maison-vue-du-cognassier-1536x691.jpg 1536w, https:\/\/lademeuredothe.family\/wp-content\/uploads\/2023\/05\/230511-Charlotte-Maison-vue-du-cognassier-892x401.jpg 892w, https:\/\/lademeuredothe.family\/wp-content\/uploads\/2023\/05\/230511-Charlotte-Maison-vue-du-cognassier.jpg 1600w\" sizes=\"auto, (max-width: 1024px) 100vw, 1024px\" \/><figcaption class=\"wp-element-caption\">Les chambres au 1er \u00e9tage vue depuis le cognassier du jardin<\/figcaption><\/figure>\n<\/div>\n\n\n\n<div class=\"wp-block-column is-layout-flow wp-block-column-is-layout-flow\">\n<figure class=\"wp-block-image size-large\"><img loading=\"lazy\" decoding=\"async\" width=\"1024\" height=\"661\" src=\"https:\/\/lademeuredothe.family\/wp-content\/uploads\/2023\/01\/220912-Vue-du-jardin-Portail-forets-et-maison-des-enfants-20220817_204338-1024x661.jpg\" alt=\"\" class=\"wp-image-881\" srcset=\"https:\/\/lademeuredothe.family\/wp-content\/uploads\/2023\/01\/220912-Vue-du-jardin-Portail-forets-et-maison-des-enfants-20220817_204338-1024x661.jpg 1024w, https:\/\/lademeuredothe.family\/wp-content\/uploads\/2023\/01\/220912-Vue-du-jardin-Portail-forets-et-maison-des-enfants-20220817_204338-300x194.jpg 300w, https:\/\/lademeuredothe.family\/wp-content\/uploads\/2023\/01\/220912-Vue-du-jardin-Portail-forets-et-maison-des-enfants-20220817_204338-768x496.jpg 768w, https:\/\/lademeuredothe.family\/wp-content\/uploads\/2023\/01\/220912-Vue-du-jardin-Portail-forets-et-maison-des-enfants-20220817_204338-1536x992.jpg 1536w, https:\/\/lademeuredothe.family\/wp-content\/uploads\/2023\/01\/220912-Vue-du-jardin-Portail-forets-et-maison-des-enfants-20220817_204338-2048x1323.jpg 2048w, https:\/\/lademeuredothe.family\/wp-content\/uploads\/2023\/01\/220912-Vue-du-jardin-Portail-forets-et-maison-des-enfants-20220817_204338-892x576.jpg 892w\" sizes=\"auto, (max-width: 1024px) 100vw, 1024px\" \/><figcaption class=\"wp-element-caption\">Une vue sur le parc et l&rsquo;horizon depuis les chambres<\/figcaption><\/figure>\n<\/div>\n<\/div>\n\n\n\n<p>Mais de plus La Demeure d&rsquo;Othe c&rsquo;est un grand parc, une piscine, une aire de jeux pour se faire plaisir.<\/p>\n\n\n\n<div class=\"wp-block-columns is-layout-flex wp-container-core-columns-is-layout-9d6595d7 wp-block-columns-is-layout-flex\">\n<div class=\"wp-block-column is-layout-flow wp-block-column-is-layout-flow\">\n<figure class=\"wp-block-image size-large\"><img loading=\"lazy\" decoding=\"async\" width=\"1024\" height=\"768\" src=\"https:\/\/lademeuredothe.family\/wp-content\/uploads\/2023\/02\/220912-Arbres-et-maison-enfants-20220817_144237-1024x768.jpg\" alt=\"\" class=\"wp-image-1053\" srcset=\"https:\/\/lademeuredothe.family\/wp-content\/uploads\/2023\/02\/220912-Arbres-et-maison-enfants-20220817_144237-1024x768.jpg 1024w, https:\/\/lademeuredothe.family\/wp-content\/uploads\/2023\/02\/220912-Arbres-et-maison-enfants-20220817_144237-300x225.jpg 300w, https:\/\/lademeuredothe.family\/wp-content\/uploads\/2023\/02\/220912-Arbres-et-maison-enfants-20220817_144237-768x576.jpg 768w, https:\/\/lademeuredothe.family\/wp-content\/uploads\/2023\/02\/220912-Arbres-et-maison-enfants-20220817_144237-1536x1152.jpg 1536w, https:\/\/lademeuredothe.family\/wp-content\/uploads\/2023\/02\/220912-Arbres-et-maison-enfants-20220817_144237-2048x1536.jpg 2048w, https:\/\/lademeuredothe.family\/wp-content\/uploads\/2023\/02\/220912-Arbres-et-maison-enfants-20220817_144237-892x669.jpg 892w\" sizes=\"auto, (max-width: 1024px) 100vw, 1024px\" \/><figcaption class=\"wp-element-caption\">La petite maison des enfants dans son \u00e9crin vert<\/figcaption><\/figure>\n<\/div>\n\n\n\n<div class=\"wp-block-column is-layout-flow wp-block-column-is-layout-flow\">\n<figure class=\"wp-block-image size-large\"><img loading=\"lazy\" decoding=\"async\" width=\"1024\" height=\"1013\" src=\"https:\/\/lademeuredothe.family\/wp-content\/uploads\/2023\/01\/PHOTO-2023-01-20-17-11-31-1024x1013.jpg\" alt=\"\" class=\"wp-image-847\" srcset=\"https:\/\/lademeuredothe.family\/wp-content\/uploads\/2023\/01\/PHOTO-2023-01-20-17-11-31-1024x1013.jpg 1024w, https:\/\/lademeuredothe.family\/wp-content\/uploads\/2023\/01\/PHOTO-2023-01-20-17-11-31-300x297.jpg 300w, https:\/\/lademeuredothe.family\/wp-content\/uploads\/2023\/01\/PHOTO-2023-01-20-17-11-31-768x760.jpg 768w, https:\/\/lademeuredothe.family\/wp-content\/uploads\/2023\/01\/PHOTO-2023-01-20-17-11-31-892x883.jpg 892w, https:\/\/lademeuredothe.family\/wp-content\/uploads\/2023\/01\/PHOTO-2023-01-20-17-11-31.jpg 1512w\" sizes=\"auto, (max-width: 1024px) 100vw, 1024px\" \/><figcaption class=\"wp-element-caption\">La piscine avec son d\u00f4me et son eau chauff\u00e9e (d\u00e9but mai &#8211; fin septembre)<\/figcaption><\/figure>\n<\/div>\n\n\n\n<div class=\"wp-block-column is-layout-flow wp-block-column-is-layout-flow\">\n<figure class=\"wp-block-image size-large\"><img loading=\"lazy\" decoding=\"async\" width=\"1024\" height=\"768\" src=\"https:\/\/lademeuredothe.family\/wp-content\/uploads\/2023\/01\/Jardin-aire-de-jeux-pour-enfants-1024x768.jpg\" alt=\"\" class=\"wp-image-879\" srcset=\"https:\/\/lademeuredothe.family\/wp-content\/uploads\/2023\/01\/Jardin-aire-de-jeux-pour-enfants-1024x768.jpg 1024w, https:\/\/lademeuredothe.family\/wp-content\/uploads\/2023\/01\/Jardin-aire-de-jeux-pour-enfants-300x225.jpg 300w, https:\/\/lademeuredothe.family\/wp-content\/uploads\/2023\/01\/Jardin-aire-de-jeux-pour-enfants-768x576.jpg 768w, https:\/\/lademeuredothe.family\/wp-content\/uploads\/2023\/01\/Jardin-aire-de-jeux-pour-enfants-1536x1152.jpg 1536w, https:\/\/lademeuredothe.family\/wp-content\/uploads\/2023\/01\/Jardin-aire-de-jeux-pour-enfants-2048x1536.jpg 2048w, https:\/\/lademeuredothe.family\/wp-content\/uploads\/2023\/01\/Jardin-aire-de-jeux-pour-enfants-892x669.jpg 892w\" sizes=\"auto, (max-width: 1024px) 100vw, 1024px\" \/><figcaption class=\"wp-element-caption\">L&rsquo;aire de jeux pour enfants<\/figcaption><\/figure>\n<\/div>\n<\/div>\n","protected":false},"excerpt":{"rendered":"<p>Vous accueillir, quelle que soit la dur\u00e9e de votre s\u00e9jour, avec des chambres de 2 \u00e0 4 personnes avec salle de douches et toilettes, dans un lieu ouvert (grand jardin, terrasse couverte\u2026) et convivial (salon, piscine couverte, jeux d\u2019enfants\u2026). Pour une nuit, notre enjeu est de faire en sorte que vous puissiez vous d\u00e9tendre et [&hellip;]<\/p>\n","protected":false},"author":1,"featured_media":0,"parent":837,"menu_order":1,"comment_status":"closed","ping_status":"closed","template":"","meta":{"footnotes":""},"class_list":["post-1248","page","type-page","status-publish","hentry"],"_links":{"self":[{"href":"https:\/\/lademeuredothe.family\/index.php\/wp-json\/wp\/v2\/pages\/1248","targetHints":{"allow":["GET"]}}],"collection":[{"href":"https:\/\/lademeuredothe.family\/index.php\/wp-json\/wp\/v2\/pages"}],"about":[{"href":"https:\/\/lademeuredothe.family\/index.php\/wp-json\/wp\/v2\/types\/page"}],"author":[{"embeddable":true,"href":"https:\/\/lademeuredothe.family\/index.php\/wp-json\/wp\/v2\/users\/1"}],"replies":[{"embeddable":true,"href":"https:\/\/lademeuredothe.family\/index.php\/wp-json\/wp\/v2\/comments?post=1248"}],"version-history":[{"count":13,"href":"https:\/\/lademeuredothe.family\/index.php\/wp-json\/wp\/v2\/pages\/1248\/revisions"}],"predecessor-version":[{"id":2986,"href":"https:\/\/lademeuredothe.family\/index.php\/wp-json\/wp\/v2\/pages\/1248\/revisions\/2986"}],"up":[{"embeddable":true,"href":"https:\/\/lademeuredothe.family\/index.php\/wp-json\/wp\/v2\/pages\/837"}],"wp:attachment":[{"href":"https:\/\/lademeuredothe.family\/index.php\/wp-json\/wp\/v2\/media?parent=1248"}],"curies":[{"name":"wp","href":"https:\/\/api.w.org\/{rel}","templated":true}]}}