{"id":1223,"date":"2023-02-15T21:38:35","date_gmt":"2023-02-15T20:38:35","guid":{"rendered":"http:\/\/lademeuredothe.family\/?page_id=1223"},"modified":"2023-03-15T16:30:18","modified_gmt":"2023-03-15T15:30:18","slug":"la-nuit-le-ciel-est-grandiose","status":"publish","type":"page","link":"https:\/\/lademeuredothe.family\/index.php\/autour-de-la-demeure-dothe\/la-nuit-le-ciel-est-grandiose\/","title":{"rendered":"La nuit, le ciel est grandiose !"},"content":{"rendered":"\n<p>Si vous vivez dans une grande ville, vous d\u00e9couvrirez depuis La Demeure d&rsquo;Othe une sc\u00e8ne que vous ne pourrez pas voir de chez vous : des milliers d&rsquo;\u00e9toiles sur la vo\u00fbte c\u00e9leste.<\/p>\n\n\n\n<p>Le ciel d\u00e9gag\u00e9, sans pollution lumineuse (le village \u00e9teint son \u00e9clairage puiblic vers 22 heures), vous pourrez :<\/p>\n\n\n\n<ul class=\"wp-block-list\">\n<li>rechercher la Grande Ourse, <\/li>\n\n\n\n<li>pointer votre doigt vers l&rsquo;\u00e9toile du Berger &#8230; <\/li>\n\n\n\n<li>d\u00e9battre si cet objet qui bouge est une com\u00e8te ou un satellite<\/li>\n\n\n\n<li>&#8230;.<\/li>\n<\/ul>\n\n\n\n<p><\/p>\n","protected":false},"excerpt":{"rendered":"<p>Si vous vivez dans une grande ville, vous d\u00e9couvrirez depuis La Demeure d&rsquo;Othe une sc\u00e8ne que vous ne pourrez pas voir de chez vous : des milliers d&rsquo;\u00e9toiles sur la vo\u00fbte c\u00e9leste. Le ciel d\u00e9gag\u00e9, sans pollution lumineuse (le village \u00e9teint son \u00e9clairage puiblic vers 22 heures), vous pourrez :<\/p>\n","protected":false},"author":1,"featured_media":0,"parent":942,"menu_order":3,"comment_status":"closed","ping_status":"closed","template":"","meta":{"footnotes":""},"class_list":["post-1223","page","type-page","status-publish","hentry"],"_links":{"self":[{"href":"https:\/\/lademeuredothe.family\/index.php\/wp-json\/wp\/v2\/pages\/1223","targetHints":{"allow":["GET"]}}],"collection":[{"href":"https:\/\/lademeuredothe.family\/index.php\/wp-json\/wp\/v2\/pages"}],"about":[{"href":"https:\/\/lademeuredothe.family\/index.php\/wp-json\/wp\/v2\/types\/page"}],"author":[{"embeddable":true,"href":"https:\/\/lademeuredothe.family\/index.php\/wp-json\/wp\/v2\/users\/1"}],"replies":[{"embeddable":true,"href":"https:\/\/lademeuredothe.family\/index.php\/wp-json\/wp\/v2\/comments?post=1223"}],"version-history":[{"count":1,"href":"https:\/\/lademeuredothe.family\/index.php\/wp-json\/wp\/v2\/pages\/1223\/revisions"}],"predecessor-version":[{"id":1224,"href":"https:\/\/lademeuredothe.family\/index.php\/wp-json\/wp\/v2\/pages\/1223\/revisions\/1224"}],"up":[{"embeddable":true,"href":"https:\/\/lademeuredothe.family\/index.php\/wp-json\/wp\/v2\/pages\/942"}],"wp:attachment":[{"href":"https:\/\/lademeuredothe.family\/index.php\/wp-json\/wp\/v2\/media?parent=1223"}],"curies":[{"name":"wp","href":"https:\/\/api.w.org\/{rel}","templated":true}]}}