{"id":1176,"date":"2023-02-10T18:29:40","date_gmt":"2023-02-10T17:29:40","guid":{"rendered":"http:\/\/lademeuredothe.family\/?page_id=1176"},"modified":"2026-03-25T10:53:18","modified_gmt":"2026-03-25T09:53:18","slug":"nous-contacter","status":"publish","type":"page","link":"https:\/\/lademeuredothe.family\/index.php\/contact\/nous-contacter\/","title":{"rendered":"Nous contacter"},"content":{"rendered":"\n<div class=\"wp-block-columns is-layout-flex wp-container-core-columns-is-layout-9d6595d7 wp-block-columns-is-layout-flex\">\n<div class=\"wp-block-column is-layout-flow wp-block-column-is-layout-flow\" style=\"flex-basis:33.33%\">\n<p>La Demeure d&rsquo;Othe est un lieu dont l&rsquo;\u00e2me est le reflet du projet de Christine et Patrick : vous faire vivre des moments inoubliables, conviviaux et chaleureux en r\u00e9pondant \u00e0 vos attentes et en vous apportant les services souhait\u00e9s.<\/p>\n\n\n\n<p>Alors prenez contact :<\/p>\n\n\n\n<p><\/p>\n<\/div>\n\n\n\n<div class=\"wp-block-column is-layout-flow wp-block-column-is-layout-flow\" style=\"flex-basis:66.66%\"><div class=\"wp-block-image\">\n<figure class=\"alignright size-medium\"><img loading=\"lazy\" decoding=\"async\" width=\"300\" height=\"225\" src=\"https:\/\/lademeuredothe.family\/wp-content\/uploads\/2023\/02\/230209-Christine-Patrick-300x225.jpg\" alt=\"\" class=\"wp-image-1014\" srcset=\"https:\/\/lademeuredothe.family\/wp-content\/uploads\/2023\/02\/230209-Christine-Patrick-300x225.jpg 300w, https:\/\/lademeuredothe.family\/wp-content\/uploads\/2023\/02\/230209-Christine-Patrick-1024x769.jpg 1024w, https:\/\/lademeuredothe.family\/wp-content\/uploads\/2023\/02\/230209-Christine-Patrick-768x577.jpg 768w, https:\/\/lademeuredothe.family\/wp-content\/uploads\/2023\/02\/230209-Christine-Patrick-1536x1154.jpg 1536w, https:\/\/lademeuredothe.family\/wp-content\/uploads\/2023\/02\/230209-Christine-Patrick-2048x1539.jpg 2048w, https:\/\/lademeuredothe.family\/wp-content\/uploads\/2023\/02\/230209-Christine-Patrick-892x670.jpg 892w\" sizes=\"auto, (max-width: 300px) 100vw, 300px\" \/><\/figure>\n<\/div><\/div>\n<\/div>\n\n\n\n<ul class=\"wp-block-list\">\n<li>Appelez nous : 06 74 85 19 70<\/li>\n<\/ul>\n\n\n\n<ul class=\"wp-block-list\">\n<li>Ecrivez nous :\n<ul class=\"wp-block-list\">\n<li><a href=\"mailto:commercial@lademeuredothe.com\" target=\"_blank\" rel=\"noreferrer noopener\">commercial@lademeuredothe.com<\/a><\/li>\n\n\n\n<li><a href=\"mailto:patrick@lademeuredothe.com\" target=\"_blank\" rel=\"noreferrer noopener\">patrick@lademeuredothe.com<\/a><\/li>\n<\/ul>\n<\/li>\n<\/ul>\n\n\n\n<p><\/p>\n\n\n\n<p>Et n&rsquo;oubliez pas notre adresse :<\/p>\n\n\n\n<figure class=\"wp-block-image size-large\"><img loading=\"lazy\" decoding=\"async\" width=\"1024\" height=\"576\" src=\"https:\/\/lademeuredothe.family\/wp-content\/uploads\/2023\/02\/221024-Photo-Demeure-Othe-vu-den-haut-1024x576.png\" alt=\"\" class=\"wp-image-1108\" srcset=\"https:\/\/lademeuredothe.family\/wp-content\/uploads\/2023\/02\/221024-Photo-Demeure-Othe-vu-den-haut-1024x576.png 1024w, https:\/\/lademeuredothe.family\/wp-content\/uploads\/2023\/02\/221024-Photo-Demeure-Othe-vu-den-haut-300x169.png 300w, https:\/\/lademeuredothe.family\/wp-content\/uploads\/2023\/02\/221024-Photo-Demeure-Othe-vu-den-haut-768x432.png 768w, https:\/\/lademeuredothe.family\/wp-content\/uploads\/2023\/02\/221024-Photo-Demeure-Othe-vu-den-haut-892x502.png 892w, https:\/\/lademeuredothe.family\/wp-content\/uploads\/2023\/02\/221024-Photo-Demeure-Othe-vu-den-haut.png 1280w\" sizes=\"auto, (max-width: 1024px) 100vw, 1024px\" \/><\/figure>\n\n\n\n<p><\/p>\n","protected":false},"excerpt":{"rendered":"<p>La Demeure d&rsquo;Othe est un lieu dont l&rsquo;\u00e2me est le reflet du projet de Christine et Patrick : vous faire vivre des moments inoubliables, conviviaux et chaleureux en r\u00e9pondant \u00e0 vos attentes et en vous apportant les services souhait\u00e9s. Alors prenez contact : Et n&rsquo;oubliez pas notre adresse :<\/p>\n","protected":false},"author":1,"featured_media":0,"parent":1015,"menu_order":1,"comment_status":"closed","ping_status":"closed","template":"","meta":{"footnotes":""},"class_list":["post-1176","page","type-page","status-publish","hentry"],"_links":{"self":[{"href":"https:\/\/lademeuredothe.family\/index.php\/wp-json\/wp\/v2\/pages\/1176","targetHints":{"allow":["GET"]}}],"collection":[{"href":"https:\/\/lademeuredothe.family\/index.php\/wp-json\/wp\/v2\/pages"}],"about":[{"href":"https:\/\/lademeuredothe.family\/index.php\/wp-json\/wp\/v2\/types\/page"}],"author":[{"embeddable":true,"href":"https:\/\/lademeuredothe.family\/index.php\/wp-json\/wp\/v2\/users\/1"}],"replies":[{"embeddable":true,"href":"https:\/\/lademeuredothe.family\/index.php\/wp-json\/wp\/v2\/comments?post=1176"}],"version-history":[{"count":7,"href":"https:\/\/lademeuredothe.family\/index.php\/wp-json\/wp\/v2\/pages\/1176\/revisions"}],"predecessor-version":[{"id":2970,"href":"https:\/\/lademeuredothe.family\/index.php\/wp-json\/wp\/v2\/pages\/1176\/revisions\/2970"}],"up":[{"embeddable":true,"href":"https:\/\/lademeuredothe.family\/index.php\/wp-json\/wp\/v2\/pages\/1015"}],"wp:attachment":[{"href":"https:\/\/lademeuredothe.family\/index.php\/wp-json\/wp\/v2\/media?parent=1176"}],"curies":[{"name":"wp","href":"https:\/\/api.w.org\/{rel}","templated":true}]}}