{"id":1117,"date":"2023-02-10T15:46:48","date_gmt":"2023-02-10T14:46:48","guid":{"rendered":"http:\/\/lademeuredothe.family\/?page_id=1117"},"modified":"2023-03-15T16:42:54","modified_gmt":"2023-03-15T15:42:54","slug":"le-blason-de-sormery","status":"publish","type":"page","link":"https:\/\/lademeuredothe.family\/index.php\/le-blason-de-sormery\/","title":{"rendered":"Le blason de Sormery"},"content":{"rendered":"\n<p>Le blason de Sormery refl\u00e8te l&rsquo;histoire, la g\u00e9ographie, les activit\u00e9s de Sormery. En quelques mots &#8230; :<\/p>\n\n\n<div class=\"wp-block-image\">\n<figure class=\"alignright size-full is-resized\"><img loading=\"lazy\" decoding=\"async\" src=\"https:\/\/lademeuredothe.family\/wp-content\/uploads\/2023\/02\/221019-Blason-Sormery-89.jpg\" alt=\"\" class=\"wp-image-1114\" width=\"224\" height=\"284\" srcset=\"https:\/\/lademeuredothe.family\/wp-content\/uploads\/2023\/02\/221019-Blason-Sormery-89.jpg 447w, https:\/\/lademeuredothe.family\/wp-content\/uploads\/2023\/02\/221019-Blason-Sormery-89-237x300.jpg 237w\" sizes=\"auto, (max-width: 224px) 100vw, 224px\" \/><\/figure>\n<\/div>\n\n\n<ul class=\"wp-block-list\">\n<li>&#8230; officiels.<br><em>D&rsquo;azur au chevronnel ond\u00e9 et hauss\u00e9 d&rsquo;argent, accompagn\u00e9 en chef \u00e0 dextre d&rsquo;une pomme feuill\u00e9e de deux pi\u00e8ces, \u00e0 senestre d&rsquo;un rameau de ch\u00eane et en pointe d&rsquo;une gerbe de douze \u00e9pis de bl\u00e9 li\u00e9s, le tout d&rsquo;or&nbsp;; au chef parti \u00e0 dextre d&rsquo;azur \u00e0 la bande d&rsquo;argent c\u00f4toy\u00e9e de deux doubles cotices potenc\u00e9es et contre-potenc\u00e9es d&rsquo;or et \u00e0 senestre band\u00e9 d&rsquo;or et d&rsquo;azur \u00e0 la bordure de gueules&nbsp;; sur le tout, de gueules \u00e0 trois croissants d&rsquo;or.<\/em><\/li>\n\n\n\n<li>&#8230; explicatifs.\n<ul class=\"wp-block-list\">\n<li>\u00ab\u00a0d&rsquo;Azur \u00e0 ond\u00e9 d&rsquo;argent\u00a0\u00bb \u00e9voque les nombreuses sources de la commune<\/li>\n\n\n\n<li>Le cidre et les for\u00eats de ch\u00eanes ont fait la renomm\u00e9e du Pays d&rsquo;Othe ; \u00ab\u00a0La pomme et le ch\u00eane\u00a0\u00bb, avec le \u00ab\u00a0bl\u00e9\u00a0\u00bb, \u00ab\u00a0le tout d&rsquo;or\u00a0\u00bb ont donc contribu\u00e9 \u00e0 la richesse de la commune \u00e0 pr\u00e9dominance agricole<\/li>\n\n\n\n<li>Les \u00ab\u00a0douze \u00e9pis de bl\u00e9\u00a0\u00bb repr\u00e9sentent par ailleurs le bourg et les 11 hameaux<\/li>\n\n\n\n<li>\u00ab\u00a0La cordelette\u00a0\u00bb qui les unit fait r\u00e9f\u00e9rence \u00e0 l&rsquo;\u00e9glise St Pierre aux liens<\/li>\n\n\n\n<li>\u00ab\u00a0Le chef\u00a0\u00bb aux Blason de Champagne et de Bourgogne, signe que Sormery est aux confins de ces deux r\u00e9gions, et \u00e0 successivement appartenu \u00e0 l&rsquo;une et \u00e0 l&rsquo;autre<\/li>\n\n\n\n<li>L&rsquo;\u00e9cusson \u00e0 \u00ab\u00a0Trois croissants d&rsquo;or sur gueules\u00a0\u00bb est celui de la famille Des Essars, anciens Seigneurs de Sormery<\/li>\n<\/ul>\n<\/li>\n<\/ul>\n","protected":false},"excerpt":{"rendered":"<p>Le blason de Sormery refl\u00e8te l&rsquo;histoire, la g\u00e9ographie, les activit\u00e9s de Sormery. En quelques mots &#8230; :<\/p>\n","protected":false},"author":1,"featured_media":0,"parent":0,"menu_order":0,"comment_status":"closed","ping_status":"closed","template":"","meta":{"footnotes":""},"class_list":["post-1117","page","type-page","status-publish","hentry"],"_links":{"self":[{"href":"https:\/\/lademeuredothe.family\/index.php\/wp-json\/wp\/v2\/pages\/1117","targetHints":{"allow":["GET"]}}],"collection":[{"href":"https:\/\/lademeuredothe.family\/index.php\/wp-json\/wp\/v2\/pages"}],"about":[{"href":"https:\/\/lademeuredothe.family\/index.php\/wp-json\/wp\/v2\/types\/page"}],"author":[{"embeddable":true,"href":"https:\/\/lademeuredothe.family\/index.php\/wp-json\/wp\/v2\/users\/1"}],"replies":[{"embeddable":true,"href":"https:\/\/lademeuredothe.family\/index.php\/wp-json\/wp\/v2\/comments?post=1117"}],"version-history":[{"count":2,"href":"https:\/\/lademeuredothe.family\/index.php\/wp-json\/wp\/v2\/pages\/1117\/revisions"}],"predecessor-version":[{"id":1376,"href":"https:\/\/lademeuredothe.family\/index.php\/wp-json\/wp\/v2\/pages\/1117\/revisions\/1376"}],"wp:attachment":[{"href":"https:\/\/lademeuredothe.family\/index.php\/wp-json\/wp\/v2\/media?parent=1117"}],"curies":[{"name":"wp","href":"https:\/\/api.w.org\/{rel}","templated":true}]}}