{"id":1095,"date":"2023-02-10T11:59:15","date_gmt":"2023-02-10T10:59:15","guid":{"rendered":"http:\/\/lademeuredothe.family\/?page_id=1095"},"modified":"2023-05-14T10:19:55","modified_gmt":"2023-05-14T08:19:55","slug":"les-activites-sportives","status":"publish","type":"page","link":"https:\/\/lademeuredothe.family\/index.php\/autour-de-la-demeure-dothe\/les-activites-sportives\/","title":{"rendered":"Les activit\u00e9s sportives"},"content":{"rendered":"\n<p>La nature autour de Sormery est aussi un lieu qui offre de multiples activit\u00e9s sportives :<\/p>\n\n\n\n<ul class=\"wp-block-list\">\n<li>partir en promenade en suivant un sentier de 14km qui passe juste devant La Demeure d&rsquo;Othe<\/li>\n\n\n\n<li>faire un footing autour de La Demeure d&rsquo;Othe<\/li>\n\n\n\n<li>faire une partie de p\u00e9tanque sur un terrain de boules \u00e0 quelques m\u00e8tres du parc de La Demeure d&rsquo;Othe<\/li>\n<\/ul>\n\n\n<div class=\"wp-block-image is-style-rounded\">\n<figure class=\"aligncenter size-full is-resized\"><img loading=\"lazy\" decoding=\"async\" src=\"https:\/\/lademeuredothe.family\/wp-content\/uploads\/2023\/05\/230511-Terrain-de-boules.jpg\" alt=\"\" class=\"wp-image-1810\" width=\"192\" height=\"256\" srcset=\"https:\/\/lademeuredothe.family\/wp-content\/uploads\/2023\/05\/230511-Terrain-de-boules.jpg 768w, https:\/\/lademeuredothe.family\/wp-content\/uploads\/2023\/05\/230511-Terrain-de-boules-225x300.jpg 225w\" sizes=\"auto, (max-width: 192px) 100vw, 192px\" \/><figcaption class=\"wp-element-caption\">Le terrain de boules \u00e0 proximit\u00e9 imm\u00e9diate de La Demeure d&rsquo;Othe<\/figcaption><\/figure>\n<\/div>\n\n\n<ul class=\"wp-block-list\">\n<li>jouer au foot \u00e0 quelques m\u00e8tres du terrain de p\u00e9tanque<\/li>\n\n\n\n<li>et \u00e0 proximit\u00e9 imm\u00e9diate de Sormery, vous pourrez trouver plusieurs centres d&rsquo;\u00e9quitation<\/li>\n<\/ul>\n\n\n\n<p>Et en allant un peu plus loin, vous pourrez <\/p>\n\n\n\n<ul class=\"wp-block-list\">\n<li>aux beaux jours vous baigner dans l&rsquo;Arman\u00e7on ou profiter du tout nouveau centre aquatique de Saint Florentin<\/li>\n\n\n\n<li>parcourir les circuits VTT <\/li>\n<\/ul>\n\n\n<div class=\"wp-block-image\">\n<figure class=\"aligncenter size-thumbnail is-resized\"><img loading=\"lazy\" decoding=\"async\" src=\"https:\/\/lademeuredothe.family\/wp-content\/uploads\/2023\/05\/230428-MV-Base-VTT-Vosnon-150x150.jpg\" alt=\"\" class=\"wp-image-1777\" width=\"150\" height=\"150\" srcset=\"https:\/\/lademeuredothe.family\/wp-content\/uploads\/2023\/05\/230428-MV-Base-VTT-Vosnon-150x150.jpg 150w, https:\/\/lademeuredothe.family\/wp-content\/uploads\/2023\/05\/230428-MV-Base-VTT-Vosnon-892x892.jpg 892w\" sizes=\"auto, (max-width: 150px) 100vw, 150px\" \/><figcaption class=\"wp-element-caption\">Et si vous aimez le VTT, Villeneuve le Chemin est \u00e0 moins de 10 minutes de la Demeure d&rsquo;Othe<\/figcaption><\/figure>\n<\/div>\n\n\n<ul class=\"wp-block-list\">\n<li>sauter d&rsquo;arbre en arbre au Parc Aventure du Thureau<\/li>\n\n\n\n<li>p\u00eacher dans plusieurs cours d&rsquo;eau :\n<ul class=\"wp-block-list\">\n<li>Dans la Nosle et la Vanne autour d&rsquo;Aix en Othe &#8211; Paisy-Cosdon<\/li>\n\n\n\n<li>Dans l&rsquo;Yonne<\/li>\n\n\n\n<li>Dans l&rsquo;\u00c9tang des Fully dans les Etangs de Saint-Ange<\/li>\n\n\n\n<li>&#8230;<\/li>\n<\/ul>\n<\/li>\n\n\n\n<li>jouer au golf \u00e0 c\u00f4t\u00e9 de Chaource (le golf de Troyes)<\/li>\n\n\n\n<li>pousser jusqu&rsquo;aux lacs d&rsquo;Orient pour se baigner, faire du p\u00e9dalo<\/li>\n\n\n\n<li>sauter en parachute \u00e0 Cheu<\/li>\n\n\n\n<li>&#8230;<\/li>\n<\/ul>\n\n\n\n<p><\/p>\n","protected":false},"excerpt":{"rendered":"<p>La nature autour de Sormery est aussi un lieu qui offre de multiples activit\u00e9s sportives : Et en allant un peu plus loin, vous pourrez<\/p>\n","protected":false},"author":1,"featured_media":0,"parent":942,"menu_order":4,"comment_status":"closed","ping_status":"closed","template":"","meta":{"footnotes":""},"class_list":["post-1095","page","type-page","status-publish","hentry"],"_links":{"self":[{"href":"https:\/\/lademeuredothe.family\/index.php\/wp-json\/wp\/v2\/pages\/1095","targetHints":{"allow":["GET"]}}],"collection":[{"href":"https:\/\/lademeuredothe.family\/index.php\/wp-json\/wp\/v2\/pages"}],"about":[{"href":"https:\/\/lademeuredothe.family\/index.php\/wp-json\/wp\/v2\/types\/page"}],"author":[{"embeddable":true,"href":"https:\/\/lademeuredothe.family\/index.php\/wp-json\/wp\/v2\/users\/1"}],"replies":[{"embeddable":true,"href":"https:\/\/lademeuredothe.family\/index.php\/wp-json\/wp\/v2\/comments?post=1095"}],"version-history":[{"count":7,"href":"https:\/\/lademeuredothe.family\/index.php\/wp-json\/wp\/v2\/pages\/1095\/revisions"}],"predecessor-version":[{"id":1817,"href":"https:\/\/lademeuredothe.family\/index.php\/wp-json\/wp\/v2\/pages\/1095\/revisions\/1817"}],"up":[{"embeddable":true,"href":"https:\/\/lademeuredothe.family\/index.php\/wp-json\/wp\/v2\/pages\/942"}],"wp:attachment":[{"href":"https:\/\/lademeuredothe.family\/index.php\/wp-json\/wp\/v2\/media?parent=1095"}],"curies":[{"name":"wp","href":"https:\/\/api.w.org\/{rel}","templated":true}]}}