{"id":1091,"date":"2023-02-10T11:58:18","date_gmt":"2023-02-10T10:58:18","guid":{"rendered":"http:\/\/lademeuredothe.family\/?page_id=1091"},"modified":"2023-03-15T16:29:39","modified_gmt":"2023-03-15T15:29:39","slug":"sens-troyes-tonnerre-auxerre-joigny","status":"publish","type":"page","link":"https:\/\/lademeuredothe.family\/index.php\/autour-de-la-demeure-dothe\/sens-troyes-tonnerre-auxerre-joigny\/","title":{"rendered":"Sens-Troyes-Tonnerre-Auxerre-Joigny"},"content":{"rendered":"\n<p>Situ\u00e9 au centre d&rsquo;un rectangle d\u00e9limit\u00e9 par les villes de Sens, Troyes, Tonnerre, Auxerre et Joigny La Demeure d&rsquo;Othe vous permettra de d\u00e9couvrir ces villes et leurs partimoines : <\/p>\n\n\n\n<div class=\"wp-block-columns is-layout-flex wp-container-core-columns-is-layout-9d6595d7 wp-block-columns-is-layout-flex\">\n<div class=\"wp-block-column is-layout-flow wp-block-column-is-layout-flow\" style=\"flex-basis:33.34%\">\n<p><strong>SENS<\/strong> et sa cath\u00e9drale Saint-\u00c9tienne de Sens qui est une des toutes premi\u00e8res \u00e9glises d&rsquo;<a href=\"https:\/\/fr.wikipedia.org\/wiki\/Architecture_gothique\">architecture gothique<\/a> de la Chr\u00e9tient\u00e9<\/p>\n<\/div>\n\n\n\n<div class=\"wp-block-column is-layout-flow wp-block-column-is-layout-flow\" style=\"flex-basis:33.34%\">\n<figure class=\"wp-block-image size-full\"><img loading=\"lazy\" decoding=\"async\" width=\"274\" height=\"184\" src=\"https:\/\/lademeuredothe.family\/wp-content\/uploads\/2023\/02\/sens-cathedrale-index.jpg\" alt=\"\" class=\"wp-image-1152\" srcset=\"https:\/\/lademeuredothe.family\/wp-content\/uploads\/2023\/02\/sens-cathedrale-index.jpg 274w, https:\/\/lademeuredothe.family\/wp-content\/uploads\/2023\/02\/sens-cathedrale-index-150x100.jpg 150w\" sizes=\"auto, (max-width: 274px) 100vw, 274px\" \/><\/figure>\n<\/div>\n\n\n\n<div class=\"wp-block-column is-layout-flow wp-block-column-is-layout-flow\" style=\"flex-basis:33.33%\">\n<figure class=\"wp-block-image size-full\"><img loading=\"lazy\" decoding=\"async\" width=\"272\" height=\"185\" src=\"https:\/\/lademeuredothe.family\/wp-content\/uploads\/2023\/02\/sens-images.jpg\" alt=\"\" class=\"wp-image-1153\"\/><\/figure>\n<\/div>\n<\/div>\n\n\n\n<p><\/p>\n\n\n\n<div class=\"wp-block-columns is-layout-flex wp-container-core-columns-is-layout-9d6595d7 wp-block-columns-is-layout-flex\">\n<div class=\"wp-block-column is-layout-flow wp-block-column-is-layout-flow\">\n<figure class=\"wp-block-image size-full\"><img loading=\"lazy\" decoding=\"async\" width=\"340\" height=\"148\" src=\"https:\/\/lademeuredothe.family\/wp-content\/uploads\/2023\/02\/Troyes-index.jpg\" alt=\"\" class=\"wp-image-1154\" srcset=\"https:\/\/lademeuredothe.family\/wp-content\/uploads\/2023\/02\/Troyes-index.jpg 340w, https:\/\/lademeuredothe.family\/wp-content\/uploads\/2023\/02\/Troyes-index-300x131.jpg 300w\" sizes=\"auto, (max-width: 340px) 100vw, 340px\" \/><\/figure>\n<\/div>\n\n\n\n<div class=\"wp-block-column is-layout-flow wp-block-column-is-layout-flow\">\n<figure class=\"wp-block-image size-full\"><img loading=\"lazy\" decoding=\"async\" width=\"302\" height=\"167\" src=\"https:\/\/lademeuredothe.family\/wp-content\/uploads\/2023\/02\/Troyes-eau-images.jpg\" alt=\"\" class=\"wp-image-1155\" srcset=\"https:\/\/lademeuredothe.family\/wp-content\/uploads\/2023\/02\/Troyes-eau-images.jpg 302w, https:\/\/lademeuredothe.family\/wp-content\/uploads\/2023\/02\/Troyes-eau-images-300x166.jpg 300w\" sizes=\"auto, (max-width: 302px) 100vw, 302px\" \/><\/figure>\n<\/div>\n\n\n\n<div class=\"wp-block-column is-layout-flow wp-block-column-is-layout-flow\">\n<p><strong>Troyes <\/strong>et son c\u00e9l\u00e9bre Bouchon mais aussi ses statues sur le canal du Tr\u00e9vois et bien sur ses magasins d&rsquo;usine<\/p>\n<\/div>\n<\/div>\n\n\n\n<p><\/p>\n\n\n\n<div class=\"wp-block-columns is-layout-flex wp-container-core-columns-is-layout-9d6595d7 wp-block-columns-is-layout-flex\">\n<div class=\"wp-block-column is-layout-flow wp-block-column-is-layout-flow\">\n<figure class=\"wp-block-image size-full\"><img loading=\"lazy\" decoding=\"async\" width=\"259\" height=\"194\" src=\"https:\/\/lademeuredothe.family\/wp-content\/uploads\/2023\/02\/Tonerre-fosse-Dionne-index.jpg\" alt=\"\" class=\"wp-image-1156\"\/><\/figure>\n<\/div>\n\n\n\n<div class=\"wp-block-column is-layout-flow wp-block-column-is-layout-flow\">\n<p><strong>Tonnerre <\/strong>et sa remarquable fosse Dionne<\/p>\n<\/div>\n\n\n\n<div class=\"wp-block-column is-layout-flow wp-block-column-is-layout-flow\">\n<figure class=\"wp-block-image size-full\"><img loading=\"lazy\" decoding=\"async\" width=\"260\" height=\"194\" src=\"https:\/\/lademeuredothe.family\/wp-content\/uploads\/2023\/02\/Tonnerre-Eglise-Saint-Pierre-images.jpg\" alt=\"\" class=\"wp-image-1157\"\/><\/figure>\n<\/div>\n<\/div>\n\n\n\n<p><\/p>\n\n\n\n<div class=\"wp-block-columns is-layout-flex wp-container-core-columns-is-layout-9d6595d7 wp-block-columns-is-layout-flex\">\n<div class=\"wp-block-column is-layout-flow wp-block-column-is-layout-flow\">\n<p><strong>Auxerre <\/strong>qui au del\u00e0 de son pass\u00e9 footbalistique est riche de sa tour de l&rsquo;Horloge et de ses quais de l&rsquo;Yonne<\/p>\n<\/div>\n\n\n\n<div class=\"wp-block-column is-layout-flow wp-block-column-is-layout-flow\">\n<figure class=\"wp-block-image size-full\"><img loading=\"lazy\" decoding=\"async\" width=\"300\" height=\"168\" src=\"https:\/\/lademeuredothe.family\/wp-content\/uploads\/2023\/02\/Auxerre-tour-de-lhorloge-index.jpg\" alt=\"\" class=\"wp-image-1158\"\/><\/figure>\n<\/div>\n\n\n\n<div class=\"wp-block-column is-layout-flow wp-block-column-is-layout-flow\">\n<figure class=\"wp-block-image size-full\"><img loading=\"lazy\" decoding=\"async\" width=\"419\" height=\"120\" src=\"https:\/\/lademeuredothe.family\/wp-content\/uploads\/2023\/02\/auxerre-index.jpg\" alt=\"\" class=\"wp-image-1159\" srcset=\"https:\/\/lademeuredothe.family\/wp-content\/uploads\/2023\/02\/auxerre-index.jpg 419w, https:\/\/lademeuredothe.family\/wp-content\/uploads\/2023\/02\/auxerre-index-300x86.jpg 300w\" sizes=\"auto, (max-width: 419px) 100vw, 419px\" \/><\/figure>\n<\/div>\n<\/div>\n\n\n\n<p><\/p>\n\n\n\n<div class=\"wp-block-columns is-layout-flex wp-container-core-columns-is-layout-9d6595d7 wp-block-columns-is-layout-flex\">\n<div class=\"wp-block-column is-layout-flow wp-block-column-is-layout-flow\">\n<figure class=\"wp-block-image size-full\"><img loading=\"lazy\" decoding=\"async\" width=\"270\" height=\"187\" src=\"https:\/\/lademeuredothe.family\/wp-content\/uploads\/2023\/02\/joigny-index.jpg\" alt=\"\" class=\"wp-image-1162\"\/><\/figure>\n<\/div>\n\n\n\n<div class=\"wp-block-column is-layout-flow wp-block-column-is-layout-flow\">\n<figure class=\"wp-block-image size-full\"><img loading=\"lazy\" decoding=\"async\" width=\"300\" height=\"168\" src=\"https:\/\/lademeuredothe.family\/wp-content\/uploads\/2023\/02\/joigny-marche-index.jpg\" alt=\"\" class=\"wp-image-1160\"\/><\/figure>\n<\/div>\n\n\n\n<div class=\"wp-block-column is-layout-flow wp-block-column-is-layout-flow\">\n<p><strong>Joigny <\/strong>et sa halle au march\u00e9 (tous les samedis matins) et le parcours tranquille de l&rsquo;Yonne<\/p>\n<\/div>\n<\/div>\n\n\n\n<p><\/p>\n\n\n\n<p>De plus chacune de ces villes organisent des \u00e9v\u00e8nements pour lesquels La Demeure d&rsquo;Othe peut vous proposer un h\u00e9bergement adapt\u00e9. On peut citer :<\/p>\n\n\n\n<ul class=\"wp-block-list\">\n<li>\u00e0 Tonnerre la \u00ab\u00a0F\u00eate m\u00e9di\u00e9vale\u00a0\u00bb en septembre<\/li>\n\n\n\n<li>\u00e0 Auxerre \u00ab\u00a0Les rues barr\u00e9es\u00a0\u00bb en Aout<\/li>\n\n\n\n<li>\u00e0 Joigny la \u00ab\u00a0Semaine de la gastronomie jovinienne\u00a0\u00bb en Novembre (il y a \u00e0 Joigny un c\u00e9l\u00e9bre 2* au guide Michelin)<\/li>\n\n\n\n<li>\u00e0 Sens \u00ab\u00a0F\u00eate de la Saint Fiacre\u00a0\u00bb en Septembre<\/li>\n\n\n\n<li>&#8230;<\/li>\n<\/ul>\n","protected":false},"excerpt":{"rendered":"<p>Situ\u00e9 au centre d&rsquo;un rectangle d\u00e9limit\u00e9 par les villes de Sens, Troyes, Tonnerre, Auxerre et Joigny La Demeure d&rsquo;Othe vous permettra de d\u00e9couvrir ces villes et leurs partimoines : SENS et sa cath\u00e9drale Saint-\u00c9tienne de Sens qui est une des toutes premi\u00e8res \u00e9glises d&rsquo;architecture gothique de la Chr\u00e9tient\u00e9 Troyes et son c\u00e9l\u00e9bre Bouchon mais aussi [&hellip;]<\/p>\n","protected":false},"author":1,"featured_media":0,"parent":942,"menu_order":5,"comment_status":"closed","ping_status":"closed","template":"","meta":{"footnotes":""},"class_list":["post-1091","page","type-page","status-publish","hentry"],"_links":{"self":[{"href":"https:\/\/lademeuredothe.family\/index.php\/wp-json\/wp\/v2\/pages\/1091","targetHints":{"allow":["GET"]}}],"collection":[{"href":"https:\/\/lademeuredothe.family\/index.php\/wp-json\/wp\/v2\/pages"}],"about":[{"href":"https:\/\/lademeuredothe.family\/index.php\/wp-json\/wp\/v2\/types\/page"}],"author":[{"embeddable":true,"href":"https:\/\/lademeuredothe.family\/index.php\/wp-json\/wp\/v2\/users\/1"}],"replies":[{"embeddable":true,"href":"https:\/\/lademeuredothe.family\/index.php\/wp-json\/wp\/v2\/comments?post=1091"}],"version-history":[{"count":6,"href":"https:\/\/lademeuredothe.family\/index.php\/wp-json\/wp\/v2\/pages\/1091\/revisions"}],"predecessor-version":[{"id":1316,"href":"https:\/\/lademeuredothe.family\/index.php\/wp-json\/wp\/v2\/pages\/1091\/revisions\/1316"}],"up":[{"embeddable":true,"href":"https:\/\/lademeuredothe.family\/index.php\/wp-json\/wp\/v2\/pages\/942"}],"wp:attachment":[{"href":"https:\/\/lademeuredothe.family\/index.php\/wp-json\/wp\/v2\/media?parent=1091"}],"curies":[{"name":"wp","href":"https:\/\/api.w.org\/{rel}","templated":true}]}}