{"id":1089,"date":"2023-02-10T11:57:30","date_gmt":"2023-02-10T10:57:30","guid":{"rendered":"http:\/\/lademeuredothe.family\/?page_id=1089"},"modified":"2024-04-04T15:02:24","modified_gmt":"2024-04-04T13:02:24","slug":"sormery-et-ses-hameaux","status":"publish","type":"page","link":"https:\/\/lademeuredothe.family\/index.php\/autour-de-la-demeure-dothe\/sormery-et-ses-hameaux\/","title":{"rendered":"Sormery : un carrefour"},"content":{"rendered":"\n<p>La Demeure d&rsquo;Othe est situ\u00e9e \u00e0 Sormery, un village du pays d&rsquo;Othe \u00e0 la fronti\u00e8re de l&rsquo;Yonne (Bourgogne) et de l&rsquo;Aube (Champagne-Ardennes). Cette situation g\u00e9ographique permet de profiter d&rsquo;un climat o\u00f9 la temp\u00e9rature en \u00e9t\u00e9 reste supportable et permet de profiter pleinement de la piscine.<\/p>\n\n\n\n<figure class=\"wp-block-video\"><video height=\"1920\" style=\"aspect-ratio: 1080 \/ 1920;\" width=\"1080\" controls src=\"https:\/\/lademeuredothe.family\/wp-content\/uploads\/2023\/06\/230614-LD-Video-courte-en-plan-Sormery2vertical2.mp4\"><\/video><\/figure>\n\n\n\n<p>La Demeure d&rsquo;Othe est ainsi au centre de tr\u00e8s nombreuses activit\u00e9s et produits de l&rsquo;Yonne et de l&rsquo;Aube pour les Nanc\u00e9ens (2h45), les Lyonnais (3h15), les Franciliens (1h30 de Paris), les Dijonnais (2h), les R\u00e9mois (1h50) et <a href=\"https:\/\/lademeuredothe.family\/index.php\/welcome-to-la-demeure-dothe-2\/why-choose-la-demeure-dothe\/\">les touristes \u00e9trangers<\/a> &#8230;<\/p>\n\n\n\n<figure class=\"wp-block-image size-large\"><img loading=\"lazy\" decoding=\"async\" width=\"1024\" height=\"660\" src=\"https:\/\/lademeuredothe.family\/wp-content\/uploads\/2023\/01\/230127-Sormery-au-centre-de-...-1024x660.png\" alt=\"\" class=\"wp-image-958\" srcset=\"https:\/\/lademeuredothe.family\/wp-content\/uploads\/2023\/01\/230127-Sormery-au-centre-de-...-1024x660.png 1024w, https:\/\/lademeuredothe.family\/wp-content\/uploads\/2023\/01\/230127-Sormery-au-centre-de-...-300x193.png 300w, https:\/\/lademeuredothe.family\/wp-content\/uploads\/2023\/01\/230127-Sormery-au-centre-de-...-768x495.png 768w, https:\/\/lademeuredothe.family\/wp-content\/uploads\/2023\/01\/230127-Sormery-au-centre-de-...-1536x990.png 1536w, https:\/\/lademeuredothe.family\/wp-content\/uploads\/2023\/01\/230127-Sormery-au-centre-de-...-2048x1320.png 2048w, https:\/\/lademeuredothe.family\/wp-content\/uploads\/2023\/01\/230127-Sormery-au-centre-de-...-892x575.png 892w\" sizes=\"auto, (max-width: 1024px) 100vw, 1024px\" \/><\/figure>\n\n\n\n<p><\/p>\n\n\n\n<p><strong>Sormery est donc un carrefour<\/strong> o\u00f9 La Demeure d&rsquo;Othe vous accueille dans une ambiance chaleureuse et conviviale et vous propose de multiples activit\u00e9s : la d\u00e9couverte de vignobles (Ch\u00e2blis, Irancy, Champagne), des \u00e9toiles, du pays d&rsquo;Othe (fromage, cidre, pommes, &#8230;) ; l&rsquo;exercice au travers d&rsquo;activit\u00e9s sportives ;  la visite des capitales r\u00e9gionales.<\/p>\n\n\n\n<p>Pour en savoir plus sur le Florentinois (r\u00e9gion de Saint Florentin) et l&rsquo;Yonne n&rsquo;h\u00e9sitez pas \u00e0 visiter l<a href=\"https:\/\/serein-armance.fr\/\" target=\"_blank\" rel=\"noreferrer noopener\">&lsquo;Office de Tourisme Serein &amp; Armance<\/a> \u00e0 Saint Florentin et, ou, visiter le site de <a href=\"https:\/\/www.tourisme-yonne.com\/\" target=\"_blank\" rel=\"noreferrer noopener\">Yonne Tourisme<\/a>.<\/p>\n\n\n\n<p>Carrefour aussi cr\u00e9\u00e9 par la main de l&rsquo;homme autour de l&rsquo;\u00e9glise o\u00f9 les arbres \u00ab\u00a0fusionnent\u00a0\u00bb :<\/p>\n\n\n\n<figure class=\"wp-block-image size-large\"><img loading=\"lazy\" decoding=\"async\" width=\"768\" height=\"1024\" src=\"https:\/\/lademeuredothe.family\/wp-content\/uploads\/2024\/04\/230511-Charlotte-leglise-marie-les-arbres-768x1024.jpg\" alt=\"\" class=\"wp-image-2443\" srcset=\"https:\/\/lademeuredothe.family\/wp-content\/uploads\/2024\/04\/230511-Charlotte-leglise-marie-les-arbres-768x1024.jpg 768w, https:\/\/lademeuredothe.family\/wp-content\/uploads\/2024\/04\/230511-Charlotte-leglise-marie-les-arbres-225x300.jpg 225w, https:\/\/lademeuredothe.family\/wp-content\/uploads\/2024\/04\/230511-Charlotte-leglise-marie-les-arbres-1152x1536.jpg 1152w, https:\/\/lademeuredothe.family\/wp-content\/uploads\/2024\/04\/230511-Charlotte-leglise-marie-les-arbres-892x1189.jpg 892w, https:\/\/lademeuredothe.family\/wp-content\/uploads\/2024\/04\/230511-Charlotte-leglise-marie-les-arbres.jpg 1536w\" sizes=\"auto, (max-width: 768px) 100vw, 768px\" \/><figcaption class=\"wp-element-caption\">L\u2019\u00e9glise de Sormery marie les arbres devant La Demeure d\u2019Othe<\/figcaption><\/figure>\n\n\n\n<p><\/p>\n\n\n\n<p>Mais tout d&rsquo;abord quelques informations sur Sormery<\/p>\n\n\n\n<div class=\"wp-block-columns is-layout-flex wp-container-core-columns-is-layout-9d6595d7 wp-block-columns-is-layout-flex\">\n<div class=\"wp-block-column is-layout-flow wp-block-column-is-layout-flow\">\n<div class=\"wp-block-columns is-layout-flex wp-container-core-columns-is-layout-9d6595d7 wp-block-columns-is-layout-flex\">\n<div class=\"wp-block-column is-layout-flow wp-block-column-is-layout-flow\">\n<p>Sormery est un village de 11 hameaux autour d&rsquo;un bourg. Ceux-ci ont des noms \u00e9vocateurs : La rue Ch\u00e8vre \u00b7 La Tuilerie \u00b7 Francoeur \u00b7 La Guinand \u00b7 La Guette \u00b7 La Charbonniere \u00b7 Les Hurpeaux \u00b7 La Coudre&nbsp;&#8230;<\/p>\n\n\n\n<p>A pr\u00e9dominance agricole, le coeur du bourg, \u00e0 proximit\u00e9 imm\u00e9diate de La Demeure d&rsquo;Othe, est constitu\u00e9 de 3 lieux : la mairie, l&rsquo;\u00e9glise et l&rsquo;\u00e9picerie. Epicerie qui propose \u00e9galement du vendredi au dimanche des plats du jour cuisin\u00e9s avec des produits frais et locaux.<\/p>\n<\/div>\n\n\n\n<div class=\"wp-block-column is-layout-flow wp-block-column-is-layout-flow\">\n<figure class=\"wp-block-image size-large\"><img loading=\"lazy\" decoding=\"async\" width=\"1024\" height=\"641\" src=\"https:\/\/lademeuredothe.family\/wp-content\/uploads\/2023\/02\/230210-La-Demeure-dOthe-dans-le-village-1024x641.png\" alt=\"\" class=\"wp-image-1123\" srcset=\"https:\/\/lademeuredothe.family\/wp-content\/uploads\/2023\/02\/230210-La-Demeure-dOthe-dans-le-village-1024x641.png 1024w, https:\/\/lademeuredothe.family\/wp-content\/uploads\/2023\/02\/230210-La-Demeure-dOthe-dans-le-village-300x188.png 300w, https:\/\/lademeuredothe.family\/wp-content\/uploads\/2023\/02\/230210-La-Demeure-dOthe-dans-le-village-768x481.png 768w, https:\/\/lademeuredothe.family\/wp-content\/uploads\/2023\/02\/230210-La-Demeure-dOthe-dans-le-village-1536x962.png 1536w, https:\/\/lademeuredothe.family\/wp-content\/uploads\/2023\/02\/230210-La-Demeure-dOthe-dans-le-village-2048x1283.png 2048w, https:\/\/lademeuredothe.family\/wp-content\/uploads\/2023\/02\/230210-La-Demeure-dOthe-dans-le-village-892x559.png 892w\" sizes=\"auto, (max-width: 1024px) 100vw, 1024px\" \/><\/figure>\n<\/div>\n<\/div>\n<\/div>\n<\/div>\n\n\n\n<p>D&rsquo;ailleurs il y a quelques mois afin de repr\u00e9senter l&rsquo;histoire, la g\u00e9ographie, les activit\u00e9s de Sormery, un blason a \u00e9t\u00e9 a adopt\u00e9 par le Conseil municipal :<\/p>\n\n\n<div class=\"wp-block-image\">\n<figure class=\"aligncenter size-full\"><img loading=\"lazy\" decoding=\"async\" width=\"447\" height=\"567\" src=\"https:\/\/lademeuredothe.family\/wp-content\/uploads\/2023\/02\/221019-Blason-Sormery-89.jpg\" alt=\"\" class=\"wp-image-1114\" srcset=\"https:\/\/lademeuredothe.family\/wp-content\/uploads\/2023\/02\/221019-Blason-Sormery-89.jpg 447w, https:\/\/lademeuredothe.family\/wp-content\/uploads\/2023\/02\/221019-Blason-Sormery-89-237x300.jpg 237w\" sizes=\"auto, (max-width: 447px) 100vw, 447px\" \/><\/figure>\n<\/div>\n\n\n<p>Pour en savoir plus sur le blason cliquez <a rel=\"noreferrer noopener\" href=\"https:\/\/lademeuredothe.family\/index.php\/le-blason-de-sormery\/\" data-type=\"page\" data-id=\"1117\" target=\"_blank\">ici<\/a><\/p>\n\n\n\n<p>A Sormey vous pourrez \u00e9galement trouver : <\/p>\n\n\n\n<div class=\"wp-block-columns is-layout-flex wp-container-core-columns-is-layout-9d6595d7 wp-block-columns-is-layout-flex\">\n<div class=\"wp-block-column is-layout-flow wp-block-column-is-layout-flow\">\n<figure class=\"wp-block-image size-full\"><img loading=\"lazy\" decoding=\"async\" width=\"406\" height=\"512\" src=\"https:\/\/lademeuredothe.family\/wp-content\/uploads\/2023\/02\/Saint-Gengoult-Statue-Equestre-sap01_mh017088_p.jpg\" alt=\"Statue \u00e9questre de Saint Gengoult dans l'\u00e9glise de Sormery\" class=\"wp-image-1166\" srcset=\"https:\/\/lademeuredothe.family\/wp-content\/uploads\/2023\/02\/Saint-Gengoult-Statue-Equestre-sap01_mh017088_p.jpg 406w, https:\/\/lademeuredothe.family\/wp-content\/uploads\/2023\/02\/Saint-Gengoult-Statue-Equestre-sap01_mh017088_p-238x300.jpg 238w\" sizes=\"auto, (max-width: 406px) 100vw, 406px\" \/><figcaption class=\"wp-element-caption\">Statue \u00e9questre de Saint Gengoult<\/figcaption><\/figure>\n<\/div>\n\n\n\n<div class=\"wp-block-column is-layout-flow wp-block-column-is-layout-flow\">\n<figure class=\"wp-block-image size-full\"><img loading=\"lazy\" decoding=\"async\" width=\"835\" height=\"560\" src=\"https:\/\/lademeuredothe.family\/wp-content\/uploads\/2023\/02\/230210-Randonnee-A-loree-du-PAys-dOthe.png\" alt=\"La randonn\u00e9e &quot;A l'or\u00e9e du Pays d'Othe&quot; qui passe au pied de La Demeure d'Othe\" class=\"wp-image-1167\" srcset=\"https:\/\/lademeuredothe.family\/wp-content\/uploads\/2023\/02\/230210-Randonnee-A-loree-du-PAys-dOthe.png 835w, https:\/\/lademeuredothe.family\/wp-content\/uploads\/2023\/02\/230210-Randonnee-A-loree-du-PAys-dOthe-300x201.png 300w, https:\/\/lademeuredothe.family\/wp-content\/uploads\/2023\/02\/230210-Randonnee-A-loree-du-PAys-dOthe-768x515.png 768w, https:\/\/lademeuredothe.family\/wp-content\/uploads\/2023\/02\/230210-Randonnee-A-loree-du-PAys-dOthe-150x100.png 150w\" sizes=\"auto, (max-width: 835px) 100vw, 835px\" \/><\/figure>\n<\/div>\n\n\n\n<div class=\"wp-block-column is-layout-flow wp-block-column-is-layout-flow\">\n<figure class=\"wp-block-image size-full\"><img loading=\"lazy\" decoding=\"async\" width=\"259\" height=\"194\" src=\"https:\/\/lademeuredothe.family\/wp-content\/uploads\/2023\/02\/Grand-Duc-index.jpg\" alt=\"Une brasserie artisanale \u00e0 Sormery \" class=\"wp-image-1170\"\/><\/figure>\n<\/div>\n<\/div>\n","protected":false},"excerpt":{"rendered":"<p>La Demeure d&rsquo;Othe est situ\u00e9e \u00e0 Sormery, un village du pays d&rsquo;Othe \u00e0 la fronti\u00e8re de l&rsquo;Yonne (Bourgogne) et de l&rsquo;Aube (Champagne-Ardennes). Cette situation g\u00e9ographique permet de profiter d&rsquo;un climat o\u00f9 la temp\u00e9rature en \u00e9t\u00e9 reste supportable et permet de profiter pleinement de la piscine. La Demeure d&rsquo;Othe est ainsi au centre de tr\u00e8s nombreuses [&hellip;]<\/p>\n","protected":false},"author":1,"featured_media":0,"parent":942,"menu_order":1,"comment_status":"closed","ping_status":"closed","template":"","meta":{"footnotes":""},"class_list":["post-1089","page","type-page","status-publish","hentry"],"_links":{"self":[{"href":"https:\/\/lademeuredothe.family\/index.php\/wp-json\/wp\/v2\/pages\/1089","targetHints":{"allow":["GET"]}}],"collection":[{"href":"https:\/\/lademeuredothe.family\/index.php\/wp-json\/wp\/v2\/pages"}],"about":[{"href":"https:\/\/lademeuredothe.family\/index.php\/wp-json\/wp\/v2\/types\/page"}],"author":[{"embeddable":true,"href":"https:\/\/lademeuredothe.family\/index.php\/wp-json\/wp\/v2\/users\/1"}],"replies":[{"embeddable":true,"href":"https:\/\/lademeuredothe.family\/index.php\/wp-json\/wp\/v2\/comments?post=1089"}],"version-history":[{"count":23,"href":"https:\/\/lademeuredothe.family\/index.php\/wp-json\/wp\/v2\/pages\/1089\/revisions"}],"predecessor-version":[{"id":2455,"href":"https:\/\/lademeuredothe.family\/index.php\/wp-json\/wp\/v2\/pages\/1089\/revisions\/2455"}],"up":[{"embeddable":true,"href":"https:\/\/lademeuredothe.family\/index.php\/wp-json\/wp\/v2\/pages\/942"}],"wp:attachment":[{"href":"https:\/\/lademeuredothe.family\/index.php\/wp-json\/wp\/v2\/media?parent=1089"}],"curies":[{"name":"wp","href":"https:\/\/api.w.org\/{rel}","templated":true}]}}