{"id":1087,"date":"2023-02-10T11:57:07","date_gmt":"2023-02-10T10:57:07","guid":{"rendered":"http:\/\/lademeuredothe.family\/?page_id=1087"},"modified":"2024-03-13T18:49:13","modified_gmt":"2024-03-13T17:49:13","slug":"chablis-les-riceys-irancy","status":"publish","type":"page","link":"https:\/\/lademeuredothe.family\/index.php\/autour-de-la-demeure-dothe\/chablis-les-riceys-irancy\/","title":{"rendered":"Chablis-Les Riceys-Irancy"},"content":{"rendered":"\n<p>Quel vin pr\u00e9f\u00e9rez vous ? Les vins rouge, les vins blancs ou, et, le Champagne.<\/p>\n\n\n\n<p>La Demeure d&rsquo;Othe est le lieu id\u00e9al pour d\u00e9couvrir, go\u00fbter et achater votre vin pr\u00e9f\u00e9r\u00e9 car situ\u00e9e \u00e0 la crois\u00e9e de 3 vignobles :<\/p>\n\n\n\n<ul class=\"wp-block-list\">\n<li>Le Chablis et son Chardonnay<\/li>\n\n\n\n<li>Le Champagne et ses Chardonnay, Pinot Noir et Pinot Meunier. Ces derniers \u00e9tant la base du ros\u00e9 des Riceys<\/li>\n\n\n\n<li>L&rsquo;Irancy et son Pinot Noir<\/li>\n<\/ul>\n\n\n\n<div class=\"wp-block-columns is-layout-flex wp-container-core-columns-is-layout-9d6595d7 wp-block-columns-is-layout-flex\">\n<div class=\"wp-block-column is-layout-flow wp-block-column-is-layout-flow\">\n<p><strong>Chablis<\/strong><\/p>\n\n\n\n<p>De Sormery, le chablisien s&rsquo;\u00e9tale de Ligny le Chatel \u00e0 Chablis. Tout au long de cette route vous trouverez de multiples producteurs qui se feront une joie de vous faire d\u00e9guster leurs <a href=\"https:\/\/www.chablis.fr\/\" data-type=\"URL\" data-id=\"https:\/\/www.chablis.fr\/\" target=\"_blank\" rel=\"noreferrer noopener\">vins de Chablis<\/a>.<\/p>\n<\/div>\n\n\n\n<div class=\"wp-block-column is-layout-flow wp-block-column-is-layout-flow\">\n<figure class=\"wp-block-image size-full\"><img loading=\"lazy\" decoding=\"async\" width=\"318\" height=\"159\" src=\"https:\/\/lademeuredothe.family\/wp-content\/uploads\/2023\/02\/chablis-Vignes-index.jpg\" alt=\"\" class=\"wp-image-1133\" srcset=\"https:\/\/lademeuredothe.family\/wp-content\/uploads\/2023\/02\/chablis-Vignes-index.jpg 318w, https:\/\/lademeuredothe.family\/wp-content\/uploads\/2023\/02\/chablis-Vignes-index-300x150.jpg 300w\" sizes=\"auto, (max-width: 318px) 100vw, 318px\" \/><\/figure>\n<\/div>\n<\/div>\n\n\n\n<p><\/p>\n\n\n\n<div class=\"wp-block-columns is-layout-flex wp-container-core-columns-is-layout-9d6595d7 wp-block-columns-is-layout-flex\">\n<div class=\"wp-block-column is-layout-flow wp-block-column-is-layout-flow\">\n<figure class=\"wp-block-image size-medium\"><img loading=\"lazy\" decoding=\"async\" width=\"300\" height=\"300\" src=\"https:\/\/lademeuredothe.family\/wp-content\/uploads\/2023\/02\/Chablis-5edf3809ed0f2_chablis-serein1-3096297-300x300.jpg\" alt=\"\" class=\"wp-image-1134\" srcset=\"https:\/\/lademeuredothe.family\/wp-content\/uploads\/2023\/02\/Chablis-5edf3809ed0f2_chablis-serein1-3096297-300x300.jpg 300w, https:\/\/lademeuredothe.family\/wp-content\/uploads\/2023\/02\/Chablis-5edf3809ed0f2_chablis-serein1-3096297-1024x1024.jpg 1024w, https:\/\/lademeuredothe.family\/wp-content\/uploads\/2023\/02\/Chablis-5edf3809ed0f2_chablis-serein1-3096297-150x150.jpg 150w, https:\/\/lademeuredothe.family\/wp-content\/uploads\/2023\/02\/Chablis-5edf3809ed0f2_chablis-serein1-3096297-768x768.jpg 768w, https:\/\/lademeuredothe.family\/wp-content\/uploads\/2023\/02\/Chablis-5edf3809ed0f2_chablis-serein1-3096297-892x892.jpg 892w, https:\/\/lademeuredothe.family\/wp-content\/uploads\/2023\/02\/Chablis-5edf3809ed0f2_chablis-serein1-3096297.jpg 1200w\" sizes=\"auto, (max-width: 300px) 100vw, 300px\" \/><\/figure>\n<\/div>\n\n\n\n<div class=\"wp-block-column is-layout-flow wp-block-column-is-layout-flow\">\n<p>Une fois arriv\u00e9e \u00e0 Chablis vous pourrez visiter la ville, longer le Serein, et le dimanche profiter du \u00ab\u00a0march\u00e9 bourguignon\u00a0\u00bb.<\/p>\n\n\n\n<p>Bien sur, arr\u00eatez dans une des caves pour y d\u00e9guster un Grand Cru, un Premier Cru, le Chablis ou un Petit Chablis.<\/p>\n<\/div>\n<\/div>\n\n\n\n<figure class=\"wp-block-image size-large\"><img loading=\"lazy\" decoding=\"async\" width=\"1024\" height=\"433\" src=\"https:\/\/lademeuredothe.family\/wp-content\/uploads\/2023\/02\/Chablis-Les-appellations-des-vins-de-Chablis-1024x433.png\" alt=\"\" class=\"wp-image-1135\" srcset=\"https:\/\/lademeuredothe.family\/wp-content\/uploads\/2023\/02\/Chablis-Les-appellations-des-vins-de-Chablis-1024x433.png 1024w, https:\/\/lademeuredothe.family\/wp-content\/uploads\/2023\/02\/Chablis-Les-appellations-des-vins-de-Chablis-300x127.png 300w, https:\/\/lademeuredothe.family\/wp-content\/uploads\/2023\/02\/Chablis-Les-appellations-des-vins-de-Chablis-768x325.png 768w, https:\/\/lademeuredothe.family\/wp-content\/uploads\/2023\/02\/Chablis-Les-appellations-des-vins-de-Chablis-892x377.png 892w, https:\/\/lademeuredothe.family\/wp-content\/uploads\/2023\/02\/Chablis-Les-appellations-des-vins-de-Chablis.png 1518w\" sizes=\"auto, (max-width: 1024px) 100vw, 1024px\" \/><\/figure>\n\n\n\n<p><\/p>\n\n\n\n<p><strong>Le Champagne<\/strong><\/p>\n\n\n\n<p>De Sormery la Cote des Bar est \u00e0 deux pas. La Cote des Bar pour Bar sur Aube et Bar sur Seine. <\/p>\n\n\n\n<div class=\"wp-block-columns is-layout-flex wp-container-core-columns-is-layout-9d6595d7 wp-block-columns-is-layout-flex\">\n<div class=\"wp-block-column is-layout-flow wp-block-column-is-layout-flow\">\n<figure class=\"wp-block-image size-large\"><img loading=\"lazy\" decoding=\"async\" width=\"1024\" height=\"768\" src=\"https:\/\/lademeuredothe.family\/wp-content\/uploads\/2023\/02\/Bouteille_champagne_celles_sur_ource-1024x768.jpg\" alt=\"\" class=\"wp-image-1136\" srcset=\"https:\/\/lademeuredothe.family\/wp-content\/uploads\/2023\/02\/Bouteille_champagne_celles_sur_ource-1024x768.jpg 1024w, https:\/\/lademeuredothe.family\/wp-content\/uploads\/2023\/02\/Bouteille_champagne_celles_sur_ource-300x225.jpg 300w, https:\/\/lademeuredothe.family\/wp-content\/uploads\/2023\/02\/Bouteille_champagne_celles_sur_ource-768x576.jpg 768w, https:\/\/lademeuredothe.family\/wp-content\/uploads\/2023\/02\/Bouteille_champagne_celles_sur_ource-1536x1152.jpg 1536w, https:\/\/lademeuredothe.family\/wp-content\/uploads\/2023\/02\/Bouteille_champagne_celles_sur_ource-2048x1536.jpg 2048w, https:\/\/lademeuredothe.family\/wp-content\/uploads\/2023\/02\/Bouteille_champagne_celles_sur_ource-892x669.jpg 892w\" sizes=\"auto, (max-width: 1024px) 100vw, 1024px\" \/><\/figure>\n<\/div>\n\n\n\n<div class=\"wp-block-column is-layout-flow wp-block-column-is-layout-flow\">\n<p>Quelques kilom\u00e8tres apr\u00e8s Bar sur Seine, vous arriverez sur la gauche \u00e0 la Celle sur Ource et sur la droite aux Riceys.<\/p>\n<\/div>\n\n\n\n<div class=\"wp-block-column is-layout-flow wp-block-column-is-layout-flow\">\n<figure class=\"wp-block-image size-full\"><img loading=\"lazy\" decoding=\"async\" width=\"900\" height=\"506\" src=\"https:\/\/lademeuredothe.family\/wp-content\/uploads\/2023\/02\/Les-Riceys-chateau-riceys-4-1.jpg\" alt=\"\" class=\"wp-image-1137\" srcset=\"https:\/\/lademeuredothe.family\/wp-content\/uploads\/2023\/02\/Les-Riceys-chateau-riceys-4-1.jpg 900w, https:\/\/lademeuredothe.family\/wp-content\/uploads\/2023\/02\/Les-Riceys-chateau-riceys-4-1-300x169.jpg 300w, https:\/\/lademeuredothe.family\/wp-content\/uploads\/2023\/02\/Les-Riceys-chateau-riceys-4-1-768x432.jpg 768w, https:\/\/lademeuredothe.family\/wp-content\/uploads\/2023\/02\/Les-Riceys-chateau-riceys-4-1-892x502.jpg 892w\" sizes=\"auto, (max-width: 900px) 100vw, 900px\" \/><\/figure>\n<\/div>\n<\/div>\n\n\n<div class=\"wp-block-image\">\n<figure class=\"aligncenter size-full\"><img loading=\"lazy\" decoding=\"async\" width=\"733\" height=\"426\" src=\"https:\/\/lademeuredothe.family\/wp-content\/uploads\/2023\/02\/cotedesbar.jpg\" alt=\"\" class=\"wp-image-1138\" srcset=\"https:\/\/lademeuredothe.family\/wp-content\/uploads\/2023\/02\/cotedesbar.jpg 733w, https:\/\/lademeuredothe.family\/wp-content\/uploads\/2023\/02\/cotedesbar-300x174.jpg 300w\" sizes=\"auto, (max-width: 733px) 100vw, 733px\" \/><\/figure>\n<\/div>\n\n\n<p>De nombreux producteurs de champagnes vous permettront de d\u00e9couvrir leurs bulles du Blanc de Blanc (100% Chardonnay) au Blanc de noir (100% Pinot noir avec ou sans Pinot Meunier).<\/p>\n\n\n\n<p>Et bien sur vous trouverez aux Riceys le fameux <a href=\"https:\/\/www.rosedesriceys.fr\/\" data-type=\"URL\" data-id=\"https:\/\/www.rosedesriceys.fr\/\" target=\"_blank\" rel=\"noreferrer noopener\">Ros\u00e9 des Riceys<\/a>.<\/p>\n\n\n\n<p><\/p>\n\n\n\n<p><strong>Irancy<\/strong><\/p>\n\n\n\n<div class=\"wp-block-columns is-layout-flex wp-container-core-columns-is-layout-9d6595d7 wp-block-columns-is-layout-flex\">\n<div class=\"wp-block-column is-layout-flow wp-block-column-is-layout-flow\">\n<p>Au sud d&rsquo;Auxerre, en longeant l&rsquo;Yonne, vous pourrez d\u00e9couvrir l&rsquo;Irancy, un vin rouge  issu du c\u00e9page Pinot Noir dans lequel peut entrer dans sa composition le c\u00e9page c\u00e9sar.<\/p>\n\n\n\n<p>A l&rsquo;aller ou au retour arr\u00eatez vous \u00e0 la cave de <a rel=\"noreferrer noopener\" href=\"http:\/\/www.bailly-lapierre.fr\/\" data-type=\"URL\" data-id=\"http:\/\/www.bailly-lapierre.fr\/\" target=\"_blank\">Bailly Lapierre <\/a>\u00e0 Saint-Bris-le-Vineux. Vous pourrez y d\u00e9guster l&rsquo;Irancy, l&rsquo;AOC Cr\u00e9mant de Bourgogne et visiter la cave situ\u00e9e dans une carri\u00e8re de pierre souterraine.<\/p>\n<\/div>\n\n\n\n<div class=\"wp-block-column is-layout-flow wp-block-column-is-layout-flow\">\n<figure class=\"wp-block-image size-full\"><img loading=\"lazy\" decoding=\"async\" width=\"452\" height=\"452\" src=\"https:\/\/lademeuredothe.family\/wp-content\/uploads\/2023\/02\/irancy.jpg\" alt=\"\" class=\"wp-image-1139\" srcset=\"https:\/\/lademeuredothe.family\/wp-content\/uploads\/2023\/02\/irancy.jpg 452w, https:\/\/lademeuredothe.family\/wp-content\/uploads\/2023\/02\/irancy-300x300.jpg 300w, https:\/\/lademeuredothe.family\/wp-content\/uploads\/2023\/02\/irancy-150x150.jpg 150w\" sizes=\"auto, (max-width: 452px) 100vw, 452px\" \/><\/figure>\n<\/div>\n<\/div>\n\n\n\n<p> <\/p>\n\n\n\n<p><\/p>\n","protected":false},"excerpt":{"rendered":"<p>Quel vin pr\u00e9f\u00e9rez vous ? Les vins rouge, les vins blancs ou, et, le Champagne. La Demeure d&rsquo;Othe est le lieu id\u00e9al pour d\u00e9couvrir, go\u00fbter et achater votre vin pr\u00e9f\u00e9r\u00e9 car situ\u00e9e \u00e0 la crois\u00e9e de 3 vignobles : Chablis De Sormery, le chablisien s&rsquo;\u00e9tale de Ligny le Chatel \u00e0 Chablis. Tout au long de [&hellip;]<\/p>\n","protected":false},"author":1,"featured_media":0,"parent":942,"menu_order":2,"comment_status":"closed","ping_status":"closed","template":"","meta":{"footnotes":""},"class_list":["post-1087","page","type-page","status-publish","hentry"],"_links":{"self":[{"href":"https:\/\/lademeuredothe.family\/index.php\/wp-json\/wp\/v2\/pages\/1087","targetHints":{"allow":["GET"]}}],"collection":[{"href":"https:\/\/lademeuredothe.family\/index.php\/wp-json\/wp\/v2\/pages"}],"about":[{"href":"https:\/\/lademeuredothe.family\/index.php\/wp-json\/wp\/v2\/types\/page"}],"author":[{"embeddable":true,"href":"https:\/\/lademeuredothe.family\/index.php\/wp-json\/wp\/v2\/users\/1"}],"replies":[{"embeddable":true,"href":"https:\/\/lademeuredothe.family\/index.php\/wp-json\/wp\/v2\/comments?post=1087"}],"version-history":[{"count":3,"href":"https:\/\/lademeuredothe.family\/index.php\/wp-json\/wp\/v2\/pages\/1087\/revisions"}],"predecessor-version":[{"id":2320,"href":"https:\/\/lademeuredothe.family\/index.php\/wp-json\/wp\/v2\/pages\/1087\/revisions\/2320"}],"up":[{"embeddable":true,"href":"https:\/\/lademeuredothe.family\/index.php\/wp-json\/wp\/v2\/pages\/942"}],"wp:attachment":[{"href":"https:\/\/lademeuredothe.family\/index.php\/wp-json\/wp\/v2\/media?parent=1087"}],"curies":[{"name":"wp","href":"https:\/\/api.w.org\/{rel}","templated":true}]}}