{"id":1082,"date":"2023-02-10T11:20:36","date_gmt":"2023-02-10T10:20:36","guid":{"rendered":"http:\/\/lademeuredothe.family\/?page_id=1082"},"modified":"2023-10-12T14:05:21","modified_gmt":"2023-10-12T12:05:21","slug":"venir-chez-nous","status":"publish","type":"page","link":"https:\/\/lademeuredothe.family\/index.php\/contact\/venir-chez-nous\/","title":{"rendered":"Venir chez nous"},"content":{"rendered":"\n<p>Sormery se situe entre Troyes (A5) et Auxerre (A6).<\/p>\n\n\n\n<p>Aussi pouvez vous utiliser ces autoroutes puis :<\/p>\n\n\n\n<ul class=\"wp-block-list\">\n<li>sur l&rsquo;A5 en provenance de l&rsquo;ouest utiliser la sortie <img loading=\"lazy\" decoding=\"async\" srcset=\"\/\/upload.wikimedia.org\/wikipedia\/commons\/thumb\/3\/3f\/Sinnbild_Autobahnausfahrt.svg\/23px-Sinnbild_Autobahnausfahrt.svg.png 1.5x, \/\/upload.wikimedia.org\/wikipedia\/commons\/thumb\/3\/3f\/Sinnbild_Autobahnausfahrt.svg\/30px-Sinnbild_Autobahnausfahrt.svg.png 2x\" src=\"https:\/\/upload.wikimedia.org\/wikipedia\/commons\/thumb\/3\/3f\/Sinnbild_Autobahnausfahrt.svg\/15px-Sinnbild_Autobahnausfahrt.svg.png\" alt=\"Sortie\" width=\"15\" height=\"11\"><strong>19<\/strong> <a href=\"https:\/\/fr.wikipedia.org\/wiki\/Villeneuve-l%27Archev%C3%AAque\">Villeneuve-l&rsquo;Archev\u00eaque<\/a>, <a href=\"https:\/\/fr.wikipedia.org\/wiki\/Saint-Florentin_(Yonne)\">Saint-Florentin<\/a>, <a href=\"https:\/\/fr.wikipedia.org\/wiki\/Aix-en-Othe\">Aix-en-Othe<\/a>. Suivez alors Saint Florentin (par la D660 puis la D54) puis Boeurs en Othe et enfin Sormery. A partir de Vulaines et jusque Sormery, vous serez alors sur des petites routes de campagnes pendant 20 \u00e0 25 minutes.<\/li>\n\n\n\n<li>sur l&rsquo;A5 en provenance de l&rsquo;est utiliser la sortie <img loading=\"lazy\" decoding=\"async\" srcset=\"\/\/upload.wikimedia.org\/wikipedia\/commons\/thumb\/3\/3f\/Sinnbild_Autobahnausfahrt.svg\/23px-Sinnbild_Autobahnausfahrt.svg.png 1.5x, \/\/upload.wikimedia.org\/wikipedia\/commons\/thumb\/3\/3f\/Sinnbild_Autobahnausfahrt.svg\/30px-Sinnbild_Autobahnausfahrt.svg.png 2x\" src=\"https:\/\/upload.wikimedia.org\/wikipedia\/commons\/thumb\/3\/3f\/Sinnbild_Autobahnausfahrt.svg\/15px-Sinnbild_Autobahnausfahrt.svg.png\" alt=\"Sortie\" width=\"15\" height=\"11\"><strong>21<\/strong> <a href=\"https:\/\/fr.wikipedia.org\/wiki\/Tonnerre\">Tonnerre<\/a>, <a href=\"https:\/\/fr.wikipedia.org\/wiki\/Saint-Julien-les-Villas\">Saint-Julien-les-Villas<\/a>. Suivez Auxerre jusque Neuvy Sautour (par la N77) o\u00f9 vous trouverez l&#8217;embranchement pour Sormery (par la D152).<\/li>\n\n\n\n<li>sur l&rsquo;A6 en provenance du nord utiliser la sortie <img loading=\"lazy\" decoding=\"async\" srcset=\"\/\/upload.wikimedia.org\/wikipedia\/commons\/thumb\/3\/3f\/Sinnbild_Autobahnausfahrt.svg\/23px-Sinnbild_Autobahnausfahrt.svg.png 1.5x, \/\/upload.wikimedia.org\/wikipedia\/commons\/thumb\/3\/3f\/Sinnbild_Autobahnausfahrt.svg\/30px-Sinnbild_Autobahnausfahrt.svg.png 2x\" src=\"https:\/\/upload.wikimedia.org\/wikipedia\/commons\/thumb\/3\/3f\/Sinnbild_Autobahnausfahrt.svg\/15px-Sinnbild_Autobahnausfahrt.svg.png\" alt=\"Sortie\" width=\"15\" height=\"11\"><strong>19<\/strong>&nbsp;: <a href=\"https:\/\/fr.wikipedia.org\/wiki\/Auxerre\">Auxerre<\/a>-nord, <a href=\"https:\/\/fr.wikipedia.org\/wiki\/Route_nationale_6_(France_m%C3%A9tropolitaine)\">RN 6<\/a>. Suivez la N6 puis Troyes par la N77. A Neuvy Sautour (sur la N77) vous trouverez l&#8217;embranchement pour Sormery (par la D152).<\/li>\n\n\n\n<li>sur l&rsquo;A6 en provenance du sud utiliser la sortie <img loading=\"lazy\" decoding=\"async\" srcset=\"\/\/upload.wikimedia.org\/wikipedia\/commons\/thumb\/3\/3f\/Sinnbild_Autobahnausfahrt.svg\/23px-Sinnbild_Autobahnausfahrt.svg.png 1.5x, \/\/upload.wikimedia.org\/wikipedia\/commons\/thumb\/3\/3f\/Sinnbild_Autobahnausfahrt.svg\/30px-Sinnbild_Autobahnausfahrt.svg.png 2x\" src=\"https:\/\/upload.wikimedia.org\/wikipedia\/commons\/thumb\/3\/3f\/Sinnbild_Autobahnausfahrt.svg\/15px-Sinnbild_Autobahnausfahrt.svg.png\" alt=\"Sortie\" width=\"15\" height=\"11\"><strong>21<\/strong> : <a href=\"https:\/\/fr.wikipedia.org\/wiki\/Nitry\">Nitry<\/a>, <a href=\"https:\/\/fr.wikipedia.org\/wiki\/Chablis_(Yonne)\">Chablis<\/a> et suivez Chablis, puis Ligny le Chatel (D91) puis Saint Florentin (N77). A Neuvy Sautour (sur la N77) vous trouverez l&#8217;embranchement pour Sormery.<\/li>\n<\/ul>\n\n\n\n<p>Une fois arriv\u00e9 dans Sormery, La Demeure d&rsquo;Othe est situ\u00e9e derri\u00e8re l&rsquo;\u00e9glise :<\/p>\n\n\n<div class=\"wp-block-image\">\n<figure class=\"aligncenter size-large\"><img loading=\"lazy\" decoding=\"async\" width=\"1024\" height=\"576\" src=\"https:\/\/lademeuredothe.family\/wp-content\/uploads\/2023\/02\/221024-Photo-Demeure-Othe-vu-den-haut-1024x576.png\" alt=\"\" class=\"wp-image-1108\" srcset=\"https:\/\/lademeuredothe.family\/wp-content\/uploads\/2023\/02\/221024-Photo-Demeure-Othe-vu-den-haut-1024x576.png 1024w, https:\/\/lademeuredothe.family\/wp-content\/uploads\/2023\/02\/221024-Photo-Demeure-Othe-vu-den-haut-300x169.png 300w, https:\/\/lademeuredothe.family\/wp-content\/uploads\/2023\/02\/221024-Photo-Demeure-Othe-vu-den-haut-768x432.png 768w, https:\/\/lademeuredothe.family\/wp-content\/uploads\/2023\/02\/221024-Photo-Demeure-Othe-vu-den-haut-892x502.png 892w, https:\/\/lademeuredothe.family\/wp-content\/uploads\/2023\/02\/221024-Photo-Demeure-Othe-vu-den-haut.png 1280w\" sizes=\"auto, (max-width: 1024px) 100vw, 1024px\" \/><\/figure>\n<\/div>\n\n\n<p>Vous \u00eates arriv\u00e9s :<\/p>\n\n\n<div class=\"wp-block-image\">\n<figure class=\"aligncenter size-medium\"><img loading=\"lazy\" decoding=\"async\" width=\"300\" height=\"139\" src=\"https:\/\/lademeuredothe.family\/wp-content\/uploads\/2023\/10\/230616-CS-Photo-plaque-300x139.jpg\" alt=\"\" class=\"wp-image-1929\" srcset=\"https:\/\/lademeuredothe.family\/wp-content\/uploads\/2023\/10\/230616-CS-Photo-plaque-300x139.jpg 300w, https:\/\/lademeuredothe.family\/wp-content\/uploads\/2023\/10\/230616-CS-Photo-plaque-1024x473.jpg 1024w, https:\/\/lademeuredothe.family\/wp-content\/uploads\/2023\/10\/230616-CS-Photo-plaque-768x355.jpg 768w, https:\/\/lademeuredothe.family\/wp-content\/uploads\/2023\/10\/230616-CS-Photo-plaque-1536x710.jpg 1536w, https:\/\/lademeuredothe.family\/wp-content\/uploads\/2023\/10\/230616-CS-Photo-plaque-892x412.jpg 892w, https:\/\/lademeuredothe.family\/wp-content\/uploads\/2023\/10\/230616-CS-Photo-plaque.jpg 2000w\" sizes=\"auto, (max-width: 300px) 100vw, 300px\" \/><figcaption class=\"wp-element-caption\">Bienvenu \u00e0 La Demeure d&rsquo;Othe<\/figcaption><\/figure>\n<\/div>\n\n\n<p>Vous pourrez d\u00e9charger vos baggages dans la cour int\u00e9rieure de La Demeure d&rsquo;Othe puis garer votre v\u00e9hicule autour de l&rsquo;\u00e9glise ou autour de la Demeure d&rsquo;Othe.<\/p>\n","protected":false},"excerpt":{"rendered":"<p>Sormery se situe entre Troyes (A5) et Auxerre (A6). Aussi pouvez vous utiliser ces autoroutes puis : Une fois arriv\u00e9 dans Sormery, La Demeure d&rsquo;Othe est situ\u00e9e derri\u00e8re l&rsquo;\u00e9glise : Vous \u00eates arriv\u00e9s : Vous pourrez d\u00e9charger vos baggages dans la cour int\u00e9rieure de La Demeure d&rsquo;Othe puis garer votre v\u00e9hicule autour de l&rsquo;\u00e9glise ou [&hellip;]<\/p>\n","protected":false},"author":1,"featured_media":0,"parent":1015,"menu_order":2,"comment_status":"closed","ping_status":"closed","template":"","meta":{"footnotes":""},"class_list":["post-1082","page","type-page","status-publish","hentry"],"_links":{"self":[{"href":"https:\/\/lademeuredothe.family\/index.php\/wp-json\/wp\/v2\/pages\/1082","targetHints":{"allow":["GET"]}}],"collection":[{"href":"https:\/\/lademeuredothe.family\/index.php\/wp-json\/wp\/v2\/pages"}],"about":[{"href":"https:\/\/lademeuredothe.family\/index.php\/wp-json\/wp\/v2\/types\/page"}],"author":[{"embeddable":true,"href":"https:\/\/lademeuredothe.family\/index.php\/wp-json\/wp\/v2\/users\/1"}],"replies":[{"embeddable":true,"href":"https:\/\/lademeuredothe.family\/index.php\/wp-json\/wp\/v2\/comments?post=1082"}],"version-history":[{"count":6,"href":"https:\/\/lademeuredothe.family\/index.php\/wp-json\/wp\/v2\/pages\/1082\/revisions"}],"predecessor-version":[{"id":1939,"href":"https:\/\/lademeuredothe.family\/index.php\/wp-json\/wp\/v2\/pages\/1082\/revisions\/1939"}],"up":[{"embeddable":true,"href":"https:\/\/lademeuredothe.family\/index.php\/wp-json\/wp\/v2\/pages\/1015"}],"wp:attachment":[{"href":"https:\/\/lademeuredothe.family\/index.php\/wp-json\/wp\/v2\/media?parent=1082"}],"curies":[{"name":"wp","href":"https:\/\/api.w.org\/{rel}","templated":true}]}}